{"id":6556,"date":"2024-04-16T19:56:42","date_gmt":"2024-04-16T17:56:42","guid":{"rendered":"https:\/\/dharanastyle.com\/tienda\/sin%20categor\u00eda\/sujetador-deportivo-con-relleno-extraible-aguas-azul\/"},"modified":"2024-07-21T12:20:07","modified_gmt":"2024-07-21T10:20:07","slug":"sujetador-deportivo-con-relleno-extraible-aguas-azul","status":"publish","type":"product","link":"https:\/\/www.dharanastyle.com\/ca\/tienda\/conjuntos\/sujetador-deportivo-con-relleno-extraible-aguas-azul\/","title":{"rendered":"Sostenidor esportiu amb disseny aig\u00fces blaves."},"content":{"rendered":"<p>Fes que el teu entrenament sigui encara m\u00e9s emocionant amb el nostre top esportiu de coll rod\u00f3 i farcit extra\u00efble, dissenyat per brindar-te el m\u00e0xim confort i estil. Amb el mateix estampat vibrant d&#039;aig\u00fces blaves i detalls ataronjats que els nostres pantalons curts de ioga, aquest top complementar\u00e0 perfectament el teu conjunt esportiu i et far\u00e0 destacar al gimn\u00e0s oa qualsevol activitat a l&#039;aire lliure.<\/p>\n<p>La cintura alta dels nostres pantalons curts es combina a la perfecci\u00f3 amb l&#039;ajust favorable d&#039;aquest top esportiu, oferint-te un look coordinat i modern. El coll rod\u00f3 proporciona un ajustament c\u00f2mode i segur, mentre que el farciment extra\u00efble permet personalitzar el nivell de suport segons les teves necessitats.<\/p>\n<p>Ja sigui que estiguis corrent, practicant ioga o simplement gaudint del teu dia a dia actiu, el nostre top esportiu et mantindr\u00e0 c\u00f2moda i segura a cada moviment. Atreveix-te a destacar amb estil i funcionalitat a la teva propera sessi\u00f3 d&#039;entrenament!<\/p>\n<p>Aquest fabul\u00f3s sostenidor esportiu est\u00e0 confeccionat amb material transpirable que es mant\u00e9 sec a les sessions de gimn\u00e0s de baixa a mitjana intensitat. La pe\u00e7a compta amb un material de subjecci\u00f3 als tirants, frontal de doble capa i una banda el\u00e0stica al baix que asseguren una subjecci\u00f3 constant.<\/p>\n<p>\u2022 82% poli\u00e8ster, 18% elast\u00e0<br \/>\n\u2022 Pes del teixit: 230 g\/m\u00b2 (6,78 oz\/id\u00b2), el pes podria variar en un 5%<br \/>\n\u2022 Teixit transpirable<br \/>\n\u2022 Tela el\u00e0stica en 4 adreces que s&#039;estira i es recupera als fils de la trama i de l&#039;ordit<br \/>\n\u2022 Escot rod\u00f3 i esquena nedadora<br \/>\n\u2022 Costures planes i acabat amb biaixos que eviten el fregament<br \/>\n\u2022 Ideal per a copes AC<br \/>\n\u2022 Material de subjecci\u00f3 als tirants, frontal de doble capa i una banda el\u00e0stica al baix<\/p>","protected":false},"excerpt":{"rendered":"<p>Haz que tu entrenamiento sea a\u00fan m\u00e1s emocionante con nuestro top deportivo de cuello redondo y relleno extra\u00edble, dise\u00f1ado para brindarte el m\u00e1ximo confort y estilo. Con el mismo estampado&#8230;<\/p>","protected":false},"featured_media":6565,"comment_status":"open","ping_status":"closed","template":"","meta":{"jetpack_post_was_ever_published":false,"jetpack_publicize_message":"","jetpack_publicize_feature_enabled":true,"jetpack_social_post_already_shared":true,"jetpack_social_options":{"image_generator_settings":{"template":"highway","enabled":false},"version":2}},"product_cat":[191,15],"product_tag":[271,287,297,285,298,299,267,268,264,286,272,290,222,266,269],"class_list":{"0":"post-6556","1":"product","2":"type-product","3":"status-publish","4":"has-post-thumbnail","6":"product_cat-tops","7":"product_cat-conjuntos","8":"product_tag-activewear","9":"product_tag-cuello-redondo","10":"product_tag-diseno-como-agus","11":"product_tag-elastico","12":"product_tag-fondo-azul","13":"product_tag-lineas-naranjas","14":"product_tag-moda-deportiva","15":"product_tag-ropa-comoda-para-ejercicio","16":"product_tag-ropa-de-entrenamiento","17":"product_tag-tirantes","18":"product_tag-top-casual-deportivo","19":"product_tag-top-de-gimnasio","20":"product_tag-top-deportivo","21":"product_tag-top-fitness","22":"product_tag-top-transpirable","24":"first","25":"instock","26":"taxable","27":"shipping-taxable","28":"purchasable","29":"product-type-variable"},"jetpack_publicize_connections":[],"aioseo_notices":[],"jetpack_sharing_enabled":true,"_links":{"self":[{"href":"https:\/\/www.dharanastyle.com\/ca\/wp-json\/wp\/v2\/product\/6556","targetHints":{"allow":["GET"]}}],"collection":[{"href":"https:\/\/www.dharanastyle.com\/ca\/wp-json\/wp\/v2\/product"}],"about":[{"href":"https:\/\/www.dharanastyle.com\/ca\/wp-json\/wp\/v2\/types\/product"}],"replies":[{"embeddable":true,"href":"https:\/\/www.dharanastyle.com\/ca\/wp-json\/wp\/v2\/comments?post=6556"}],"wp:featuredmedia":[{"embeddable":true,"href":"https:\/\/www.dharanastyle.com\/ca\/wp-json\/wp\/v2\/media\/6565"}],"wp:attachment":[{"href":"https:\/\/www.dharanastyle.com\/ca\/wp-json\/wp\/v2\/media?parent=6556"}],"wp:term":[{"taxonomy":"product_cat","embeddable":true,"href":"https:\/\/www.dharanastyle.com\/ca\/wp-json\/wp\/v2\/product_cat?post=6556"},{"taxonomy":"product_tag","embeddable":true,"href":"https:\/\/www.dharanastyle.com\/ca\/wp-json\/wp\/v2\/product_tag?post=6556"}],"curies":[{"name":"wp","href":"https:\/\/api.w.org\/{rel}","templated":true}]}}