{"id":6491,"date":"2024-04-14T20:22:38","date_gmt":"2024-04-14T18:22:38","guid":{"rendered":"https:\/\/dharanastyle.com\/tienda\/sin%20categor\u00eda\/vestido-ajustado-rombos-negro-y-dorado\/"},"modified":"2024-04-14T20:23:58","modified_gmt":"2024-04-14T18:23:58","slug":"vestido-ajustado-rombos-negro-y-dorado","status":"publish","type":"product","link":"https:\/\/www.dharanastyle.com\/ca\/tienda\/vestido-mujer\/vestido-ajustado-rombos-negro-y-dorado\/","title":{"rendered":"Vestit ajustat rombes negre i daurat."},"content":{"rendered":"<p>Enlluerna amb el nostre vestit envoltant de tirants, coll rod\u00f3, en un sofisticat color negre adornat amb un elegant patr\u00f3 de rombes daurats. Aquest vestit combina l\u00b4encant atemporal del negre amb el luxe dels rombes daurats, oferint un estil exquisit i una gran comoditat en cada ocasi\u00f3.<\/p>\n<p>Confeccionat amb teixits d&#039;alta qualitat, aquest vestit envolupant proporciona un ajustament cenyit i afavoridor que real\u00e7a la teva figura mentre et brinda la llibertat de moviment que necessites. El patr\u00f3 de rombes daurats afegeix un toc de brillantor i glamour, convertint aquest vestit en lelecci\u00f3 perfecta per als teus esdeveniments m\u00e9s especials.<\/p>\n<p>El disseny envoltant garanteix una silueta elegant i femenina, mentre que els tirants i el coll rod\u00f3 ofereixen un estil cl\u00e0ssic i vers\u00e0til. Ja sigui que el facis servir per a un sopar rom\u00e0ntic, una festa o una ocasi\u00f3 especial, aquest vestit et far\u00e0 destacar amb un encant inigualable.<\/p>\n<p>Fes una declaraci\u00f3 d&#039;estil i eleg\u00e0ncia amb el nostre vestit envoltant de tirants, coll rod\u00f3, de color negre amb un patr\u00f3 de rombes daurats. Fes la teva comanda avui mateix i enlluerna a cada moment amb aquest sofisticat vestit!<\/p>\n<p>\u2022 82% poli\u00e8ster, 18% elast\u00e0 <br \/>\n\u2022 Pes del teixit: 230 g\/m\u00b2 (6,78 oz\/id\u00b2), el pes podria variar en un 5%<br \/>\n\u2022 Fabricat amb fil de microfibra suau i agradable al tacte<br \/>\n\u2022 Teixit que s&#039;estira en quatre adreces<br \/>\n\u2022 Components del producte base procedents de la Xina<\/p>","protected":false},"excerpt":{"rendered":"<p>Deslumbra con nuestro vestido envolvente de tirantes, cuello redondo, en un sofisticado color negro adornado con un elegante patr\u00f3n de rombos dorados. Este vestido combina el encanto atemporal del negro&#8230;<\/p>","protected":false},"featured_media":6499,"comment_status":"open","ping_status":"closed","template":"","meta":{"jetpack_post_was_ever_published":false,"jetpack_publicize_message":"","jetpack_publicize_feature_enabled":true,"jetpack_social_post_already_shared":true,"jetpack_social_options":{"image_generator_settings":{"template":"highway","enabled":false},"version":2}},"product_cat":[187],"product_tag":[],"class_list":{"0":"post-6491","1":"product","2":"type-product","3":"status-publish","4":"has-post-thumbnail","6":"product_cat-vestido-mujer","8":"first","9":"instock","10":"taxable","11":"shipping-taxable","12":"purchasable","13":"product-type-variable"},"jetpack_publicize_connections":[],"aioseo_notices":[],"jetpack_sharing_enabled":true,"_links":{"self":[{"href":"https:\/\/www.dharanastyle.com\/ca\/wp-json\/wp\/v2\/product\/6491","targetHints":{"allow":["GET"]}}],"collection":[{"href":"https:\/\/www.dharanastyle.com\/ca\/wp-json\/wp\/v2\/product"}],"about":[{"href":"https:\/\/www.dharanastyle.com\/ca\/wp-json\/wp\/v2\/types\/product"}],"replies":[{"embeddable":true,"href":"https:\/\/www.dharanastyle.com\/ca\/wp-json\/wp\/v2\/comments?post=6491"}],"wp:featuredmedia":[{"embeddable":true,"href":"https:\/\/www.dharanastyle.com\/ca\/wp-json\/wp\/v2\/media\/6499"}],"wp:attachment":[{"href":"https:\/\/www.dharanastyle.com\/ca\/wp-json\/wp\/v2\/media?parent=6491"}],"wp:term":[{"taxonomy":"product_cat","embeddable":true,"href":"https:\/\/www.dharanastyle.com\/ca\/wp-json\/wp\/v2\/product_cat?post=6491"},{"taxonomy":"product_tag","embeddable":true,"href":"https:\/\/www.dharanastyle.com\/ca\/wp-json\/wp\/v2\/product_tag?post=6491"}],"curies":[{"name":"wp","href":"https:\/\/api.w.org\/{rel}","templated":true}]}}