{"id":6467,"date":"2024-04-14T20:07:01","date_gmt":"2024-04-14T18:07:01","guid":{"rendered":"https:\/\/dharanastyle.com\/tienda\/sin%20categor\u00eda\/sujetador-deportivo-con-relleno-extraible-mandala-negro\/"},"modified":"2024-07-21T12:24:16","modified_gmt":"2024-07-21T10:24:16","slug":"sujetador-deportivo-con-relleno-extraible-mandala-negro","status":"publish","type":"product","link":"https:\/\/www.dharanastyle.com\/ca\/tienda\/conjuntos\/sujetador-deportivo-con-relleno-extraible-mandala-negro\/","title":{"rendered":"Sostenidor esportiu, mandala negre."},"content":{"rendered":"<p>Submergeix-te en la serenitat i l&#039;equilibri amb el nostre top esportiu, adornat amb un delicat dibuix de mandala sobre un fons negre intens. Aquest top fusiona l&#039;eleg\u00e0ncia del disseny amb la profunditat espiritual dels mandales, oferint-te una pe\u00e7a \u00fanica que elevar\u00e0 les teves pr\u00e0ctiques esportives.<\/p>\n<p>Confeccionat amb teixits transpirables d&#039;alta qualitat, aquest top ofereix un ajustament cenyit i c\u00f2mode que s&#039;adapta al teu cos a cada moviment. El seu subtil dibuix de mandala sobre un fons negre crea una atmosfera de calma i concentraci\u00f3, inspirant-te a assolir la plenitud als teus entrenaments.<\/p>\n<p>El simbolisme dels mandales us acompanyar\u00e0 en la vostra recerca de l&#039;harmonia interior i la connexi\u00f3 ment-cos durant les vostres activitats esportives. Ja sigui que el facis servir per a ioga, pilates o qualsevol altra disciplina, aquest top et recordar\u00e0 la import\u00e0ncia de cultivar la pau interior mentre et mous.<\/p>\n<p>Feu una declaraci\u00f3 d&#039;estil i espiritualitat amb el nostre top esportiu amb dibuix subtil de mandala sobre un fons negre. Fes la teva comanda avui mateix i porta amb tu la serenitat i l&#039;equilibri a cada pr\u00e0ctica esportiva!<\/p>\n<p>\u2022 82% poli\u00e8ster, 18% elast\u00e0<br \/>\n\u2022 Pes del teixit: 230 g\/m\u00b2 (6,78 oz\/id\u00b2), el pes podria variar en un 5%<br \/>\n\u2022 Teixit transpirable<br \/>\n\u2022 Tela el\u00e0stica en 4 adreces que s&#039;estira i es recupera als fils de la trama i de l&#039;ordit<br \/>\n\u2022 Escot rod\u00f3 i esquena nedadora<br \/>\n\u2022 Costures planes i acabat amb biaixos que eviten el fregament<br \/>\n\u2022 Ideal per a copes AC<br \/>\n\u2022 Material de subjecci\u00f3 als tirants, frontal de doble capa i una banda el\u00e0stica al baix<\/p>","protected":false},"excerpt":{"rendered":"<p>Sum\u00e9rgete en la serenidad y el equilibrio con nuestro top deportivo, adornado con un delicado dibujo de mandala sobre un fondo negro intenso. Este top fusiona la elegancia del dise\u00f1o&#8230;<\/p>","protected":false},"featured_media":6482,"comment_status":"open","ping_status":"closed","template":"","meta":{"jetpack_post_was_ever_published":false,"jetpack_publicize_message":"","jetpack_publicize_feature_enabled":true,"jetpack_social_post_already_shared":true,"jetpack_social_options":{"image_generator_settings":{"template":"highway","enabled":false},"version":2}},"product_cat":[191,15],"product_tag":[271,287,301,285,300,302,267,268,264,286,272,290,222,266,303,269],"class_list":{"0":"post-6467","1":"product","2":"type-product","3":"status-publish","4":"has-post-thumbnail","6":"product_cat-tops","7":"product_cat-conjuntos","8":"product_tag-activewear","9":"product_tag-cuello-redondo","10":"product_tag-diseno-de-mandala-geometrico","11":"product_tag-elastico","12":"product_tag-espalda-nadadora","13":"product_tag-fondo-negro","14":"product_tag-moda-deportiva","15":"product_tag-ropa-comoda-para-ejercicio","16":"product_tag-ropa-de-entrenamiento","17":"product_tag-tirantes","18":"product_tag-top-casual-deportivo","19":"product_tag-top-de-gimnasio","20":"product_tag-top-deportivo","21":"product_tag-top-fitness","22":"product_tag-top-sujetador-deportivo","23":"product_tag-top-transpirable","25":"first","26":"instock","27":"taxable","28":"shipping-taxable","29":"purchasable","30":"product-type-variable"},"jetpack_publicize_connections":[],"aioseo_notices":[],"jetpack_sharing_enabled":true,"_links":{"self":[{"href":"https:\/\/www.dharanastyle.com\/ca\/wp-json\/wp\/v2\/product\/6467","targetHints":{"allow":["GET"]}}],"collection":[{"href":"https:\/\/www.dharanastyle.com\/ca\/wp-json\/wp\/v2\/product"}],"about":[{"href":"https:\/\/www.dharanastyle.com\/ca\/wp-json\/wp\/v2\/types\/product"}],"replies":[{"embeddable":true,"href":"https:\/\/www.dharanastyle.com\/ca\/wp-json\/wp\/v2\/comments?post=6467"}],"wp:featuredmedia":[{"embeddable":true,"href":"https:\/\/www.dharanastyle.com\/ca\/wp-json\/wp\/v2\/media\/6482"}],"wp:attachment":[{"href":"https:\/\/www.dharanastyle.com\/ca\/wp-json\/wp\/v2\/media?parent=6467"}],"wp:term":[{"taxonomy":"product_cat","embeddable":true,"href":"https:\/\/www.dharanastyle.com\/ca\/wp-json\/wp\/v2\/product_cat?post=6467"},{"taxonomy":"product_tag","embeddable":true,"href":"https:\/\/www.dharanastyle.com\/ca\/wp-json\/wp\/v2\/product_tag?post=6467"}],"curies":[{"name":"wp","href":"https:\/\/api.w.org\/{rel}","templated":true}]}}