{"id":6442,"date":"2024-04-14T20:03:35","date_gmt":"2024-04-14T18:03:35","guid":{"rendered":"https:\/\/dharanastyle.com\/tienda\/sin%20categor\u00eda\/sujetador-deportivo-con-relleno-extraible-azul-verdoso\/"},"modified":"2024-07-28T12:20:41","modified_gmt":"2024-07-28T10:20:41","slug":"sujetador-deportivo-azul-verdoso","status":"publish","type":"product","link":"https:\/\/www.dharanastyle.com\/ca\/tienda\/conjuntos\/sujetador-deportivo-azul-verdoso\/","title":{"rendered":"Sostenidor esportiu, mandala blava maragda."},"content":{"rendered":"<p>Eleva la teva pr\u00e0ctica esportiva a noves altures amb el nostre top esportiu, adornat amb un estampat subtil de mandales sobre un exquisit fons blau verd\u00f3s. Aquest top fusiona l&#039;eleg\u00e0ncia del disseny amb l&#039;espiritualitat dels mandales, oferint-te una pe\u00e7a \u00fanica que t&#039;acompanyar\u00e0 a cada moviment .<\/p>\n<p>Confeccionat amb teixits transpirables d&#039;alta qualitat, aquest top proporciona un ajustament cenyit i c\u00f2mode que s&#039;adapta al teu cos mentre et mous. El disseny subtil de mandales sobre un fons blau maragda crea una atmosfera de serenitat i equilibri, inspirant-te a assolir l&#039;harmonia en els teus entrenaments.<\/p>\n<p>El toc d&#039;espiritualitat dels mandales afegeix profunditat i significat a la teva vestimenta esportiva, recordant-te la import\u00e0ncia de la connexi\u00f3 ment-cos durant les teves sessions d&#039;exercici. Ja sigui que el facis servir per a ioga, pilates o qualsevol altra activitat, aquest top t&#039;ajudar\u00e0 a trobar l&#039;equilibri i la pau interior que necessites.<\/p>\n<p>Fes una declaraci\u00f3 d&#039;estil i espiritualitat amb el nostre top esportiu amb estampat subtil de mandales sobre un fons blau verd\u00f3s. Fes la teva comanda avui mateix i comen\u00e7a el teu viatge cap a una pr\u00e0ctica esportiva m\u00e9s conscient i harmoniosa!<\/p>\n<p>\u2022 82% poli\u00e8ster, 18% elast\u00e0<br \/>\n\u2022 Pes del teixit: 230 g\/m\u00b2 (6,78 oz\/id\u00b2), el pes podria variar en un 5%<br \/>\n\u2022 Teixit transpirable<br \/>\n\u2022 Tela el\u00e0stica en 4 adreces que s&#039;estira i es recupera als fils de la trama i de l&#039;ordit<br \/>\n\u2022 Escot rod\u00f3 i esquena nedadora<br \/>\n\u2022 Costures planes i acabat amb biaixos que eviten el fregament<br \/>\n\u2022 Ideal per a copes AC<br \/>\n\u2022 Material de subjecci\u00f3 als tirants, frontal de doble capa i una banda el\u00e0stica al baix<\/p>","protected":false},"excerpt":{"rendered":"<p>Eleva tu pr\u00e1ctica deportiva a nuevas alturas con nuestro top deportivo, adornado con un estampado sutil de mandalas sobre un exquisito fondo azul verdoso. Este top fusiona la elegancia del&#8230;<\/p>","protected":false},"featured_media":6457,"comment_status":"open","ping_status":"closed","template":"","meta":{"jetpack_post_was_ever_published":false,"jetpack_publicize_message":"","jetpack_publicize_feature_enabled":true,"jetpack_social_post_already_shared":true,"jetpack_social_options":{"image_generator_settings":{"template":"highway","enabled":false},"version":2}},"product_cat":[191,15],"product_tag":[271,287,285,300,305,267,268,264,286,306,272,290,222,266,303,269],"class_list":{"0":"post-6442","1":"product","2":"type-product","3":"status-publish","4":"has-post-thumbnail","6":"product_cat-tops","7":"product_cat-conjuntos","8":"product_tag-activewear","9":"product_tag-cuello-redondo","10":"product_tag-elastico","11":"product_tag-espalda-nadadora","12":"product_tag-estampado-de-mandalas","13":"product_tag-moda-deportiva","14":"product_tag-ropa-comoda-para-ejercicio","15":"product_tag-ropa-de-entrenamiento","16":"product_tag-tirantes","17":"product_tag-tonalidad-azul-esmeralda","18":"product_tag-top-casual-deportivo","19":"product_tag-top-de-gimnasio","20":"product_tag-top-deportivo","21":"product_tag-top-fitness","22":"product_tag-top-sujetador-deportivo","23":"product_tag-top-transpirable","25":"first","26":"instock","27":"taxable","28":"shipping-taxable","29":"purchasable","30":"product-type-variable"},"jetpack_publicize_connections":[],"aioseo_notices":[],"jetpack_sharing_enabled":true,"_links":{"self":[{"href":"https:\/\/www.dharanastyle.com\/ca\/wp-json\/wp\/v2\/product\/6442","targetHints":{"allow":["GET"]}}],"collection":[{"href":"https:\/\/www.dharanastyle.com\/ca\/wp-json\/wp\/v2\/product"}],"about":[{"href":"https:\/\/www.dharanastyle.com\/ca\/wp-json\/wp\/v2\/types\/product"}],"replies":[{"embeddable":true,"href":"https:\/\/www.dharanastyle.com\/ca\/wp-json\/wp\/v2\/comments?post=6442"}],"wp:featuredmedia":[{"embeddable":true,"href":"https:\/\/www.dharanastyle.com\/ca\/wp-json\/wp\/v2\/media\/6457"}],"wp:attachment":[{"href":"https:\/\/www.dharanastyle.com\/ca\/wp-json\/wp\/v2\/media?parent=6442"}],"wp:term":[{"taxonomy":"product_cat","embeddable":true,"href":"https:\/\/www.dharanastyle.com\/ca\/wp-json\/wp\/v2\/product_cat?post=6442"},{"taxonomy":"product_tag","embeddable":true,"href":"https:\/\/www.dharanastyle.com\/ca\/wp-json\/wp\/v2\/product_tag?post=6442"}],"curies":[{"name":"wp","href":"https:\/\/api.w.org\/{rel}","templated":true}]}}