{"id":6391,"date":"2024-04-14T17:52:30","date_gmt":"2024-04-14T15:52:30","guid":{"rendered":"https:\/\/dharanastyle.com\/tienda\/sin%20categor\u00eda\/leggings-capri-de-yoga-universo-cosmico-pantalon-3-4-de-cintura-alta\/"},"modified":"2024-04-14T17:53:46","modified_gmt":"2024-04-14T15:53:46","slug":"leggings-capri-de-yoga-universo-cosmico-pantalon-3-4-de-cintura-alta","status":"publish","type":"product","link":"https:\/\/www.dharanastyle.com\/ca\/tienda\/leggings\/leggings-capri\/leggings-capri-de-yoga-universo-cosmico-pantalon-3-4-de-cintura-alta\/","title":{"rendered":"Leggings capri de ioga univers c\u00f2smic. Pantalons 3\/4 de cintura alta."},"content":{"rendered":"<p>Embarca&#039;t en un viatge c\u00f2smic amb els nostres pantalons negres, adornats amb formes grans triangulars a les dues cames que evoquen la vastedat i la bellesa de l&#039;espai c\u00f2smic. Aquests pantalons fusionen l&#039;eleg\u00e0ncia del disseny amb la meravella de l&#039;univers, oferint-te un estil \u00fanic que us transportar\u00e0 m\u00e9s enll\u00e0 de les estrelles.<\/p>\n<p>Confeccionats amb teixits d&#039;alta qualitat i un ajustament c\u00f2mode, aquests pantalons et brinden la llibertat de moviment que necessites per a les activitats di\u00e0ries o per practicar ioga i meditaci\u00f3.<\/p>\n<p>Les formes grans triangulars, amb colors i formes que recorden lespai c\u00f2smic, afegeixen un toc de misteri i fascinaci\u00f3 al teu outfit. Ja sigui que els facis servir per expressar la teva passi\u00f3 per l&#039;exploraci\u00f3 de l&#039;univers o simplement per destacar el teu estil \u00fanic, aquests pantalons s\u00f3n l&#039;opci\u00f3 perfecta per a aquells que somien amb les estrelles.<\/p>\n<p>Feu una declaraci\u00f3 de moda i aventura amb els nostres pantalons negres amb formes grans triangulars que evoquen l&#039;espai c\u00f2smic. Fes la teva comanda avui mateix i deixa&#039;t portar per la m\u00e0gia de l&#039;univers a cada pas que facis!<\/p>\n<p>\u2022 82% poli\u00e8ster, 18% elast\u00e0<br \/>\n\u2022 Mitja panxell<br \/>\n\u2022 Tela el\u00e0stica en quatre direccions molt suau<br \/>\n\u2022 Cintura alta c\u00f2moda<br \/>\n\u2022 Costures planes i punt de cobertura<br \/>\n\u2022 Components del producte base als EUA i M\u00e8xic procedents de la Xina<br \/>\n\u2022 Components del producte base a la UE procedents de la Xina i Litu\u00e0nia<\/p>","protected":false},"excerpt":{"rendered":"<p>Emb\u00e1rcate en un viaje c\u00f3smico con nuestros pantalones negros, adornados con formas grandes triangulares en ambas piernas que evocan la vastedad y la belleza del espacio c\u00f3smico. Estos pantalones fusionan&#8230;<\/p>","protected":false},"featured_media":6399,"comment_status":"open","ping_status":"closed","template":"","meta":{"jetpack_post_was_ever_published":false,"jetpack_publicize_message":"","jetpack_publicize_feature_enabled":true,"jetpack_social_post_already_shared":true,"jetpack_social_options":{"image_generator_settings":{"template":"highway","enabled":false},"version":2}},"product_cat":[175],"product_tag":[],"class_list":{"0":"post-6391","1":"product","2":"type-product","3":"status-publish","4":"has-post-thumbnail","6":"product_cat-leggings-capri","8":"first","9":"instock","10":"taxable","11":"shipping-taxable","12":"purchasable","13":"product-type-variable"},"jetpack_publicize_connections":[],"aioseo_notices":[],"jetpack_sharing_enabled":true,"_links":{"self":[{"href":"https:\/\/www.dharanastyle.com\/ca\/wp-json\/wp\/v2\/product\/6391","targetHints":{"allow":["GET"]}}],"collection":[{"href":"https:\/\/www.dharanastyle.com\/ca\/wp-json\/wp\/v2\/product"}],"about":[{"href":"https:\/\/www.dharanastyle.com\/ca\/wp-json\/wp\/v2\/types\/product"}],"replies":[{"embeddable":true,"href":"https:\/\/www.dharanastyle.com\/ca\/wp-json\/wp\/v2\/comments?post=6391"}],"wp:featuredmedia":[{"embeddable":true,"href":"https:\/\/www.dharanastyle.com\/ca\/wp-json\/wp\/v2\/media\/6399"}],"wp:attachment":[{"href":"https:\/\/www.dharanastyle.com\/ca\/wp-json\/wp\/v2\/media?parent=6391"}],"wp:term":[{"taxonomy":"product_cat","embeddable":true,"href":"https:\/\/www.dharanastyle.com\/ca\/wp-json\/wp\/v2\/product_cat?post=6391"},{"taxonomy":"product_tag","embeddable":true,"href":"https:\/\/www.dharanastyle.com\/ca\/wp-json\/wp\/v2\/product_tag?post=6391"}],"curies":[{"name":"wp","href":"https:\/\/api.w.org\/{rel}","templated":true}]}}