{"id":6372,"date":"2024-04-14T17:35:44","date_gmt":"2024-04-14T15:35:44","guid":{"rendered":"https:\/\/dharanastyle.com\/tienda\/sin%20categor\u00eda\/leggings-capri-de-yoga-flor-de-la-vida-naranja-pantalon-3-4-de-cintura-alta\/"},"modified":"2024-05-31T20:39:21","modified_gmt":"2024-05-31T18:39:21","slug":"leggings-capri-de-yoga-flor-de-la-vida-naranja-pantalon-3-4-de-cintura-alta","status":"publish","type":"product","link":"https:\/\/www.dharanastyle.com\/ca\/tienda\/leggings\/leggings-capri\/leggings-capri-de-yoga-flor-de-la-vida-naranja-pantalon-3-4-de-cintura-alta\/","title":{"rendered":"Leggings capri de ioga flor de la vida taronja. Pantalons 3\/4 de cintura alta."},"content":{"rendered":"<p>Descobreix la vitalitat i l&#039;energia en cada moviment amb els nostres pantalons de ioga de cintura alta en un color negre sofisticat, embellits amb dues mandales de la flor de la vida en forma circular d&#039;un c\u00e0lid color taronja a cada costat de les cames. Aquests pantalons combinen la calma del ioga amb la vibrant energia del color, oferint-te un estil distintiu i una connexi\u00f3 profunda amb all\u00f2 espiritual.<\/p>\n<p>Confeccionats amb teixits d&#039;alta qualitat i una cintura alta que proporciona suport i comoditat durant les teves sessions de ioga, aquests pantalons et permeten moure&#039;t amb flu\u00efdesa i gr\u00e0cia a cada postura.<\/p>\n<p>Els mandales de la flor de la vida en color taronja irradien vitalitat i passi\u00f3, afegint un toc de dinamisme i bellesa al teu vestit. lelecci\u00f3 perfecta per ressaltar el teu estil \u00fanic i la teva espiritualitat.<\/p>\n<p>Fes una declaraci\u00f3 de moda i energia amb els nostres pantalons de ioga de cintura alta de color negre amb mandales de la flor de la vida en forma circular de color taronja. Fes la teva comanda avui mateix i porta amb tu la vitalitat i la bellesa a cada pr\u00e0ctica de ioga!<br \/>\n\u2022 82% poli\u00e8ster, 18% elast\u00e0<br \/>\n\u2022 Mitja panxell<br \/>\n\u2022 Tela el\u00e0stica en quatre direccions molt suau<br \/>\n\u2022 Cintura alta c\u00f2moda<br \/>\n\u2022 Costures planes i punt de cobertura<br \/>\n\u2022 Components del producte base als EUA i M\u00e8xic procedents de la Xina<br \/>\n\u2022 Components del producte base a la UE procedents de la Xina i Litu\u00e0nia<\/p>","protected":false},"excerpt":{"rendered":"<p>Descubre la vitalidad y la energ\u00eda en cada movimiento con nuestros pantalones de yoga de cintura alta en un sofisticado color negro, embellecidos con dos mandalas de la flor de&#8230;<\/p>","protected":false},"featured_media":6380,"comment_status":"open","ping_status":"closed","template":"","meta":{"jetpack_post_was_ever_published":false,"jetpack_publicize_message":"","jetpack_publicize_feature_enabled":true,"jetpack_social_post_already_shared":true,"jetpack_social_options":{"image_generator_settings":{"template":"highway","enabled":false},"version":2}},"product_cat":[175],"product_tag":[],"class_list":{"0":"post-6372","1":"product","2":"type-product","3":"status-publish","4":"has-post-thumbnail","6":"product_cat-leggings-capri","8":"first","9":"instock","10":"featured","11":"taxable","12":"shipping-taxable","13":"purchasable","14":"product-type-variable"},"jetpack_publicize_connections":[],"aioseo_notices":[],"jetpack_sharing_enabled":true,"_links":{"self":[{"href":"https:\/\/www.dharanastyle.com\/ca\/wp-json\/wp\/v2\/product\/6372","targetHints":{"allow":["GET"]}}],"collection":[{"href":"https:\/\/www.dharanastyle.com\/ca\/wp-json\/wp\/v2\/product"}],"about":[{"href":"https:\/\/www.dharanastyle.com\/ca\/wp-json\/wp\/v2\/types\/product"}],"replies":[{"embeddable":true,"href":"https:\/\/www.dharanastyle.com\/ca\/wp-json\/wp\/v2\/comments?post=6372"}],"wp:featuredmedia":[{"embeddable":true,"href":"https:\/\/www.dharanastyle.com\/ca\/wp-json\/wp\/v2\/media\/6380"}],"wp:attachment":[{"href":"https:\/\/www.dharanastyle.com\/ca\/wp-json\/wp\/v2\/media?parent=6372"}],"wp:term":[{"taxonomy":"product_cat","embeddable":true,"href":"https:\/\/www.dharanastyle.com\/ca\/wp-json\/wp\/v2\/product_cat?post=6372"},{"taxonomy":"product_tag","embeddable":true,"href":"https:\/\/www.dharanastyle.com\/ca\/wp-json\/wp\/v2\/product_tag?post=6372"}],"curies":[{"name":"wp","href":"https:\/\/api.w.org\/{rel}","templated":true}]}}