{"id":6335,"date":"2024-04-14T17:27:51","date_gmt":"2024-04-14T15:27:51","guid":{"rendered":"https:\/\/dharanastyle.com\/tienda\/sin%20categor\u00eda\/leggings-capri-de-yoga-geometria-flor-pantalon-3-4-de-cintura-alta\/"},"modified":"2024-12-17T10:30:21","modified_gmt":"2024-12-17T09:30:21","slug":"leggings-capri-de-yoga-geometria-flor-pantalon-3-4-de-cintura-alta","status":"publish","type":"product","link":"https:\/\/www.dharanastyle.com\/ca\/tienda\/leggings\/leggings-capri\/leggings-capri-de-yoga-geometria-flor-pantalon-3-4-de-cintura-alta\/","title":{"rendered":"Leggings capri de ioga geometria flor. Pantalons 3\/4 de cintura alta."},"content":{"rendered":"<p>Submergeix-te en la serenitat del ioga amb els nostres pantalons de ioga de cintura alta en un elegant color negre, adornats amb una malla de geometria petita que revela subtilment la majestuosa flor de la vida en colors suaus i harm\u00f2nics. Aquests pantalons fusionen l&#039;eleg\u00e0ncia del disseny amb l&#039;espiritualitat, brindant-te un estil \u00fanic i una profunda connexi\u00f3 amb l&#039;univers.<\/p>\n<p>Confeccionats amb teixits d&#039;alta qualitat i una cintura alta que brinda suport i comoditat durant les teves sessions de ioga, aquests pantalons et permeten moure&#039;t amb llibertat i gr\u00e0cia a cada postura.<\/p>\n<p>La malla de geometria petita revela delicadament la flor de la vida en colors subtils, afegint un toc de misticisme i bellesa al teu outfit. Ja sigui que els facis servir per a les teves pr\u00e0ctiques de ioga o simplement per expressar la teva connexi\u00f3 amb el div\u00ed, aquests pantalons s\u00f3n l&#039;opci\u00f3 perfecta per destacar el teu estil \u00fanic i la teva espiritualitat.<\/p>\n<p>Fes una declaraci\u00f3 de moda i espiritualitat amb els nostres pantalons de ioga de cintura alta de color negre amb una malla de geometria petita i la flor de la vida marcada en colors subtils. Fes la teva comanda avui mateix i porta amb tu l&#039;harmonia i la bellesa a cada pr\u00e0ctica de ioga!<\/p>\n<p>\u2022 82% poli\u00e8ster, 18% elast\u00e0<br \/>\n\u2022 Mitja panxell<br \/>\n\u2022 Tela el\u00e0stica en quatre direccions molt suau<br \/>\n\u2022 Cintura alta c\u00f2moda<br \/>\n\u2022 Costures planes i punt de cobertura<br \/>\n\u2022 Components del producte base als EUA i M\u00e8xic procedents de la Xina<br \/>\n\u2022 Components del producte base a la UE procedents de la Xina i Litu\u00e0nia<\/p>","protected":false},"excerpt":{"rendered":"<p>Sum\u00e9rgete en la serenidad del yoga con nuestros pantalones de yoga de cintura alta en un elegante color negro, adornados con una malla de geometr\u00eda peque\u00f1a que revela sutilmente la&#8230;<\/p>","protected":false},"featured_media":9566,"comment_status":"open","ping_status":"closed","template":"","meta":{"jetpack_post_was_ever_published":false,"jetpack_publicize_message":"","jetpack_publicize_feature_enabled":true,"jetpack_social_post_already_shared":true,"jetpack_social_options":{"image_generator_settings":{"template":"highway","enabled":false},"version":2}},"product_cat":[175,174],"product_tag":[],"class_list":{"0":"post-6335","1":"product","2":"type-product","3":"status-publish","4":"has-post-thumbnail","6":"product_cat-leggings-capri","7":"product_cat-personalizable","9":"first","10":"instock","11":"featured","12":"taxable","13":"shipping-taxable","14":"purchasable","15":"product-type-variable"},"jetpack_publicize_connections":[],"aioseo_notices":[],"jetpack_sharing_enabled":true,"_links":{"self":[{"href":"https:\/\/www.dharanastyle.com\/ca\/wp-json\/wp\/v2\/product\/6335","targetHints":{"allow":["GET"]}}],"collection":[{"href":"https:\/\/www.dharanastyle.com\/ca\/wp-json\/wp\/v2\/product"}],"about":[{"href":"https:\/\/www.dharanastyle.com\/ca\/wp-json\/wp\/v2\/types\/product"}],"replies":[{"embeddable":true,"href":"https:\/\/www.dharanastyle.com\/ca\/wp-json\/wp\/v2\/comments?post=6335"}],"wp:featuredmedia":[{"embeddable":true,"href":"https:\/\/www.dharanastyle.com\/ca\/wp-json\/wp\/v2\/media\/9566"}],"wp:attachment":[{"href":"https:\/\/www.dharanastyle.com\/ca\/wp-json\/wp\/v2\/media?parent=6335"}],"wp:term":[{"taxonomy":"product_cat","embeddable":true,"href":"https:\/\/www.dharanastyle.com\/ca\/wp-json\/wp\/v2\/product_cat?post=6335"},{"taxonomy":"product_tag","embeddable":true,"href":"https:\/\/www.dharanastyle.com\/ca\/wp-json\/wp\/v2\/product_tag?post=6335"}],"curies":[{"name":"wp","href":"https:\/\/api.w.org\/{rel}","templated":true}]}}