{"id":6317,"date":"2024-04-14T15:49:50","date_gmt":"2024-04-14T13:49:50","guid":{"rendered":"https:\/\/dharanastyle.com\/tienda\/sin%20categor\u00eda\/leggings-capri-7-chakras-colores-pantalon-3-4-de-cintura-baja\/"},"modified":"2024-12-17T10:30:32","modified_gmt":"2024-12-17T09:30:32","slug":"leggings-capri-7-chakras-colores-pantalon-3-4-de-cintura-baja","status":"publish","type":"product","link":"https:\/\/www.dharanastyle.com\/ca\/tienda\/leggings\/leggings-capri-cintura-baja\/leggings-capri-7-chakras-colores-pantalon-3-4-de-cintura-baja\/","title":{"rendered":"Leggings capri 7 txakres colors. Pantalons 3\/4 de cintura baixa."},"content":{"rendered":"<p>Eleva el teu estil i la teva energia amb els nostres leggings de cintura baixa en un color negre elegant, adornats amb subtils l\u00ednies ondulades de colors que evoquen l&#039;harmonia de l&#039;univers. Aquests leggings presenten les figures dels 7 txakres en una disposici\u00f3 vertical a la cama dreta, afegint un toc d&#039;equilibri i serenitat al teu outfit.<\/p>\n<p>Confeccionats amb teixits d&#039;alta qualitat i un disseny que s&#039;adapta c\u00f2modament al teu cos, els nostres leggings et brinden la llibertat de moviment que necessites per a les activitats di\u00e0ries o per practicar ioga i meditaci\u00f3.<\/p>\n<p>Les subtils l\u00ednies ondulades de colors afegeixen un toc de dinamisme i vitalitat al teu look, mentre que les figures dels 7 txakres a la cama dreta et connecten amb el teu centre energ\u00e8tic i t&#039;ajuden a trobar l&#039;equilibri interior. Ja sigui que els facis servir per a les teves pr\u00e0ctiques espirituals o simplement per expressar el teu estil \u00fanic, aquests leggings s\u00f3n l&#039;opci\u00f3 perfecta per destacar la teva connexi\u00f3 amb l&#039;univers i la teva bellesa interior.<\/p>\n<p>Fes una declaraci\u00f3 de moda i espiritualitat amb els nostres leggings de cintura baixa de color negre amb l\u00ednies ondulades de colors i figures de chakras. Fes la teva comanda avui mateix i porta amb tu l&#039;harmonia i l&#039;equilibri a cada pas que facis!<\/p>\n<p>\u2022 82% poli\u00e8ster, 18% elast\u00e0<br \/>\n\u2022 Pes del teixit: 230 g\/m\u00b2 (6,78 oz\/id\u00b2) (El pes podria variar en un 5%)<br \/>\n\u2022 FPU 38-40<br \/>\n\u2022 El material s&#039;estira a les 4 direccions, \u00e9s a dir, la tela s&#039;estira i es recupera als fils de la trama i de l&#039;ordit<br \/>\n\u2022 Elaborada amb fil de microfibra suau i agradable al tacte<br \/>\n\u2022 Tall de precisi\u00f3 i cosit a m\u00e0 despr\u00e9s del proc\u00e9s d&#039;estampaci\u00f3<\/p>","protected":false},"excerpt":{"rendered":"<p>Eleva tu estilo y tu energ\u00eda con nuestros leggings de cintura baja en un elegante color negro, adornados con sutiles l\u00edneas onduladas de colores que evocan la armon\u00eda del universo&#8230;.<\/p>","protected":false},"featured_media":9774,"comment_status":"open","ping_status":"closed","template":"","meta":{"jetpack_post_was_ever_published":false,"jetpack_publicize_message":"","jetpack_publicize_feature_enabled":true,"jetpack_social_post_already_shared":true,"jetpack_social_options":{"image_generator_settings":{"template":"highway","enabled":false},"version":2}},"product_cat":[179],"product_tag":[],"class_list":{"0":"post-6317","1":"product","2":"type-product","3":"status-publish","4":"has-post-thumbnail","6":"product_cat-leggings-capri-cintura-baja","8":"first","9":"instock","10":"featured","11":"taxable","12":"shipping-taxable","13":"purchasable","14":"product-type-variable"},"jetpack_publicize_connections":[],"aioseo_notices":[],"jetpack_sharing_enabled":true,"_links":{"self":[{"href":"https:\/\/www.dharanastyle.com\/ca\/wp-json\/wp\/v2\/product\/6317","targetHints":{"allow":["GET"]}}],"collection":[{"href":"https:\/\/www.dharanastyle.com\/ca\/wp-json\/wp\/v2\/product"}],"about":[{"href":"https:\/\/www.dharanastyle.com\/ca\/wp-json\/wp\/v2\/types\/product"}],"replies":[{"embeddable":true,"href":"https:\/\/www.dharanastyle.com\/ca\/wp-json\/wp\/v2\/comments?post=6317"}],"wp:featuredmedia":[{"embeddable":true,"href":"https:\/\/www.dharanastyle.com\/ca\/wp-json\/wp\/v2\/media\/9774"}],"wp:attachment":[{"href":"https:\/\/www.dharanastyle.com\/ca\/wp-json\/wp\/v2\/media?parent=6317"}],"wp:term":[{"taxonomy":"product_cat","embeddable":true,"href":"https:\/\/www.dharanastyle.com\/ca\/wp-json\/wp\/v2\/product_cat?post=6317"},{"taxonomy":"product_tag","embeddable":true,"href":"https:\/\/www.dharanastyle.com\/ca\/wp-json\/wp\/v2\/product_tag?post=6317"}],"curies":[{"name":"wp","href":"https:\/\/api.w.org\/{rel}","templated":true}]}}