{"id":6300,"date":"2024-04-14T15:41:47","date_gmt":"2024-04-14T13:41:47","guid":{"rendered":"https:\/\/dharanastyle.com\/tienda\/sin%20categor\u00eda\/leggings-capri-de-yoga-nota-musicales-pantalon-3-4-de-cintura-alta\/"},"modified":"2024-04-14T15:42:46","modified_gmt":"2024-04-14T13:42:46","slug":"leggings-capri-de-yoga-nota-musicales-pantalon-3-4-de-cintura-alta","status":"publish","type":"product","link":"https:\/\/www.dharanastyle.com\/ca\/tienda\/leggings\/leggings-capri\/leggings-capri-de-yoga-nota-musicales-pantalon-3-4-de-cintura-alta\/","title":{"rendered":"Leggings capri de ioga nota musicals."},"content":{"rendered":"<p>Fes que el teu estil sigui una simfonia de color i m\u00fasica amb els nostres leggings vibrants, inspirats en les vibracions de les notes i l&#039;arc de Sant Mart\u00ed. Aquest estampat \u00fanic presenta una base de colors que evoquen la m\u00e0gia de la m\u00fasica i l&#039;espectre de l&#039;arc de Sant Mart\u00ed, adornat amb dibuixos de notes musicals que dansen al llarg de tots els pantalons.<\/p>\n<p>Confeccionats amb teixits d\u00b4alta qualitat i un disseny que s\u00b4adapta c\u00f2modament al teu cos, els nostres leggings et brinden la llibertat de moviment que necessites per a les teves activitats di\u00e0ries o per lluir un estil ple d\u00b4energia i vitalitat.<\/p>\n<p>L&#039;estampat de notes musicals a tots els pantalons afegeix un toc de dinamisme i alegria al teu outfit, mentre que els colors vibrants t&#039;omplen de positivitat i bon humor. Ja sigui que els facis servir per practicar ioga, fer exercici o simplement per expressar la teva passi\u00f3 per la m\u00fasica, aquests leggings s\u00f3n l&#039;opci\u00f3 perfecta per destacar el teu estil \u00fanic i vibrant.<\/p>\n<p>Fes una declaraci\u00f3 de moda i alegria amb els nostres leggings inspirats en les vibracions de les notes i l&#039;arc de Sant Mart\u00ed. Fes la teva comanda avui mateix i porta amb tu la m\u00e0gia i l&#039;energia de la m\u00fasica a cada pas que facis!<\/p>\n<p>\u2022 82% poli\u00e8ster, 18% elast\u00e0<br \/>\n\u2022 Mitja panxell<br \/>\n\u2022 Tela el\u00e0stica en quatre direccions molt suau<br \/>\n\u2022 Cintura alta c\u00f2moda<br \/>\n\u2022 Costures planes i punt de cobertura<br \/>\n\u2022 Components del producte base als EUA i M\u00e8xic procedents de la Xina<br \/>\n\u2022 Components del producte base a la UE procedents de la Xina i Litu\u00e0nia<\/p>","protected":false},"excerpt":{"rendered":"<p>Haz que tu estilo sea una sinfon\u00eda de color y m\u00fasica con nuestros leggings vibrantes, inspirados en las vibraciones de las notas y el arco\u00edris. Este estampado \u00fanico presenta una&#8230;<\/p>","protected":false},"featured_media":6308,"comment_status":"open","ping_status":"closed","template":"","meta":{"jetpack_post_was_ever_published":false,"jetpack_publicize_message":"","jetpack_publicize_feature_enabled":true,"jetpack_social_post_already_shared":true,"jetpack_social_options":{"image_generator_settings":{"template":"highway","enabled":false},"version":2}},"product_cat":[175],"product_tag":[],"class_list":{"0":"post-6300","1":"product","2":"type-product","3":"status-publish","4":"has-post-thumbnail","6":"product_cat-leggings-capri","8":"first","9":"instock","10":"taxable","11":"shipping-taxable","12":"purchasable","13":"product-type-variable"},"jetpack_publicize_connections":[],"aioseo_notices":[],"jetpack_sharing_enabled":true,"_links":{"self":[{"href":"https:\/\/www.dharanastyle.com\/ca\/wp-json\/wp\/v2\/product\/6300","targetHints":{"allow":["GET"]}}],"collection":[{"href":"https:\/\/www.dharanastyle.com\/ca\/wp-json\/wp\/v2\/product"}],"about":[{"href":"https:\/\/www.dharanastyle.com\/ca\/wp-json\/wp\/v2\/types\/product"}],"replies":[{"embeddable":true,"href":"https:\/\/www.dharanastyle.com\/ca\/wp-json\/wp\/v2\/comments?post=6300"}],"wp:featuredmedia":[{"embeddable":true,"href":"https:\/\/www.dharanastyle.com\/ca\/wp-json\/wp\/v2\/media\/6308"}],"wp:attachment":[{"href":"https:\/\/www.dharanastyle.com\/ca\/wp-json\/wp\/v2\/media?parent=6300"}],"wp:term":[{"taxonomy":"product_cat","embeddable":true,"href":"https:\/\/www.dharanastyle.com\/ca\/wp-json\/wp\/v2\/product_cat?post=6300"},{"taxonomy":"product_tag","embeddable":true,"href":"https:\/\/www.dharanastyle.com\/ca\/wp-json\/wp\/v2\/product_tag?post=6300"}],"curies":[{"name":"wp","href":"https:\/\/api.w.org\/{rel}","templated":true}]}}