{"id":6263,"date":"2024-04-14T15:29:29","date_gmt":"2024-04-14T13:29:29","guid":{"rendered":"https:\/\/dharanastyle.com\/tienda\/sin%20categor\u00eda\/leggings-capri-de-yoga-mandala-flor-pantalon-3-4-de-cintura-alta\/"},"modified":"2024-04-14T15:30:36","modified_gmt":"2024-04-14T13:30:36","slug":"leggings-capri-de-yoga-mandala-flor-pantalon-3-4-de-cintura-alta","status":"publish","type":"product","link":"https:\/\/www.dharanastyle.com\/ca\/tienda\/leggings\/leggings-capri\/leggings-capri-de-yoga-mandala-flor-pantalon-3-4-de-cintura-alta\/","title":{"rendered":"Leggings capri de ioga mandala flor. Pantalons 3\/4 de cintura alta."},"content":{"rendered":"<p>Enlluerna&#039;t amb la nostra col\u00b7lecci\u00f3 de leggings de ioga de cintura alta, on la bellesa i l&#039;estil es fonen en una experi\u00e8ncia majestuosa. Aquests leggings presenten una mandala incre\u00efble i majestuosa de flors en tons groc viu en una cama, mentre que a l&#039;altra destaca una sofisticada franja vertical de rombes en tons taronja.<\/p>\n<p>Confeccionats amb teixits d&#039;alta qualitat i un disseny de cintura alta que brinda suport i comoditat durant tota la pr\u00e0ctica de ioga, aquests leggings et permeten moure&#039;t amb llibertat i eleg\u00e0ncia a cada postura.<\/p>\n<p>La mandala floral en tons groc viu evoca l&#039;energia del sol i la vitalitat, mentre que la franja vertical de rombes en tons taronja afegeix un toc de sofisticaci\u00f3 i dinamisme al teu outfit. Ja sigui que els facis servir per a les teves sessions de ioga o per lluir un look \u00fanic en el teu dia a dia, aquests leggings s\u00f3n l&#039;elecci\u00f3 perfecta per destacar la teva bellesa interior i exterior.<\/p>\n<p>Fes una declaraci\u00f3 d&#039;estil i benestar amb els nostres leggings de ioga de cintura alta amb disseny de mandala i franja vertical de rombes. Fes la teva comanda avui mateix i porta amb tu la m\u00e0gia i l&#039;eleg\u00e0ncia a cada pr\u00e0ctica de ioga!<\/p>\n<p>\u2022 82% poli\u00e8ster, 18% elast\u00e0<br \/>\n\u2022 Mitja panxell<br \/>\n\u2022 Tela el\u00e0stica en quatre direccions molt suau<br \/>\n\u2022 Cintura alta c\u00f2moda<br \/>\n\u2022 Costures planes i punt de cobertura<br \/>\n\u2022 Components del producte base als EUA i M\u00e8xic procedents de la Xina<br \/>\n\u2022 Components del producte base a la UE procedents de la Xina i Litu\u00e0nia<\/p>","protected":false},"excerpt":{"rendered":"<p>Desl\u00fambrate con nuestra colecci\u00f3n de leggings de yoga de cintura alta, donde la belleza y el estilo se funden en una experiencia majestuosa. Estos leggings presentan una mandala incre\u00edble y&#8230;<\/p>","protected":false},"featured_media":6271,"comment_status":"open","ping_status":"closed","template":"","meta":{"jetpack_post_was_ever_published":false,"jetpack_publicize_message":"","jetpack_publicize_feature_enabled":true,"jetpack_social_post_already_shared":true,"jetpack_social_options":{"image_generator_settings":{"template":"highway","enabled":false},"version":2}},"product_cat":[175],"product_tag":[],"class_list":{"0":"post-6263","1":"product","2":"type-product","3":"status-publish","4":"has-post-thumbnail","6":"product_cat-leggings-capri","8":"first","9":"instock","10":"taxable","11":"shipping-taxable","12":"purchasable","13":"product-type-variable"},"jetpack_publicize_connections":[],"aioseo_notices":[],"jetpack_sharing_enabled":true,"_links":{"self":[{"href":"https:\/\/www.dharanastyle.com\/ca\/wp-json\/wp\/v2\/product\/6263","targetHints":{"allow":["GET"]}}],"collection":[{"href":"https:\/\/www.dharanastyle.com\/ca\/wp-json\/wp\/v2\/product"}],"about":[{"href":"https:\/\/www.dharanastyle.com\/ca\/wp-json\/wp\/v2\/types\/product"}],"replies":[{"embeddable":true,"href":"https:\/\/www.dharanastyle.com\/ca\/wp-json\/wp\/v2\/comments?post=6263"}],"wp:featuredmedia":[{"embeddable":true,"href":"https:\/\/www.dharanastyle.com\/ca\/wp-json\/wp\/v2\/media\/6271"}],"wp:attachment":[{"href":"https:\/\/www.dharanastyle.com\/ca\/wp-json\/wp\/v2\/media?parent=6263"}],"wp:term":[{"taxonomy":"product_cat","embeddable":true,"href":"https:\/\/www.dharanastyle.com\/ca\/wp-json\/wp\/v2\/product_cat?post=6263"},{"taxonomy":"product_tag","embeddable":true,"href":"https:\/\/www.dharanastyle.com\/ca\/wp-json\/wp\/v2\/product_tag?post=6263"}],"curies":[{"name":"wp","href":"https:\/\/api.w.org\/{rel}","templated":true}]}}