{"id":6245,"date":"2024-04-14T15:17:07","date_gmt":"2024-04-14T13:17:07","guid":{"rendered":"https:\/\/dharanastyle.com\/tienda\/sin%20categor\u00eda\/leggings-capri-de-yoga-corazones-azules-pantalon-3-4-cintura-alta\/"},"modified":"2024-04-14T15:18:24","modified_gmt":"2024-04-14T13:18:24","slug":"leggings-capri-de-yoga-corazones-azules-pantalon-3-4-cintura-alta","status":"publish","type":"product","link":"https:\/\/www.dharanastyle.com\/ca\/tienda\/leggings\/leggings-capri\/leggings-capri-de-yoga-corazones-azules-pantalon-3-4-cintura-alta\/","title":{"rendered":"Leggings capri de ioga cors blaus. Pantalons 3\/4 cintura alta."},"content":{"rendered":"<p>Gaudeix de les teves pr\u00e0ctiques de ioga amb estil i comoditat amb els nostres leggings capri de ioga, amb cintura alta i adornats amb un encantador estampat de cors en tonalitats blaves. Aquests leggings s\u00f3n l&#039;elecci\u00f3 perfecta per expressar el teu amor pel ioga mentre llueixes un look ple d&#039;encant i estil.<\/p>\n<p>Confeccionats amb teixits d&#039;alta qualitat i un disseny de cintura alta que ofereix un ajustament c\u00f2mode i afavoridor, els nostres leggings et brinden la llibertat de moviment que necessites per a les teves sessions de ioga, brindant comoditat i suport a cada postura.<\/p>\n<p>L&#039;estampat de cors en tonalitats blaves afegeix un toc de dol\u00e7or i harmonia a aquests leggings, convertint-los en una pe\u00e7a \u00fanica que segurament cridar\u00e0 l&#039;atenci\u00f3. Ja sigui que els facis servir per a les teves pr\u00e0ctiques de ioga o simplement per lluir un estil \u00fanic, aquests leggings s\u00f3n l&#039;opci\u00f3 perfecta per destacar la teva passi\u00f3 pel benestar i la moda.<\/p>\n<p>Fes una declaraci\u00f3 de moda i benestar amb els nostres leggings capri de ioga amb cintura alta i estampat de cors en tonalitats blaves. Fes la teva comanda avui mateix i porta amb tu l&#039;eleg\u00e0ncia i la serenitat a cada sessi\u00f3 de ioga!<\/p>\n<p>\u2022 82% poli\u00e8ster, 18% elast\u00e0<br \/>\n\u2022 Mitja panxell<br \/>\n\u2022 Tela el\u00e0stica en quatre direccions molt suau<br \/>\n\u2022 Cintura alta c\u00f2moda<br \/>\n\u2022 Costures planes i punt de cobertura<br \/>\n\u2022 Components del producte base als EUA i M\u00e8xic procedents de la Xina<br \/>\n\u2022 Components del producte base a la UE procedents de la Xina i Litu\u00e0nia<\/p>","protected":false},"excerpt":{"rendered":"<p>Disfruta de tus pr\u00e1cticas de yoga con estilo y comodidad con nuestros leggings capri de yoga, con cintura alta y adornados con un encantador estampado de corazones en tonalidades azules&#8230;.<\/p>","protected":false},"featured_media":6253,"comment_status":"open","ping_status":"closed","template":"","meta":{"jetpack_post_was_ever_published":false,"jetpack_publicize_message":"","jetpack_publicize_feature_enabled":true,"jetpack_social_post_already_shared":true,"jetpack_social_options":{"image_generator_settings":{"template":"highway","enabled":false},"version":2}},"product_cat":[175],"product_tag":[],"class_list":{"0":"post-6245","1":"product","2":"type-product","3":"status-publish","4":"has-post-thumbnail","6":"product_cat-leggings-capri","8":"first","9":"instock","10":"taxable","11":"shipping-taxable","12":"purchasable","13":"product-type-variable"},"jetpack_publicize_connections":[],"aioseo_notices":[],"jetpack_sharing_enabled":true,"_links":{"self":[{"href":"https:\/\/www.dharanastyle.com\/ca\/wp-json\/wp\/v2\/product\/6245","targetHints":{"allow":["GET"]}}],"collection":[{"href":"https:\/\/www.dharanastyle.com\/ca\/wp-json\/wp\/v2\/product"}],"about":[{"href":"https:\/\/www.dharanastyle.com\/ca\/wp-json\/wp\/v2\/types\/product"}],"replies":[{"embeddable":true,"href":"https:\/\/www.dharanastyle.com\/ca\/wp-json\/wp\/v2\/comments?post=6245"}],"wp:featuredmedia":[{"embeddable":true,"href":"https:\/\/www.dharanastyle.com\/ca\/wp-json\/wp\/v2\/media\/6253"}],"wp:attachment":[{"href":"https:\/\/www.dharanastyle.com\/ca\/wp-json\/wp\/v2\/media?parent=6245"}],"wp:term":[{"taxonomy":"product_cat","embeddable":true,"href":"https:\/\/www.dharanastyle.com\/ca\/wp-json\/wp\/v2\/product_cat?post=6245"},{"taxonomy":"product_tag","embeddable":true,"href":"https:\/\/www.dharanastyle.com\/ca\/wp-json\/wp\/v2\/product_tag?post=6245"}],"curies":[{"name":"wp","href":"https:\/\/api.w.org\/{rel}","templated":true}]}}