{"id":6227,"date":"2024-04-14T15:10:19","date_gmt":"2024-04-14T13:10:19","guid":{"rendered":"https:\/\/dharanastyle.com\/tienda\/sin%20categor\u00eda\/pantalones-cortos-de-yoga-corazones-azules-legging-corto-de-yoga-cintura-alta-a\/"},"modified":"2024-04-14T15:11:26","modified_gmt":"2024-04-14T13:11:26","slug":"pantalones-cortos-de-yoga-corazones-azules-legging-corto-de-yoga-cintura-alta-a","status":"publish","type":"product","link":"https:\/\/www.dharanastyle.com\/ca\/tienda\/leggings\/leggings-shorts\/pantalones-cortos-de-yoga-corazones-azules-legging-corto-de-yoga-cintura-alta-a\/","title":{"rendered":"Pantalons curts de ioga cors blaus."},"content":{"rendered":"<p>Desperta el teu costat m\u00e9s rom\u00e0ntic amb els nostres leggings foscos adornats amb un encantador estampat de cors en tonalitats blaves. Aquests leggings s\u00f3n l&#039;elecci\u00f3 perfecta per expressar el teu amor i el teu estil, combinant eleg\u00e0ncia i tendresa en una pe\u00e7a \u00fanica i captivadora.<\/p>\n<p>Confeccionats amb teixits d&#039;alta qualitat i un disseny de cintura alta que ofereix un ajustament c\u00f2mode i afavoridor, els nostres leggings et brinden la llibertat de moviment que necessites per a les teves activitats di\u00e0ries o per lluir un look ple d&#039;encant a les sortides especials.<\/p>\n<p>L&#039;estampat de cors en tonalitats blaves afegeix un toc de dol\u00e7or i roman\u00e7 a aquests leggings, convertint-los en una pe\u00e7a \u00fanica que segurament cridar\u00e0 l&#039;atenci\u00f3. Ja sigui que els facis servir per a una cita rom\u00e0ntica o simplement per expressar el teu amor per la moda, aquests leggings s\u00f3n l&#039;opci\u00f3 perfecta per destacar el teu costat m\u00e9s tendre i encantador.<\/p>\n<p>Fes una declaraci\u00f3 de moda i amor amb els nostres leggings foscos amb estampat de cors en tonalitats blaves. Fes la teva comanda avui mateix i porta amb tu l&#039;encant i l&#039;eleg\u00e0ncia a cada pas que facis!<\/p>\n<p>\u2022 82% poli\u00e8ster, 18% elast\u00e0<br \/>\n\u2022 Tela el\u00e0stica en quatre direccions molt suau<br \/>\n\u2022 Cintura alta c\u00f2moda<br \/>\n\u2022 Costures planes i punt de cobertura<br \/>\n\u2022 Components del producte base als EUA i M\u00e8xic procedents de la Xina<br \/>\n\u2022 Components del producte base a la UE procedents de la Xina i Litu\u00e0nia<\/p>","protected":false},"excerpt":{"rendered":"<p>Despierta tu lado m\u00e1s rom\u00e1ntico con nuestros leggings oscuros adornados con un encantador estampado de corazones en tonalidades azules. Estos leggings son la elecci\u00f3n perfecta para expresar tu amor y&#8230;<\/p>","protected":false},"featured_media":6235,"comment_status":"open","ping_status":"closed","template":"","meta":{"jetpack_post_was_ever_published":false,"jetpack_publicize_message":"","jetpack_publicize_feature_enabled":true,"jetpack_social_post_already_shared":true,"jetpack_social_options":{"image_generator_settings":{"template":"highway","enabled":false},"version":2}},"product_cat":[176],"product_tag":[],"class_list":{"0":"post-6227","1":"product","2":"type-product","3":"status-publish","4":"has-post-thumbnail","6":"product_cat-leggings-shorts","8":"first","9":"instock","10":"taxable","11":"shipping-taxable","12":"purchasable","13":"product-type-variable"},"jetpack_publicize_connections":[],"aioseo_notices":[],"jetpack_sharing_enabled":true,"_links":{"self":[{"href":"https:\/\/www.dharanastyle.com\/ca\/wp-json\/wp\/v2\/product\/6227","targetHints":{"allow":["GET"]}}],"collection":[{"href":"https:\/\/www.dharanastyle.com\/ca\/wp-json\/wp\/v2\/product"}],"about":[{"href":"https:\/\/www.dharanastyle.com\/ca\/wp-json\/wp\/v2\/types\/product"}],"replies":[{"embeddable":true,"href":"https:\/\/www.dharanastyle.com\/ca\/wp-json\/wp\/v2\/comments?post=6227"}],"wp:featuredmedia":[{"embeddable":true,"href":"https:\/\/www.dharanastyle.com\/ca\/wp-json\/wp\/v2\/media\/6235"}],"wp:attachment":[{"href":"https:\/\/www.dharanastyle.com\/ca\/wp-json\/wp\/v2\/media?parent=6227"}],"wp:term":[{"taxonomy":"product_cat","embeddable":true,"href":"https:\/\/www.dharanastyle.com\/ca\/wp-json\/wp\/v2\/product_cat?post=6227"},{"taxonomy":"product_tag","embeddable":true,"href":"https:\/\/www.dharanastyle.com\/ca\/wp-json\/wp\/v2\/product_tag?post=6227"}],"curies":[{"name":"wp","href":"https:\/\/api.w.org\/{rel}","templated":true}]}}