{"id":6209,"date":"2024-04-14T15:06:25","date_gmt":"2024-04-14T13:06:25","guid":{"rendered":"https:\/\/dharanastyle.com\/tienda\/sin%20categor\u00eda\/pantalones-cortos-de-yoga-geometria-flor-leggings-yoga-cintura-alta\/"},"modified":"2024-04-14T15:07:29","modified_gmt":"2024-04-14T13:07:29","slug":"pantalones-cortos-de-yoga-geometria-flor-leggings-yoga-cintura-alta","status":"publish","type":"product","link":"https:\/\/www.dharanastyle.com\/ca\/tienda\/leggings\/leggings-shorts\/pantalones-cortos-de-yoga-geometria-flor-leggings-yoga-cintura-alta\/","title":{"rendered":"Pantalons curts de ioga geometria flor. Leggings ioga cintura alta."},"content":{"rendered":"<p>Eleva el teu estil i la teva energia amb els nostres leggings foscos adornats amb un bell patr\u00f3 de geometria sagrada de flor sobre un fons degradat de colors suaus. Aquests leggings s\u00f3n molt m\u00e9s que una pe\u00e7a de vestir, s\u00f3n una expressi\u00f3 de la teva connexi\u00f3 amb all\u00f2 div\u00ed i all\u00f2 espiritual, combinant eleg\u00e0ncia i significat en una pe\u00e7a \u00fanica i captivadora.<\/p>\n<p>Confeccionats amb teixits d&#039;alta qualitat i un disseny de cintura alta que ofereix un ajustament c\u00f2mode i afavoridor, els nostres leggings et brinden la llibertat de moviment que necessites per a les teves pr\u00e0ctiques de ioga, meditaci\u00f3 o simplement per lluir un estil ple d&#039;energia positiva al teu dia a dia.<\/p>\n<p>El patr\u00f3 de geometria sagrada de flor sobre un fons degradat de colors suaus afegeix un toc de misticisme i bellesa a aquests leggings, convertint-los en una pe\u00e7a \u00fanica que segurament cridar\u00e0 latenci\u00f3. Ja sigui que els facis servir per a les teves pr\u00e0ctiques espirituals o simplement per lluir un estil \u00fanic, aquests leggings s\u00f3n l&#039;opci\u00f3 perfecta per expressar la teva connexi\u00f3 amb el sagrat i el teu amor per la moda.<\/p>\n<p>Fes una declaraci\u00f3 de moda i espiritualitat amb els nostres leggings foscos amb patr\u00f3 de geometria sagrada de flor sobre un fons degradat de colors suaus. Fes la teva comanda avui mateix i porta amb tu la bellesa i l&#039;energia positiva a cada pas que facis!<\/p>\n<p>\u2022 82% poli\u00e8ster, 18% elast\u00e0<br \/>\n\u2022 Tela el\u00e0stica en quatre direccions molt suau<br \/>\n\u2022 Cintura alta c\u00f2moda<br \/>\n\u2022 Costures planes i punt de cobertura<br \/>\n\u2022 Components del producte base als EUA i M\u00e8xic procedents de la Xina<br \/>\n\u2022 Components del producte base a la UE procedents de la Xina i Litu\u00e0nia<\/p>","protected":false},"excerpt":{"rendered":"<p>Eleva tu estilo y tu energ\u00eda con nuestros leggings oscuros adornados con un hermoso patr\u00f3n de geometr\u00eda sagrada de flor sobre un fondo degradado de colores suaves. Estos leggings son&#8230;<\/p>","protected":false},"featured_media":6217,"comment_status":"open","ping_status":"closed","template":"","meta":{"jetpack_post_was_ever_published":false,"jetpack_publicize_message":"","jetpack_publicize_feature_enabled":true,"jetpack_social_post_already_shared":true,"jetpack_social_options":{"image_generator_settings":{"template":"highway","enabled":false},"version":2}},"product_cat":[176],"product_tag":[],"class_list":{"0":"post-6209","1":"product","2":"type-product","3":"status-publish","4":"has-post-thumbnail","6":"product_cat-leggings-shorts","8":"first","9":"instock","10":"taxable","11":"shipping-taxable","12":"purchasable","13":"product-type-variable"},"jetpack_publicize_connections":[],"aioseo_notices":[],"jetpack_sharing_enabled":true,"_links":{"self":[{"href":"https:\/\/www.dharanastyle.com\/ca\/wp-json\/wp\/v2\/product\/6209","targetHints":{"allow":["GET"]}}],"collection":[{"href":"https:\/\/www.dharanastyle.com\/ca\/wp-json\/wp\/v2\/product"}],"about":[{"href":"https:\/\/www.dharanastyle.com\/ca\/wp-json\/wp\/v2\/types\/product"}],"replies":[{"embeddable":true,"href":"https:\/\/www.dharanastyle.com\/ca\/wp-json\/wp\/v2\/comments?post=6209"}],"wp:featuredmedia":[{"embeddable":true,"href":"https:\/\/www.dharanastyle.com\/ca\/wp-json\/wp\/v2\/media\/6217"}],"wp:attachment":[{"href":"https:\/\/www.dharanastyle.com\/ca\/wp-json\/wp\/v2\/media?parent=6209"}],"wp:term":[{"taxonomy":"product_cat","embeddable":true,"href":"https:\/\/www.dharanastyle.com\/ca\/wp-json\/wp\/v2\/product_cat?post=6209"},{"taxonomy":"product_tag","embeddable":true,"href":"https:\/\/www.dharanastyle.com\/ca\/wp-json\/wp\/v2\/product_tag?post=6209"}],"curies":[{"name":"wp","href":"https:\/\/api.w.org\/{rel}","templated":true}]}}