{"id":6191,"date":"2024-04-14T14:51:02","date_gmt":"2024-04-14T12:51:02","guid":{"rendered":"https:\/\/dharanastyle.com\/tienda\/sin%20categor\u00eda\/pantalones-cortos-de-yoga-nubulosa-legging-corto-yoga-cintura-alta-comodidad-y-suavidad\/"},"modified":"2024-05-28T12:24:14","modified_gmt":"2024-05-28T10:24:14","slug":"pantalones-cortos-de-yoga-nubulosa-legging-corto-yoga-cintura-alta-comodidad-y-suavidad","status":"publish","type":"product","link":"https:\/\/www.dharanastyle.com\/ca\/tienda\/leggings\/leggings-shorts\/pantalones-cortos-de-yoga-nubulosa-legging-corto-yoga-cintura-alta-comodidad-y-suavidad\/","title":{"rendered":"Pantalons curts de ioga nubulosa. Legging curt ioga cintura alta. Comoditat i suavitat."},"content":{"rendered":"<p>Submergeix-te en un mar de tranquil\u00b7litat i estil amb els nostres pantalons curts de ioga de cintura alta, adornats amb un encantador estampat tipus n\u00favol en una suau paleta de colors pastissos, que inclou tons taronja, groc, blaus i m\u00e9s. Aquests pantalons curts s\u00f3n l&#039;elecci\u00f3 perfecta per a les teves sessions de ioga, brindant comoditat i llibertat de moviment mentre et submergeixes en la serenitat de la pr\u00e0ctica.<\/p>\n<p>Confeccionats amb teixits d&#039;alta qualitat i una cintura alta que ofereix un ajustament c\u00f2mode i afavoridor, els nostres pantalons curts de ioga et permeten concentrar-te a la teva pr\u00e0ctica sense preocupacions. El seu disseny modern i vers\u00e0til els fa ideals no nom\u00e9s per al ioga, sin\u00f3 tamb\u00e9 per a activitats de relaxaci\u00f3 a casa o per lluir un estil casual i ple de frescor a les sortides di\u00e0ries.<\/p>\n<p>L&#039;estampat tipus n\u00favol en colors pastissos afegeix un toc de tranquil\u00b7litat i harmonia a aquests pantalons curts, convertint-los en una pe\u00e7a \u00fanica que segurament cridar\u00e0 l&#039;atenci\u00f3. Ja sigui que els facis servir per a les teves sessions de ioga o simplement per relaxar-te a casa, aquests pantalons curts s\u00f3n l&#039;opci\u00f3 perfecta per expressar el teu amor per la pau i la serenitat.<\/p>\n<p>Fes una declaraci\u00f3 de moda i benestar amb els nostres pantalons curts de ioga de cintura alta amb estampat tipus n\u00favol en colors pastissos. Fes la teva comanda avui mateix i porta amb tu la calma i la tranquil\u00b7litat a cada pr\u00e0ctica!<\/p>\n<p>\u2022 82% poli\u00e8ster, 18% elast\u00e0<br \/>\n\u2022 Tela el\u00e0stica en quatre direccions molt suau<br \/>\n\u2022 Cintura alta c\u00f2moda<br \/>\n\u2022 Costures planes i punt de cobertura<br \/>\n\u2022 Components del producte base als EUA i M\u00e8xic procedents de la Xina<br \/>\n\u2022 Components del producte base a la UE procedents de la Xina i Litu\u00e0nia<\/p>","protected":false},"excerpt":{"rendered":"<p>Sum\u00e9rgete en un mar de tranquilidad y estilo con nuestros pantalones cortos de yoga de cintura alta, adornados con un encantador estampado tipo nube en una suave paleta de colores&#8230;<\/p>","protected":false},"featured_media":6199,"comment_status":"open","ping_status":"closed","template":"","meta":{"jetpack_post_was_ever_published":false,"jetpack_publicize_message":"","jetpack_publicize_feature_enabled":true,"jetpack_social_post_already_shared":true,"jetpack_social_options":{"image_generator_settings":{"template":"highway","enabled":false},"version":2}},"product_cat":[176],"product_tag":[],"class_list":{"0":"post-6191","1":"product","2":"type-product","3":"status-publish","4":"has-post-thumbnail","6":"product_cat-leggings-shorts","8":"first","9":"instock","10":"taxable","11":"shipping-taxable","12":"purchasable","13":"product-type-variable"},"jetpack_publicize_connections":[],"aioseo_notices":[],"jetpack_sharing_enabled":true,"_links":{"self":[{"href":"https:\/\/www.dharanastyle.com\/ca\/wp-json\/wp\/v2\/product\/6191","targetHints":{"allow":["GET"]}}],"collection":[{"href":"https:\/\/www.dharanastyle.com\/ca\/wp-json\/wp\/v2\/product"}],"about":[{"href":"https:\/\/www.dharanastyle.com\/ca\/wp-json\/wp\/v2\/types\/product"}],"replies":[{"embeddable":true,"href":"https:\/\/www.dharanastyle.com\/ca\/wp-json\/wp\/v2\/comments?post=6191"}],"wp:featuredmedia":[{"embeddable":true,"href":"https:\/\/www.dharanastyle.com\/ca\/wp-json\/wp\/v2\/media\/6199"}],"wp:attachment":[{"href":"https:\/\/www.dharanastyle.com\/ca\/wp-json\/wp\/v2\/media?parent=6191"}],"wp:term":[{"taxonomy":"product_cat","embeddable":true,"href":"https:\/\/www.dharanastyle.com\/ca\/wp-json\/wp\/v2\/product_cat?post=6191"},{"taxonomy":"product_tag","embeddable":true,"href":"https:\/\/www.dharanastyle.com\/ca\/wp-json\/wp\/v2\/product_tag?post=6191"}],"curies":[{"name":"wp","href":"https:\/\/api.w.org\/{rel}","templated":true}]}}