{"id":6137,"date":"2024-04-14T11:29:22","date_gmt":"2024-04-14T09:29:22","guid":{"rendered":"https:\/\/dharanastyle.com\/tienda\/sin%20categor\u00eda\/pantalones-cortos-negros-notas-musicales-pantalones-cortos-atleticos-cintura-baja-des-de-xs-a-3xl\/"},"modified":"2024-04-29T21:01:20","modified_gmt":"2024-04-29T19:01:20","slug":"pantalones-cortos-negros-notas-musicales-pantalones-cortos-atleticos-cintura-baja-des-de-xs-a-3xl","status":"publish","type":"product","link":"https:\/\/www.dharanastyle.com\/ca\/tienda\/leggings\/leggings-cortos-cintura-baja\/pantalones-cortos-negros-notas-musicales-pantalones-cortos-atleticos-cintura-baja-des-de-xs-a-3xl\/","title":{"rendered":"Pantalons curts negres notes musicals, pantalons curts atl\u00e8tics cintura baixa."},"content":{"rendered":"<p>Expressa la teva passi\u00f3 per la m\u00fasica amb els nostres elegants pantalons curts negres adornats amb notes musicals blanques. Aquests pantalons curts s\u00f3n l&#039;opci\u00f3 perfecta per als amants de la m\u00fasica que volen portar el seu estil al seg\u00fcent nivell, combinant eleg\u00e0ncia i melodia en una pe\u00e7a \u00fanica i vers\u00e0til.<\/p>\n<p>Confeccionats amb teixits d&#039;alta qualitat, els nostres pantalons curts ofereixen un ajustament c\u00f2mode i afavoridor que et permet moure&#039;t amb llibertat durant tot el dia. un look casual i ple destil.<\/p>\n<p>Les notes musicals blanques afegeixen un toc d&#039;originalitat i creativitat a aquests pantalons curts, convertint-los en una pe\u00e7a \u00fanica que segurament cridar\u00e0 l&#039;atenci\u00f3. Ja sigui que els facis servir per demostrar el teu amor per la m\u00fasica o simplement per lluir un estil \u00fanic, aquests pantalons curts s\u00f3n l&#039;opci\u00f3 perfecta per expressar la teva passi\u00f3 i personalitat.<\/p>\n<p>Fes una declaraci\u00f3 de moda i m\u00fasica amb els nostres pantalons curts negres amb notes musicals blanques. Fes la teva comanda avui mateix i porta amb tu el ritme i l&#039;harmonia a cada pas que facis!<\/p>\n<p>\u2022 82% poli\u00e8ster, 18% elast\u00e0<br \/>\n\u2022 Tela el\u00e0stica en 4 adreces que s&#039;estira i es recupera als fils de la trama i de l&#039;ordit<br \/>\n\u2022 Elaborat amb fil de microfibra suau i agradable al tacte<br \/>\n\u2022 Amb sobrefilat i punt de cobertura<br \/>\n\u2022 Cintura el\u00e0stica c\u00f2moda<\/p>","protected":false},"excerpt":{"rendered":"<p>Expresa tu pasi\u00f3n por la m\u00fasica con nuestros elegantes pantalones cortos negros adornados con notas musicales blancas. Estos pantalones cortos son la opci\u00f3n perfecta para los amantes de la m\u00fasica&#8230;<\/p>","protected":false},"featured_media":7765,"comment_status":"open","ping_status":"closed","template":"","meta":{"jetpack_post_was_ever_published":false,"jetpack_publicize_message":"","jetpack_publicize_feature_enabled":true,"jetpack_social_post_already_shared":true,"jetpack_social_options":{"image_generator_settings":{"template":"highway","enabled":false},"version":2}},"product_cat":[180],"product_tag":[],"class_list":{"0":"post-6137","1":"product","2":"type-product","3":"status-publish","4":"has-post-thumbnail","6":"product_cat-leggings-cortos-cintura-baja","8":"first","9":"instock","10":"taxable","11":"shipping-taxable","12":"purchasable","13":"product-type-variable"},"jetpack_publicize_connections":[],"aioseo_notices":[],"jetpack_sharing_enabled":true,"_links":{"self":[{"href":"https:\/\/www.dharanastyle.com\/ca\/wp-json\/wp\/v2\/product\/6137","targetHints":{"allow":["GET"]}}],"collection":[{"href":"https:\/\/www.dharanastyle.com\/ca\/wp-json\/wp\/v2\/product"}],"about":[{"href":"https:\/\/www.dharanastyle.com\/ca\/wp-json\/wp\/v2\/types\/product"}],"replies":[{"embeddable":true,"href":"https:\/\/www.dharanastyle.com\/ca\/wp-json\/wp\/v2\/comments?post=6137"}],"wp:featuredmedia":[{"embeddable":true,"href":"https:\/\/www.dharanastyle.com\/ca\/wp-json\/wp\/v2\/media\/7765"}],"wp:attachment":[{"href":"https:\/\/www.dharanastyle.com\/ca\/wp-json\/wp\/v2\/media?parent=6137"}],"wp:term":[{"taxonomy":"product_cat","embeddable":true,"href":"https:\/\/www.dharanastyle.com\/ca\/wp-json\/wp\/v2\/product_cat?post=6137"},{"taxonomy":"product_tag","embeddable":true,"href":"https:\/\/www.dharanastyle.com\/ca\/wp-json\/wp\/v2\/product_tag?post=6137"}],"curies":[{"name":"wp","href":"https:\/\/api.w.org\/{rel}","templated":true}]}}