{"id":6092,"date":"2024-04-13T23:15:03","date_gmt":"2024-04-13T21:15:03","guid":{"rendered":"https:\/\/dharanastyle.com\/tienda\/sin%20categor\u00eda\/pantalones-cortos-lineas-verticales-blancas-y-negras-legging-corto-cintura-baja-des-de-la-xs-a-3xl\/"},"modified":"2024-04-29T21:08:07","modified_gmt":"2024-04-29T19:08:07","slug":"pantalones-cortos-lineas-verticales-blancas-y-negras-legging-corto-cintura-baja-des-de-la-xs-a-3xl","status":"publish","type":"product","link":"https:\/\/www.dharanastyle.com\/ca\/tienda\/leggings\/leggings-cortos-cintura-baja\/pantalones-cortos-lineas-verticales-blancas-y-negras-legging-corto-cintura-baja-des-de-la-xs-a-3xl\/","title":{"rendered":"Pantalons curts l\u00ednies verticals blanques i negres. Legging curt cintura baixa."},"content":{"rendered":"<p>Gaudeix de la comoditat i l&#039;estil amb els nostres pantalons curts suaus i c\u00f2modes, dissenyats per oferir-te el m\u00e0xim confort en qualsevol ocasi\u00f3. Amb un elegant disseny de l\u00ednies blanques i negres horitzontals i una franja negra a la cintura, aquests pantalons curts s\u00f3n una combinaci\u00f3 perfecta d&#039;estil i funcionalitat.<\/p>\n<p>Confeccionats amb teixits d&#039;alta qualitat, els nostres pantalons curts ofereixen un ajustament perfecte que permet moure&#039;t amb llibertat i comoditat durant tot el dia. El seu disseny modern i vers\u00e0til els fa ideals per a qualsevol activitat, ja sigui a casa, al gimn\u00e0s o en un dia de relax a l&#039;aire lliure.<\/p>\n<p>La franja negra a la cintura afegeix un toc destil addicional i ajuda a mantenir els pantalons curts en el seu lloc de manera segura. Ja sigui que els facis servir per fer exercici o simplement per relaxar-te a casa, aquests pantalons curts s\u00f3n l&#039;opci\u00f3 perfecta per lluir un look casual i ple d&#039;estil.<\/p>\n<p>Fes una declaraci\u00f3 de moda i comoditat amb els nostres pantalons curts suaus i c\u00f2modes, amb un elegant disseny de l\u00ednies blanques i negres horitzontals i una franja negra a la cintura. Fes la teva comanda avui mateix i eleva el teu estil casual a un nivell superior!<\/p>\n<p>\u2022 82% poli\u00e8ster, 18% elast\u00e0<br \/>\n\u2022 Tela el\u00e0stica en 4 adreces que s&#039;estira i es recupera als fils de la trama i de l&#039;ordit<br \/>\n\u2022 Elaborat amb fil de microfibra suau i agradable al tacte<br \/>\n\u2022 Amb sobrefilat i punt de cobertura<br \/>\n\u2022 Cintura el\u00e0stica c\u00f2moda<\/p>","protected":false},"excerpt":{"rendered":"<p>Disfruta de la comodidad y el estilo con nuestros pantalones cortos suaves y c\u00f3modos, dise\u00f1ados para brindarte el m\u00e1ximo confort en cualquier ocasi\u00f3n. Con un elegante dise\u00f1o de l\u00edneas blancas&#8230;<\/p>","protected":false},"featured_media":7783,"comment_status":"open","ping_status":"closed","template":"","meta":{"jetpack_post_was_ever_published":false,"jetpack_publicize_message":"","jetpack_publicize_feature_enabled":true,"jetpack_social_post_already_shared":true,"jetpack_social_options":{"image_generator_settings":{"template":"highway","enabled":false},"version":2}},"product_cat":[180],"product_tag":[],"class_list":{"0":"post-6092","1":"product","2":"type-product","3":"status-publish","4":"has-post-thumbnail","6":"product_cat-leggings-cortos-cintura-baja","8":"first","9":"instock","10":"taxable","11":"shipping-taxable","12":"purchasable","13":"product-type-variable"},"jetpack_publicize_connections":[],"aioseo_notices":[],"jetpack_sharing_enabled":true,"_links":{"self":[{"href":"https:\/\/www.dharanastyle.com\/ca\/wp-json\/wp\/v2\/product\/6092","targetHints":{"allow":["GET"]}}],"collection":[{"href":"https:\/\/www.dharanastyle.com\/ca\/wp-json\/wp\/v2\/product"}],"about":[{"href":"https:\/\/www.dharanastyle.com\/ca\/wp-json\/wp\/v2\/types\/product"}],"replies":[{"embeddable":true,"href":"https:\/\/www.dharanastyle.com\/ca\/wp-json\/wp\/v2\/comments?post=6092"}],"wp:featuredmedia":[{"embeddable":true,"href":"https:\/\/www.dharanastyle.com\/ca\/wp-json\/wp\/v2\/media\/7783"}],"wp:attachment":[{"href":"https:\/\/www.dharanastyle.com\/ca\/wp-json\/wp\/v2\/media?parent=6092"}],"wp:term":[{"taxonomy":"product_cat","embeddable":true,"href":"https:\/\/www.dharanastyle.com\/ca\/wp-json\/wp\/v2\/product_cat?post=6092"},{"taxonomy":"product_tag","embeddable":true,"href":"https:\/\/www.dharanastyle.com\/ca\/wp-json\/wp\/v2\/product_tag?post=6092"}],"curies":[{"name":"wp","href":"https:\/\/api.w.org\/{rel}","templated":true}]}}