{"id":6059,"date":"2024-04-13T22:39:06","date_gmt":"2024-04-13T20:39:06","guid":{"rendered":"https:\/\/dharanastyle.com\/tienda\/sin%20categor\u00eda\/vestido-ajustado-ocre-con-circunferencias\/"},"modified":"2024-04-14T11:06:33","modified_gmt":"2024-04-14T09:06:33","slug":"vestido-ajustado-ocre-con-circunferencias","status":"publish","type":"product","link":"https:\/\/www.dharanastyle.com\/ca\/tienda\/vestido-mujer\/vestido-ajustado-ocre-con-circunferencias\/","title":{"rendered":"Vestit ajustat ocre amb circumfer\u00e8ncies."},"content":{"rendered":"<p>Llueix un estil \u00fanic i sofisticat amb el nostre encantador vestit en un c\u00e0lid to ocre, adornat amb petites circumfer\u00e8ncies de color verd clar que afegeixen un toc de frescor i vitalitat. Aquest vestit \u00e9s una declaraci\u00f3 d&#039;eleg\u00e0ncia i de modernitat, dissenyat per destacar en qualsevol ocasi\u00f3 amb el seu encant subtil i distintiu.<\/p>\n<p>Confeccionat amb teixits d\u00b4alta qualitat, el nostre vestit ofereix un ajustament perfecte que ressalta la teva figura i et fa sentir segura i radiant. El seu disseny delicat i ple de detalls et far\u00e0 destacar amb el seu estil \u00fanic i sofisticat.<\/p>\n<p>Ja sigui que el facis servir per a un sopar elegant, una ocasi\u00f3 especial o una sortida casual, aquest vestit \u00e9s l&#039;elecci\u00f3 perfecta per lluir un look impecable i ple de personalitat. Combina&#039;l amb talons alts i accessoris a joc per a un estil sofisticat i elegant.<\/p>\n<p>Fes una declaraci\u00f3 de moda i estil amb el nostre encantador vestit de color ocre, adornat amb circumfer\u00e8ncies de color verd clar. Fes la teva comanda avui mateix i afegeix un toc de frescor al teu guarda-roba!<\/p>\n<p>\u2022 82% poli\u00e8ster, 18% elast\u00e0 <br \/>\n\u2022 Pes del teixit: 230 g\/m\u00b2 (6,78 oz\/id\u00b2), el pes podria variar en un 5%<br \/>\n\u2022 Fabricat amb fil de microfibra suau i agradable al tacte<br \/>\n\u2022 Teixit que s&#039;estira en quatre adreces<br \/>\n\u2022 Components del producte base procedents de la Xina<\/p>","protected":false},"excerpt":{"rendered":"<p>Luce un estilo \u00fanico y sofisticado con nuestro encantador vestido en un c\u00e1lido tono ocre, adornado con peque\u00f1as circunferencias de color verde claro que a\u00f1aden un toque de frescura y&#8230;<\/p>","protected":false},"featured_media":6067,"comment_status":"open","ping_status":"closed","template":"","meta":{"jetpack_post_was_ever_published":false,"jetpack_publicize_message":"","jetpack_publicize_feature_enabled":true,"jetpack_social_post_already_shared":true,"jetpack_social_options":{"image_generator_settings":{"template":"highway","enabled":false},"version":2}},"product_cat":[187],"product_tag":[188],"class_list":{"0":"post-6059","1":"product","2":"type-product","3":"status-publish","4":"has-post-thumbnail","6":"product_cat-vestido-mujer","7":"product_tag-circunferencias","9":"first","10":"instock","11":"taxable","12":"shipping-taxable","13":"purchasable","14":"product-type-variable"},"jetpack_publicize_connections":[],"aioseo_notices":[],"jetpack_sharing_enabled":true,"_links":{"self":[{"href":"https:\/\/www.dharanastyle.com\/ca\/wp-json\/wp\/v2\/product\/6059","targetHints":{"allow":["GET"]}}],"collection":[{"href":"https:\/\/www.dharanastyle.com\/ca\/wp-json\/wp\/v2\/product"}],"about":[{"href":"https:\/\/www.dharanastyle.com\/ca\/wp-json\/wp\/v2\/types\/product"}],"replies":[{"embeddable":true,"href":"https:\/\/www.dharanastyle.com\/ca\/wp-json\/wp\/v2\/comments?post=6059"}],"wp:featuredmedia":[{"embeddable":true,"href":"https:\/\/www.dharanastyle.com\/ca\/wp-json\/wp\/v2\/media\/6067"}],"wp:attachment":[{"href":"https:\/\/www.dharanastyle.com\/ca\/wp-json\/wp\/v2\/media?parent=6059"}],"wp:term":[{"taxonomy":"product_cat","embeddable":true,"href":"https:\/\/www.dharanastyle.com\/ca\/wp-json\/wp\/v2\/product_cat?post=6059"},{"taxonomy":"product_tag","embeddable":true,"href":"https:\/\/www.dharanastyle.com\/ca\/wp-json\/wp\/v2\/product_tag?post=6059"}],"curies":[{"name":"wp","href":"https:\/\/api.w.org\/{rel}","templated":true}]}}