{"id":6043,"date":"2024-04-13T22:35:48","date_gmt":"2024-04-13T20:35:48","guid":{"rendered":"https:\/\/dharanastyle.com\/tienda\/sin%20categor\u00eda\/vestido-ajustado-arcoiris-verde-vintage\/"},"modified":"2024-04-14T11:07:26","modified_gmt":"2024-04-14T09:07:26","slug":"vestido-ajustado-arcoiris-verde-vintage","status":"publish","type":"product","link":"https:\/\/www.dharanastyle.com\/ca\/tienda\/vestido-mujer\/vestido-ajustado-arcoiris-verde-vintage\/","title":{"rendered":"Vestit ajustat arcoiris verd vintage."},"content":{"rendered":"<p>Fes una declaraci\u00f3 d&#039;alegria i color amb el nostre encantador vestit, que presenta un vibrant patr\u00f3 en forma d&#039;arc de Sant Mart\u00ed en tons verd vintage, adornat amb una l\u00ednia groga i ataronjada que ressalta la seva bellesa \u00fanica. Aquest vestit \u00e9s una explosi\u00f3 denergia i estil, dissenyat per il\u00b7luminar el teu dia amb el seu encant i vitalitat.<\/p>\n<p>Confeccionat amb teixits d&#039;alta qualitat, el nostre vestit ofereix un ajustament perfecte que ressalta la teva figura i et fa sentir segura i radiant. El seu disseny alegre i cridaner et far\u00e0 destacar en qualsevol ocasi\u00f3, convertint-te al centre d&#039;atenci\u00f3 amb el seu encant \u00fanic.<\/p>\n<p>Ja sigui que el facis servir per a una sortida informal, una reuni\u00f3 amb amics o una tarda a la ciutat, aquest vestit \u00e9s l&#039;elecci\u00f3 perfecta per lluir un estil fresc i ple de vida. Combina&#039;l amb sand\u00e0lies i accessoris colorits per a un look estiuenc i ple d&#039;energia.<\/p>\n<p>Fes una declaraci\u00f3 de moda i felicitat amb el nostre vibrant vestit de patr\u00f3 arc de Sant Mart\u00ed en tons verd vintage i l\u00ednia groga i ataronjada. Fes la teva comanda avui mateix i porta l&#039;alegria de l&#039;arc de Sant Mart\u00ed al teu guarda-roba!<\/p>\n<p>\u2022 82% poli\u00e8ster, 18% elast\u00e0 <br \/>\n\u2022 Pes del teixit: 230 g\/m\u00b2 (6,78 oz\/id\u00b2), el pes podria variar en un 5%<br \/>\n\u2022 Fabricat amb fil de microfibra suau i agradable al tacte<br \/>\n\u2022 Teixit que s&#039;estira en quatre adreces<br \/>\n\u2022 Components del producte base procedents de la Xina<\/p>","protected":false},"excerpt":{"rendered":"<p>Haz una declaraci\u00f3n de alegr\u00eda y color con nuestro encantador vestido, que presenta un vibrante patr\u00f3n en forma de arco\u00edris en tonos verde vintage, adornado con una l\u00ednea amarilla y&#8230;<\/p>","protected":false},"featured_media":6051,"comment_status":"open","ping_status":"closed","template":"","meta":{"jetpack_post_was_ever_published":false,"jetpack_publicize_message":"","jetpack_publicize_feature_enabled":true,"jetpack_social_post_already_shared":true,"jetpack_social_options":{"image_generator_settings":{"template":"highway","enabled":false},"version":2}},"product_cat":[187],"product_tag":[109,117],"class_list":{"0":"post-6043","1":"product","2":"type-product","3":"status-publish","4":"has-post-thumbnail","6":"product_cat-vestido-mujer","7":"product_tag-arcoiris","8":"product_tag-vintage","10":"first","11":"instock","12":"taxable","13":"shipping-taxable","14":"purchasable","15":"product-type-variable"},"jetpack_publicize_connections":[],"aioseo_notices":[],"jetpack_sharing_enabled":true,"_links":{"self":[{"href":"https:\/\/www.dharanastyle.com\/ca\/wp-json\/wp\/v2\/product\/6043","targetHints":{"allow":["GET"]}}],"collection":[{"href":"https:\/\/www.dharanastyle.com\/ca\/wp-json\/wp\/v2\/product"}],"about":[{"href":"https:\/\/www.dharanastyle.com\/ca\/wp-json\/wp\/v2\/types\/product"}],"replies":[{"embeddable":true,"href":"https:\/\/www.dharanastyle.com\/ca\/wp-json\/wp\/v2\/comments?post=6043"}],"wp:featuredmedia":[{"embeddable":true,"href":"https:\/\/www.dharanastyle.com\/ca\/wp-json\/wp\/v2\/media\/6051"}],"wp:attachment":[{"href":"https:\/\/www.dharanastyle.com\/ca\/wp-json\/wp\/v2\/media?parent=6043"}],"wp:term":[{"taxonomy":"product_cat","embeddable":true,"href":"https:\/\/www.dharanastyle.com\/ca\/wp-json\/wp\/v2\/product_cat?post=6043"},{"taxonomy":"product_tag","embeddable":true,"href":"https:\/\/www.dharanastyle.com\/ca\/wp-json\/wp\/v2\/product_tag?post=6043"}],"curies":[{"name":"wp","href":"https:\/\/api.w.org\/{rel}","templated":true}]}}