{"id":6028,"date":"2024-04-13T22:32:36","date_gmt":"2024-04-13T20:32:36","guid":{"rendered":"https:\/\/dharanastyle.com\/tienda\/sin%20categor\u00eda\/vestido-ajustado-figuras-geometricas-vintage\/"},"modified":"2024-04-14T11:08:02","modified_gmt":"2024-04-14T09:08:02","slug":"vestido-ajustado-figuras-geometricas-vintage","status":"publish","type":"product","link":"https:\/\/www.dharanastyle.com\/ca\/tienda\/vestido-mujer\/vestido-ajustado-figuras-geometricas-vintage\/","title":{"rendered":"Vestit ajustat figures geom\u00e8triques vintage."},"content":{"rendered":"<p>Deslumbra con nuestro impresionante vestido, donde las figuras geom\u00e9tricas en tonos marrones, verdes y beige se combinan para crear un efecto vibrante y cautivador. Este vestido es una obra maestra de estilo y elegancia, dise\u00f1ado para destacar en cualquier ocasi\u00f3n.<\/p>\n<p>Confeccionado con tejidos de alta calidad, nuestro vestido ofrece un ajuste perfecto que resalta tus curvas y te hace sentir segura y glamurosa. Su dise\u00f1o \u00fanico y llamativo atraer\u00e1 todas las miradas, convirti\u00e9ndote en el centro de atenci\u00f3n dondequiera que vayas.<\/p>\n<p>Ya sea que lo uses para una cena elegante, una fiesta con amigos o una ocasi\u00f3n especial, este vestido es la elecci\u00f3n perfecta para lucir un estilo \u00fanico y lleno de personalidad. Comb\u00ednalo con tacones altos y accesorios a juego para un look deslumbrante y sofisticado.<\/p>\n<p>Haz una declaraci\u00f3n de moda y estilo con nuestro vibrante vestido de figuras geom\u00e9tricas en tonos marrones, verdes y beige. \u00a1Haz tu pedido hoy mismo y lleva tu elegancia al siguiente nivel!<\/p>\n<p>\u2022 82% poli\u00e8ster, 18% elast\u00e0 <br \/>\n\u2022 Pes del teixit: 230 g\/m\u00b2 (6,78 oz\/id\u00b2), el pes podria variar en un 5%<br \/>\n\u2022 Fabricat amb fil de microfibra suau i agradable al tacte<br \/>\n\u2022 Teixit que s&#039;estira en quatre adreces<br \/>\n\u2022 Components del producte base procedents de la Xina<\/p>","protected":false},"excerpt":{"rendered":"<p>Deslumbra con nuestro impresionante vestido, donde las figuras geom\u00e9tricas en tonos marrones, verdes y beige se combinan para crear un efecto vibrante y cautivador. Este vestido es una obra maestra&#8230;<\/p>","protected":false},"featured_media":6036,"comment_status":"open","ping_status":"closed","template":"","meta":{"jetpack_post_was_ever_published":false,"jetpack_publicize_message":"","jetpack_publicize_feature_enabled":true,"jetpack_social_post_already_shared":true,"jetpack_social_options":{"image_generator_settings":{"template":"highway","enabled":false},"version":2}},"product_cat":[187],"product_tag":[184,117],"class_list":{"0":"post-6028","1":"product","2":"type-product","3":"status-publish","4":"has-post-thumbnail","6":"product_cat-vestido-mujer","7":"product_tag-geometria","8":"product_tag-vintage","10":"first","11":"instock","12":"taxable","13":"shipping-taxable","14":"purchasable","15":"product-type-variable"},"jetpack_publicize_connections":[],"aioseo_notices":[],"jetpack_sharing_enabled":true,"_links":{"self":[{"href":"https:\/\/www.dharanastyle.com\/ca\/wp-json\/wp\/v2\/product\/6028","targetHints":{"allow":["GET"]}}],"collection":[{"href":"https:\/\/www.dharanastyle.com\/ca\/wp-json\/wp\/v2\/product"}],"about":[{"href":"https:\/\/www.dharanastyle.com\/ca\/wp-json\/wp\/v2\/types\/product"}],"replies":[{"embeddable":true,"href":"https:\/\/www.dharanastyle.com\/ca\/wp-json\/wp\/v2\/comments?post=6028"}],"wp:featuredmedia":[{"embeddable":true,"href":"https:\/\/www.dharanastyle.com\/ca\/wp-json\/wp\/v2\/media\/6036"}],"wp:attachment":[{"href":"https:\/\/www.dharanastyle.com\/ca\/wp-json\/wp\/v2\/media?parent=6028"}],"wp:term":[{"taxonomy":"product_cat","embeddable":true,"href":"https:\/\/www.dharanastyle.com\/ca\/wp-json\/wp\/v2\/product_cat?post=6028"},{"taxonomy":"product_tag","embeddable":true,"href":"https:\/\/www.dharanastyle.com\/ca\/wp-json\/wp\/v2\/product_tag?post=6028"}],"curies":[{"name":"wp","href":"https:\/\/api.w.org\/{rel}","templated":true}]}}