{"id":6014,"date":"2024-04-13T20:25:54","date_gmt":"2024-04-13T18:25:54","guid":{"rendered":"https:\/\/dharanastyle.com\/tienda\/sin%20categor\u00eda\/vestido-ajustado-hexagonos-verde\/"},"modified":"2024-04-14T11:08:40","modified_gmt":"2024-04-14T09:08:40","slug":"vestido-ajustado-hexagonos-verde","status":"publish","type":"product","link":"https:\/\/www.dharanastyle.com\/ca\/tienda\/vestido-mujer\/vestido-ajustado-hexagonos-verde\/","title":{"rendered":"Vestit ajustat hex\u00e0gons verd."},"content":{"rendered":"<p>Fes una declaraci\u00f3 d&#039;estil amb el nostre enlluernador vestit de dona de tirants, curt i ajustat, que presenta un disseny cridaner de patr\u00f3 geom\u00e8tric d&#039;hex\u00e0gons sobre un fons de color verd. Aquest vestit combina eleg\u00e0ncia i modernitat en una pe\u00e7a \u00fanica i sofisticada que us far\u00e0 destacar en qualsevol ocasi\u00f3.<\/p>\n<p>Confeccionat amb teixits d&#039;alta qualitat, el nostre vestit ofereix un ajustament perfecte que ressalta les teves corbes i et fa sentir segura i glamurosa. Els tirants ajustables permeten adaptar el vestit al teu estil i prefer\u00e8ncia, mentre que la seva longitud curta afegeix un toc de sensualitat i frescor al teu look.<\/p>\n<p>Ja sigui que el facis servir per a una sortida nocturna, una festa amb amics o una ocasi\u00f3 especial, aquest vestit \u00e9s l&#039;elecci\u00f3 perfecta per lluir un estil \u00fanic i ple de personalitat. Combina&#039;l amb talons alts i accessoris cridaners per a un look enlluernador i elegant.<\/p>\n<p>Fes una declaraci\u00f3 de moda i sofisticaci\u00f3 amb el nostre vestit de tirants curt i ajustat, amb un disseny captivador de patr\u00f3 geom\u00e8tric d&#039;hex\u00e0gons sobre un fons de color verd. Fes la teva comanda avui mateix i porta el teu estil al nivell seg\u00fcent!<\/p>\n<p>\u2022 82% poli\u00e8ster, 18% elast\u00e0 <br \/>\n\u2022 Pes del teixit: 230 g\/m\u00b2 (6,78 oz\/id\u00b2), el pes podria variar en un 5%<br \/>\n\u2022 Fabricat amb fil de microfibra suau i agradable al tacte<br \/>\n\u2022 Teixit que s&#039;estira en quatre adreces<br \/>\n\u2022 Components del producte base procedents de la Xina<\/p>","protected":false},"excerpt":{"rendered":"<p>Haz una declaraci\u00f3n de estilo con nuestro deslumbrante vestido de mujer de tirantes, corto y ajustado, que presenta un llamativo dise\u00f1o de patr\u00f3n geom\u00e9trico de hex\u00e1gonos sobre un fondo de&#8230;<\/p>","protected":false},"featured_media":6022,"comment_status":"open","ping_status":"closed","template":"","meta":{"jetpack_post_was_ever_published":false,"jetpack_publicize_message":"","jetpack_publicize_feature_enabled":true,"jetpack_social_post_already_shared":true,"jetpack_social_options":{"image_generator_settings":{"template":"highway","enabled":false},"version":2}},"product_cat":[187],"product_tag":[189],"class_list":{"0":"post-6014","1":"product","2":"type-product","3":"status-publish","4":"has-post-thumbnail","6":"product_cat-vestido-mujer","7":"product_tag-hexagonos","9":"first","10":"instock","11":"taxable","12":"shipping-taxable","13":"purchasable","14":"product-type-variable"},"jetpack_publicize_connections":[],"aioseo_notices":[],"jetpack_sharing_enabled":true,"_links":{"self":[{"href":"https:\/\/www.dharanastyle.com\/ca\/wp-json\/wp\/v2\/product\/6014","targetHints":{"allow":["GET"]}}],"collection":[{"href":"https:\/\/www.dharanastyle.com\/ca\/wp-json\/wp\/v2\/product"}],"about":[{"href":"https:\/\/www.dharanastyle.com\/ca\/wp-json\/wp\/v2\/types\/product"}],"replies":[{"embeddable":true,"href":"https:\/\/www.dharanastyle.com\/ca\/wp-json\/wp\/v2\/comments?post=6014"}],"wp:featuredmedia":[{"embeddable":true,"href":"https:\/\/www.dharanastyle.com\/ca\/wp-json\/wp\/v2\/media\/6022"}],"wp:attachment":[{"href":"https:\/\/www.dharanastyle.com\/ca\/wp-json\/wp\/v2\/media?parent=6014"}],"wp:term":[{"taxonomy":"product_cat","embeddable":true,"href":"https:\/\/www.dharanastyle.com\/ca\/wp-json\/wp\/v2\/product_cat?post=6014"},{"taxonomy":"product_tag","embeddable":true,"href":"https:\/\/www.dharanastyle.com\/ca\/wp-json\/wp\/v2\/product_tag?post=6014"}],"curies":[{"name":"wp","href":"https:\/\/api.w.org\/{rel}","templated":true}]}}