{"id":5989,"date":"2024-04-13T20:12:20","date_gmt":"2024-04-13T18:12:20","guid":{"rendered":"https:\/\/dharanastyle.com\/tienda\/sin%20categor\u00eda\/bolsa-de-tela-margaritas-tote-bag-resistente\/"},"modified":"2024-04-13T20:13:04","modified_gmt":"2024-04-13T18:13:04","slug":"bolsa-de-tela-margaritas-tote-bag-resistente","status":"publish","type":"product","link":"https:\/\/www.dharanastyle.com\/ca\/tienda\/lifestyle\/bolsas\/bolsa-de-tela-margaritas-tote-bag-resistente\/","title":{"rendered":"Bossa de roba margarides. Tot bag resistent."},"content":{"rendered":"<p>Lleva contigo un toque de primavera todo el a\u00f1o con nuestra encantadora tote bag en un vibrante color verde olivo, adornada con un cautivador patr\u00f3n de margaritas blancas con centro anaranjado rojo. Este dise\u00f1o evoca la frescura y la alegr\u00eda de un campo lleno de flores, a\u00f1adiendo un toque de color y estilo a tu d\u00eda a d\u00eda.<\/p>\n<p>Confeccionada con materiales de alta calidad, nuestra tote bag ofrece durabilidad y resistencia, perfecta para acompa\u00f1arte en todas tus actividades. Sus asas c\u00f3modas te permiten llevarla f\u00e1cilmente contigo a todas partes, mientras que su amplio espacio interior te brinda la capacidad necesaria para llevar tus objetos esenciales.<\/p>\n<p>Ya sea que la uses para ir de compras, llevar tus cosas al trabajo o como compa\u00f1era de viaje, esta tote bag es la elecci\u00f3n perfecta para expresar tu estilo \u00fanico y tu amor por la naturaleza. Comb\u00ednala con tu outfit favorito para un look completo y lleno de personalidad.<\/p>\n<p>Haz una declaraci\u00f3n de moda y frescura con nuestra tote bag en verde olivo, con un encantador patr\u00f3n de margaritas blancas con centro anaranjado rojo. \u00a1Haz tu pedido hoy mismo y lleva contigo la belleza de la naturaleza a donde quiera que vayas!<\/p>\n<p>Bossa de nanses moderna i espaiosa ideal per portar tot el que necessites.<\/p>\n<p>\u2022 100% poli\u00e8ster filat<br \/>\n\u2022 Dimensions: 38,1 x 38,1 cm (15\u2033 x 15\u2033)<br \/>\n\u2022 Capacitat: 10 L (2,6 US gal)<br \/>\n\u2022 L\u00edmit m\u00e0xim de pes: 20 kg (44 lbs)<br \/>\n\u2022 Nansa doble de 100% cot\u00f3 natural bull denim<br \/>\n\u2022 Llarg de la nansa: 30 cm (11,8\u2033), ample 2,5cm (1\u2033)<br \/>\n\u2022 Les nanses poden variar lleugerament segons el centre on es processin<br \/>\n\u2022 Producte base procedent de la Xina<\/p>","protected":false},"excerpt":{"rendered":"<p>Lleva contigo un toque de primavera todo el a\u00f1o con nuestra encantadora tote bag en un vibrante color verde olivo, adornada con un cautivador patr\u00f3n de margaritas blancas con centro&#8230;<\/p>","protected":false},"featured_media":5993,"comment_status":"open","ping_status":"closed","template":"","meta":{"jetpack_post_was_ever_published":false,"jetpack_publicize_message":"","jetpack_publicize_feature_enabled":true,"jetpack_social_post_already_shared":true,"jetpack_social_options":{"image_generator_settings":{"template":"highway","enabled":false},"version":2}},"product_cat":[56,174],"product_tag":[],"class_list":{"0":"post-5989","1":"product","2":"type-product","3":"status-publish","4":"has-post-thumbnail","6":"product_cat-bolsas","7":"product_cat-personalizable","9":"first","10":"instock","11":"taxable","12":"shipping-taxable","13":"purchasable","14":"product-type-variable"},"jetpack_publicize_connections":[],"aioseo_notices":[],"jetpack_sharing_enabled":true,"_links":{"self":[{"href":"https:\/\/www.dharanastyle.com\/ca\/wp-json\/wp\/v2\/product\/5989","targetHints":{"allow":["GET"]}}],"collection":[{"href":"https:\/\/www.dharanastyle.com\/ca\/wp-json\/wp\/v2\/product"}],"about":[{"href":"https:\/\/www.dharanastyle.com\/ca\/wp-json\/wp\/v2\/types\/product"}],"replies":[{"embeddable":true,"href":"https:\/\/www.dharanastyle.com\/ca\/wp-json\/wp\/v2\/comments?post=5989"}],"wp:featuredmedia":[{"embeddable":true,"href":"https:\/\/www.dharanastyle.com\/ca\/wp-json\/wp\/v2\/media\/5993"}],"wp:attachment":[{"href":"https:\/\/www.dharanastyle.com\/ca\/wp-json\/wp\/v2\/media?parent=5989"}],"wp:term":[{"taxonomy":"product_cat","embeddable":true,"href":"https:\/\/www.dharanastyle.com\/ca\/wp-json\/wp\/v2\/product_cat?post=5989"},{"taxonomy":"product_tag","embeddable":true,"href":"https:\/\/www.dharanastyle.com\/ca\/wp-json\/wp\/v2\/product_tag?post=5989"}],"curies":[{"name":"wp","href":"https:\/\/api.w.org\/{rel}","templated":true}]}}