{"id":5981,"date":"2024-04-13T20:01:24","date_gmt":"2024-04-13T18:01:24","guid":{"rendered":"https:\/\/dharanastyle.com\/tienda\/sin%20categor\u00eda\/bolsa-de-tela-patron-vintage-azul-grisaceo-tote-bag-resistente\/"},"modified":"2024-04-13T20:02:10","modified_gmt":"2024-04-13T18:02:10","slug":"bolsa-de-tela-patron-vintage-azul-grisaceo-tote-bag-resistente","status":"publish","type":"product","link":"https:\/\/www.dharanastyle.com\/ca\/tienda\/lifestyle\/bolsas\/bolsa-de-tela-patron-vintage-azul-grisaceo-tote-bag-resistente\/","title":{"rendered":"Bossa de roba patr\u00f3 vintage blau grisenc. Tot bag resistent."},"content":{"rendered":"<p>Porta amb tu l&#039;encant del passat amb la nostra tote bag resistent, adornada amb un captivador estampat de formes ondulades sobre un fons blau grisenc. Aquest vintage disseny evoca la nost\u00e0lgia de l&#039;estil retro amb un toc modern, creant un accessori \u00fanic i ple d&#039;estil.<\/p>\n<p>Confeccionada amb materials d&#039;alta qualitat, la nostra tote bag ofereix durabilitat i resist\u00e8ncia, perfecta per acompanyar-te a les teves aventures di\u00e0ries. Les nanses c\u00f2modes et permeten portar f\u00e0cilment amb tu a tot arreu, mentre que el seu ampli espai interior et brinda la capacitat necess\u00e0ria per portar els teus objectes essencials.<\/p>\n<p>Ja sigui que la facis servir per anar de compres, portar les teves coses a la feina o com a companya de viatge, aquesta tote bag \u00e9s l&#039;elecci\u00f3 perfecta per expressar el teu estil \u00fanic i el teu amor per la moda vintage. Combina-la amb el teu outfit preferit per a un look complet i ple de personalitat.<\/p>\n<p>Fes una declaraci\u00f3 de moda i eleg\u00e0ncia amb la nostra tote bag resistent, amb un encantador estampat de formes ondulades en un fons blau grisenc. Fes la teva comanda avui mateix i afegeix un toc retro al teu estil!<\/p>\n<p>\u2022 100% poli\u00e8ster filat<br \/>\n\u2022 Dimensions: 38,1 x 38,1 cm (15\u2033 x 15\u2033)<br \/>\n\u2022 Capacitat: 10 L (2,6 US gal)<br \/>\n\u2022 L\u00edmit m\u00e0xim de pes: 20 kg (44 lbs)<br \/>\n\u2022 Nansa doble de 100% cot\u00f3 natural bull denim<br \/>\n\u2022 Llarg de la nansa: 30 cm (11,8\u2033), ample 2,5cm (1\u2033)<br \/>\n\u2022 Les nanses poden variar lleugerament segons el centre on es processin<br \/>\n\u2022 Producte base procedent de la Xina<\/p>","protected":false},"excerpt":{"rendered":"<p>Lleva contigo el encanto del pasado con nuestra tote bag resistente, adornada con un cautivador estampado de formas onduladas sobre un fondo azul gris\u00e1ceo. Este dise\u00f1o vintage evoca la nostalgia&#8230;<\/p>","protected":false},"featured_media":5985,"comment_status":"open","ping_status":"closed","template":"","meta":{"jetpack_post_was_ever_published":false,"jetpack_publicize_message":"","jetpack_publicize_feature_enabled":true,"jetpack_social_post_already_shared":true,"jetpack_social_options":{"image_generator_settings":{"template":"highway","enabled":false},"version":2}},"product_cat":[56,174],"product_tag":[],"class_list":{"0":"post-5981","1":"product","2":"type-product","3":"status-publish","4":"has-post-thumbnail","6":"product_cat-bolsas","7":"product_cat-personalizable","9":"first","10":"instock","11":"taxable","12":"shipping-taxable","13":"purchasable","14":"product-type-variable"},"jetpack_publicize_connections":[],"aioseo_notices":[],"jetpack_sharing_enabled":true,"_links":{"self":[{"href":"https:\/\/www.dharanastyle.com\/ca\/wp-json\/wp\/v2\/product\/5981","targetHints":{"allow":["GET"]}}],"collection":[{"href":"https:\/\/www.dharanastyle.com\/ca\/wp-json\/wp\/v2\/product"}],"about":[{"href":"https:\/\/www.dharanastyle.com\/ca\/wp-json\/wp\/v2\/types\/product"}],"replies":[{"embeddable":true,"href":"https:\/\/www.dharanastyle.com\/ca\/wp-json\/wp\/v2\/comments?post=5981"}],"wp:featuredmedia":[{"embeddable":true,"href":"https:\/\/www.dharanastyle.com\/ca\/wp-json\/wp\/v2\/media\/5985"}],"wp:attachment":[{"href":"https:\/\/www.dharanastyle.com\/ca\/wp-json\/wp\/v2\/media?parent=5981"}],"wp:term":[{"taxonomy":"product_cat","embeddable":true,"href":"https:\/\/www.dharanastyle.com\/ca\/wp-json\/wp\/v2\/product_cat?post=5981"},{"taxonomy":"product_tag","embeddable":true,"href":"https:\/\/www.dharanastyle.com\/ca\/wp-json\/wp\/v2\/product_tag?post=5981"}],"curies":[{"name":"wp","href":"https:\/\/api.w.org\/{rel}","templated":true}]}}