{"id":5945,"date":"2024-04-13T19:47:19","date_gmt":"2024-04-13T17:47:19","guid":{"rendered":"https:\/\/dharanastyle.com\/tienda\/sin%20categor\u00eda\/leggings-capri-patron-vintage-azul-grisaceo-capri-cintura-baja-de-gran-comodidad-y-suavidad\/"},"modified":"2024-04-27T23:21:41","modified_gmt":"2024-04-27T21:21:41","slug":"leggings-capri-patron-vintage-azul-grisaceo-capri-cintura-baja-de-gran-comodidad-y-suavidad","status":"publish","type":"product","link":"https:\/\/www.dharanastyle.com\/ca\/tienda\/leggings\/leggings-capri-cintura-baja\/leggings-capri-patron-vintage-azul-grisaceo-capri-cintura-baja-de-gran-comodidad-y-suavidad\/","title":{"rendered":"Leggings capri patr\u00f3 vintage blau grisenc. Capri cintura baixa de gran comoditat i suavitat."},"content":{"rendered":"<p>Submergeix-te a l&#039;encant del passat amb els nostres pantalons en un elegant to blau grisenc, decorat amb un patr\u00f3 de formes ondulades que evoca l&#039;est\u00e8tica vintage. Aquest disseny combina la nost\u00e0lgia de l&#039;estil retro amb la modernitat d&#039;avui dia, creant un look \u00fanic i sofisticat.<\/p>\n<p>Confeccionat amb materials d&#039;alta qualitat, els nostres pantalons ofereixen una comoditat excepcional i un ajustament perfecte que et permet moure&#039;t amb llibertat durant tot el dia. La versatilitat d&#039;aquest disseny us permet lluir-lo en qualsevol ocasi\u00f3, ja sigui que estiguis treballant, de passeig per la ciutat o gaudint d&#039;un dia relaxat a casa.<\/p>\n<p>Ja sigui que t&#039;agradi l&#039;estil vintage o simplement busques alguna cosa diferent, aquests pantalons \u00e9s l&#039;elecci\u00f3 perfecta per expressar la teva personalitat i el teu amor per la moda retro. Combina-ho amb una samarreta casual i unes sabatilles esportives per a un look informal i amb estil.<\/p>\n<p>Fes una declaraci\u00f3 de moda i eleg\u00e0ncia amb els nostres pantalons en to blau grisenc, amb un encantador patr\u00f3 de formes ondulades inspirat en l&#039;estil vintage. Fes la teva comanda avui mateix i afegeix un toc de nost\u00e0lgia al teu guarda-roba!<\/p>\n<p>\u2022 82% poli\u00e8ster, 18% elast\u00e0<br \/>\n\u2022 Pes del teixit: 230 g\/m\u00b2 (6,78 oz\/id\u00b2) (El pes podria variar en un 5%)<br \/>\n\u2022 FPU 38-40<br \/>\n\u2022 El material s&#039;estira a les 4 direccions, \u00e9s a dir, la tela s&#039;estira i es recupera als fils de la trama i de l&#039;ordit<br \/>\n\u2022 Elaborada amb fil de microfibra suau i agradable al tacte<br \/>\n\u2022 Tall de precisi\u00f3 i cosit a m\u00e0 despr\u00e9s del proc\u00e9s d&#039;estampaci\u00f3<\/p>","protected":false},"excerpt":{"rendered":"<p>Sum\u00e9rgete en el encanto del pasado con nuestro pantal\u00f3n en un elegante tono azul gris\u00e1ceo, decorado con un patr\u00f3n de formas onduladas que evoca la est\u00e9tica vintage. Este dise\u00f1o combina&#8230;<\/p>","protected":false},"featured_media":7803,"comment_status":"open","ping_status":"closed","template":"","meta":{"jetpack_post_was_ever_published":false,"jetpack_publicize_message":"","jetpack_publicize_feature_enabled":true,"jetpack_social_post_already_shared":true,"jetpack_social_options":{"image_generator_settings":{"template":"highway","enabled":false},"version":2}},"product_cat":[179,174],"product_tag":[],"class_list":{"0":"post-5945","1":"product","2":"type-product","3":"status-publish","4":"has-post-thumbnail","6":"product_cat-leggings-capri-cintura-baja","7":"product_cat-personalizable","9":"first","10":"instock","11":"taxable","12":"shipping-taxable","13":"purchasable","14":"product-type-variable"},"jetpack_publicize_connections":[],"aioseo_notices":[],"jetpack_sharing_enabled":true,"_links":{"self":[{"href":"https:\/\/www.dharanastyle.com\/ca\/wp-json\/wp\/v2\/product\/5945","targetHints":{"allow":["GET"]}}],"collection":[{"href":"https:\/\/www.dharanastyle.com\/ca\/wp-json\/wp\/v2\/product"}],"about":[{"href":"https:\/\/www.dharanastyle.com\/ca\/wp-json\/wp\/v2\/types\/product"}],"replies":[{"embeddable":true,"href":"https:\/\/www.dharanastyle.com\/ca\/wp-json\/wp\/v2\/comments?post=5945"}],"wp:featuredmedia":[{"embeddable":true,"href":"https:\/\/www.dharanastyle.com\/ca\/wp-json\/wp\/v2\/media\/7803"}],"wp:attachment":[{"href":"https:\/\/www.dharanastyle.com\/ca\/wp-json\/wp\/v2\/media?parent=5945"}],"wp:term":[{"taxonomy":"product_cat","embeddable":true,"href":"https:\/\/www.dharanastyle.com\/ca\/wp-json\/wp\/v2\/product_cat?post=5945"},{"taxonomy":"product_tag","embeddable":true,"href":"https:\/\/www.dharanastyle.com\/ca\/wp-json\/wp\/v2\/product_tag?post=5945"}],"curies":[{"name":"wp","href":"https:\/\/api.w.org\/{rel}","templated":true}]}}