{"id":5928,"date":"2024-04-13T19:41:17","date_gmt":"2024-04-13T17:41:17","guid":{"rendered":"https:\/\/dharanastyle.com\/tienda\/sin%20categor\u00eda\/leggings-capri-hojas-verdes-pantalon-corto-cintura-baja-gran-comodidad-y-suavidad\/"},"modified":"2024-07-24T00:03:20","modified_gmt":"2024-07-23T22:03:20","slug":"leggings-capri-hojas-verdes-pantalon-corto-cintura-baja-gran-comodidad-y-suavidad","status":"publish","type":"product","link":"https:\/\/www.dharanastyle.com\/ca\/tienda\/leggings\/leggings-capri-cintura-baja\/leggings-capri-hojas-verdes-pantalon-corto-cintura-baja-gran-comodidad-y-suavidad\/","title":{"rendered":"Leggings capri fulles verdes. Pantalons curts cintura baixa. Gran comoditat i suavitat."},"content":{"rendered":"<p>Submergeix-te en l&#039;exuber\u00e0ncia de la natura amb els nostres pantalons capri 3\/4 en un profund to verd fosc, decorat amb un captivador disseny d&#039;elements de fulles en una varietat de tons verds. Aquest disseny evoca la frescor i la vitalitat d&#039;un bosc exuberant, afegint un toc de natura al teu guarda-roba.<\/p>\n<p>Confeccionat amb materials d&#039;alta qualitat, aquests pantalons ofereixen una comoditat excepcional i un ajustament perfecte que et permet moure&#039;t amb llibertat durant les teves activitats di\u00e0ries. La longitud capri proporciona un estil vers\u00e0til que s&#039;adapta a qualsevol ocasi\u00f3, ja sigui que estiguis practicant ioga, passejant per la ciutat o relaxant-te a casa.<\/p>\n<p>Ja sigui que t&#039;agradi la natura o simplement busques alguna cosa \u00fanica, aquests pantalons \u00e9s l&#039;elecci\u00f3 perfecta per expressar el teu estil i el teu amor per l&#039;aire lliure. Combina&#039;l amb una samarreta folgada o una brusa lleugera per a un look fresc i natural.<\/p>\n<p>Fes una declaraci\u00f3 de moda i connexi\u00f3 amb la natura amb els nostres pantalons capri 3\/4 en verd fosc, amb un encantador disseny d&#039;elements de fulles en diferents tons verds. Fes la teva comanda avui mateix i porta amb tu la frescor i la vitalitat de la natura a cada pas que facis!<\/p>\n<p>\u2022 82% poli\u00e8ster, 18% elast\u00e0<br \/>\n\u2022 Pes del teixit: 230 g\/m\u00b2 (6,78 oz\/id\u00b2) (El pes podria variar en un 5%)<br \/>\n\u2022 FPU 38-40<br \/>\n\u2022 El material s&#039;estira a les 4 direccions, \u00e9s a dir, la tela s&#039;estira i es recupera als fils de la trama i de l&#039;ordit<br \/>\n\u2022 Elaborada amb fil de microfibra suau i agradable al tacte<br \/>\n\u2022 Tall de precisi\u00f3 i cosit a m\u00e0 despr\u00e9s del proc\u00e9s d&#039;estampaci\u00f3<\/p>","protected":false},"excerpt":{"rendered":"<p>Sum\u00e9rgete en la exuberancia de la naturaleza con nuestro pantal\u00f3n capri 3\/4 en un profundo tono verde oscuro, decorado con un cautivador dise\u00f1o de elementos de hojas en una variedad&#8230;<\/p>","protected":false},"featured_media":5938,"comment_status":"open","ping_status":"closed","template":"","meta":{"jetpack_post_was_ever_published":false,"jetpack_publicize_message":"","jetpack_publicize_feature_enabled":true,"jetpack_social_post_already_shared":true,"jetpack_social_options":{"image_generator_settings":{"template":"highway","enabled":false},"version":2}},"product_cat":[179,174],"product_tag":[],"class_list":{"0":"post-5928","1":"product","2":"type-product","3":"status-publish","4":"has-post-thumbnail","6":"product_cat-leggings-capri-cintura-baja","7":"product_cat-personalizable","9":"first","10":"instock","11":"taxable","12":"shipping-taxable","13":"purchasable","14":"product-type-variable"},"jetpack_publicize_connections":[],"aioseo_notices":[],"jetpack_sharing_enabled":true,"_links":{"self":[{"href":"https:\/\/www.dharanastyle.com\/ca\/wp-json\/wp\/v2\/product\/5928","targetHints":{"allow":["GET"]}}],"collection":[{"href":"https:\/\/www.dharanastyle.com\/ca\/wp-json\/wp\/v2\/product"}],"about":[{"href":"https:\/\/www.dharanastyle.com\/ca\/wp-json\/wp\/v2\/types\/product"}],"replies":[{"embeddable":true,"href":"https:\/\/www.dharanastyle.com\/ca\/wp-json\/wp\/v2\/comments?post=5928"}],"wp:featuredmedia":[{"embeddable":true,"href":"https:\/\/www.dharanastyle.com\/ca\/wp-json\/wp\/v2\/media\/5938"}],"wp:attachment":[{"href":"https:\/\/www.dharanastyle.com\/ca\/wp-json\/wp\/v2\/media?parent=5928"}],"wp:term":[{"taxonomy":"product_cat","embeddable":true,"href":"https:\/\/www.dharanastyle.com\/ca\/wp-json\/wp\/v2\/product_cat?post=5928"},{"taxonomy":"product_tag","embeddable":true,"href":"https:\/\/www.dharanastyle.com\/ca\/wp-json\/wp\/v2\/product_tag?post=5928"}],"curies":[{"name":"wp","href":"https:\/\/api.w.org\/{rel}","templated":true}]}}