{"id":5893,"date":"2024-04-13T19:26:59","date_gmt":"2024-04-13T17:26:59","guid":{"rendered":"https:\/\/dharanastyle.com\/tienda\/sin%20categor\u00eda\/pantalones-cortos-mosaico-triangular-pantalon-corto-cintura-baja-des-de-la-xs-a-3xl\/"},"modified":"2024-04-13T19:27:48","modified_gmt":"2024-04-13T17:27:48","slug":"pantalones-cortos-mosaico-triangular-pantalon-corto-cintura-baja-des-de-la-xs-a-3xl","status":"publish","type":"product","link":"https:\/\/www.dharanastyle.com\/ca\/tienda\/leggings\/leggings-cortos-cintura-baja\/pantalones-cortos-mosaico-triangular-pantalon-corto-cintura-baja-des-de-la-xs-a-3xl\/","title":{"rendered":"Pantalons curts mosaic triangular. Pantalons curts cintura baixa. Des de la XS fins a 3XL."},"content":{"rendered":"<p>Gaudeix de la comoditat i la suavitat amb els nostres pantalons curts de cintura baixa, perfecte per als teus dies de relax o les teves activitats esportives. Aquests pantalons presenta un vibrant patr\u00f3 de mosaic triangular en tons negres, sobre un fons degradat que abasta els colors de l&#039;arc de Sant Mart\u00ed.<\/p>\n<p>Confeccionat amb materials d&#039;alta qualitat, aquests pantalons ofereixen una sensaci\u00f3 de suavitat al tacte i una comoditat excepcional que et permet moure&#039;t amb llibertat en qualsevol moment del dia. La cintura baixa proporciona un ajustament afavoridor i c\u00f2mode, mentre que el disseny de mosaic triangular afegeix un toc d&#039;estil \u00fanic al teu vestuari.<\/p>\n<p>Ja sigui que estiguis relaxant-te a casa, fent exercici o fent una passejada per la ciutat, aquests pantalons curts \u00e9s l&#039;elecci\u00f3 perfecta per expressar el teu estil i la teva personalitat. Combina-ho amb una samarreta casual i unes sabatilles esportives per a un look informal i fresc.<\/p>\n<p>Fes una declaraci\u00f3 de moda i color amb els nostres pantalons curts de cintura baixa, amb un vist\u00f3s patr\u00f3 de mosaic triangular sobre un fons degradat de colors de l&#039;arc de Sant Mart\u00ed. Fes la teva comanda avui mateix i afegeix un toc de joia i vitalitat al teu armari!<\/p>\n<p>\u2022 82% poli\u00e8ster, 18% elast\u00e0<br \/>\n\u2022 Tela el\u00e0stica en 4 adreces que s&#039;estira i es recupera als fils de la trama i de l&#039;ordit<br \/>\n\u2022 Elaborat amb fil de microfibra suau i agradable al tacte<br \/>\n\u2022 Amb sobrefilat i punt de cobertura<br \/>\n\u2022 Cintura el\u00e0stica c\u00f2moda<\/p>","protected":false},"excerpt":{"rendered":"<p>Disfruta de la comodidad y la suavidad con nuestro pantal\u00f3n corto de cintura baja, perfecto para tus d\u00edas de relax o tus actividades deportivas. Este pantal\u00f3n presenta un vibrante patr\u00f3n&#8230;<\/p>","protected":false},"featured_media":5903,"comment_status":"open","ping_status":"closed","template":"","meta":{"jetpack_post_was_ever_published":false,"jetpack_publicize_message":"","jetpack_publicize_feature_enabled":true,"jetpack_social_post_already_shared":true,"jetpack_social_options":{"image_generator_settings":{"template":"highway","enabled":false},"version":2}},"product_cat":[180,174],"product_tag":[],"class_list":{"0":"post-5893","1":"product","2":"type-product","3":"status-publish","4":"has-post-thumbnail","6":"product_cat-leggings-cortos-cintura-baja","7":"product_cat-personalizable","9":"first","10":"instock","11":"taxable","12":"shipping-taxable","13":"purchasable","14":"product-type-variable"},"jetpack_publicize_connections":[],"aioseo_notices":[],"jetpack_sharing_enabled":true,"_links":{"self":[{"href":"https:\/\/www.dharanastyle.com\/ca\/wp-json\/wp\/v2\/product\/5893","targetHints":{"allow":["GET"]}}],"collection":[{"href":"https:\/\/www.dharanastyle.com\/ca\/wp-json\/wp\/v2\/product"}],"about":[{"href":"https:\/\/www.dharanastyle.com\/ca\/wp-json\/wp\/v2\/types\/product"}],"replies":[{"embeddable":true,"href":"https:\/\/www.dharanastyle.com\/ca\/wp-json\/wp\/v2\/comments?post=5893"}],"wp:featuredmedia":[{"embeddable":true,"href":"https:\/\/www.dharanastyle.com\/ca\/wp-json\/wp\/v2\/media\/5903"}],"wp:attachment":[{"href":"https:\/\/www.dharanastyle.com\/ca\/wp-json\/wp\/v2\/media?parent=5893"}],"wp:term":[{"taxonomy":"product_cat","embeddable":true,"href":"https:\/\/www.dharanastyle.com\/ca\/wp-json\/wp\/v2\/product_cat?post=5893"},{"taxonomy":"product_tag","embeddable":true,"href":"https:\/\/www.dharanastyle.com\/ca\/wp-json\/wp\/v2\/product_tag?post=5893"}],"curies":[{"name":"wp","href":"https:\/\/api.w.org\/{rel}","templated":true}]}}