{"id":5874,"date":"2024-04-13T19:19:37","date_gmt":"2024-04-13T17:19:37","guid":{"rendered":"https:\/\/dharanastyle.com\/tienda\/sin%20categor\u00eda\/leggings-capri-hojas-beige-blanco-capri-cintura-baja-de-gran-comodidad-y-suavidad\/"},"modified":"2024-06-16T12:53:33","modified_gmt":"2024-06-16T10:53:33","slug":"leggings-capri-hojas-beige-blanco-capri-cintura-baja-de-gran-comodidad-y-suavidad","status":"publish","type":"product","link":"https:\/\/www.dharanastyle.com\/ca\/tienda\/leggings\/leggings-capri-cintura-baja\/leggings-capri-hojas-beige-blanco-capri-cintura-baja-de-gran-comodidad-y-suavidad\/","title":{"rendered":"Leggings capri fulles beix\/ blanc. Capri cintura baixa de gran comoditat i suavitat"},"content":{"rendered":"<p>Experimenta la serenitat de la natura amb els nostres leggings capri 3\/4 de cintura baixa, adornats amb un delicat estampat de fulles en tons beix sobre un fons blanc. Aquest disseny evoca la frescor i la puresa d\u00b4un bosc a la primavera, creant un aspecte elegant i natural.<\/p>\n<p>Confeccionats amb materials d&#039;alta qualitat, els nostres leggings ofereixen una comoditat excepcional i un ajustament perfecte que permet moure&#039;t amb llibertat durant les teves activitats di\u00e0ries. La cintura baixa proporciona un ajustament afavoridor i c\u00f2mode, mentre que la longitud capri et mant\u00e9 fresca i c\u00f2moda en qualsevol situaci\u00f3.<\/p>\n<p>A m\u00e9s, un petit mandala de color lila adorna la cama esquerra al final dels pantalons, afegint-hi un toc d&#039;espiritualitat i eleg\u00e0ncia al teu look.<\/p>\n<p>Ja sigui que estiguis practicant ioga, fent una passejada per la natura o simplement relaxant-te a casa, aquests leggings s\u00f3n l&#039;opci\u00f3 perfecta per expressar la teva connexi\u00f3 amb la terra i el teu estil \u00fanic. Combina&#039;ls amb una samarreta folgada o una brusa lleugera per a un look fresc i natural.<\/p>\n<p>Fes una declaraci\u00f3 de moda i harmonia amb els nostres leggings capri 3\/4 de cintura baixa amb estampat de fulles beix i un petit mandala lila a la cama esquerra. Fes la teva comanda avui mateix i porta amb tu la serenitat de la natura a cada pas que facis!<\/p>\n<p>\u2022 82% poli\u00e8ster, 18% elast\u00e0<br \/>\n\u2022 Pes del teixit: 230 g\/m\u00b2 (6,78 oz\/id\u00b2) (El pes podria variar en un 5%)<br \/>\n\u2022 FPU 38-40<br \/>\n\u2022 El material s&#039;estira a les 4 direccions, \u00e9s a dir, la tela s&#039;estira i es recupera als fils de la trama i de l&#039;ordit<br \/>\n\u2022 Elaborada amb fil de microfibra suau i agradable al tacte<br \/>\n\u2022 Tall de precisi\u00f3 i cosit a m\u00e0 despr\u00e9s del proc\u00e9s d&#039;estampaci\u00f3<\/p>","protected":false},"excerpt":{"rendered":"<p>Experimenta la serenidad de la naturaleza con nuestros leggings capri 3\/4 de cintura baja, adornados con un delicado estampado de hojas en tonos beige sobre un fondo blanco. Este dise\u00f1o&#8230;<\/p>","protected":false},"featured_media":9509,"comment_status":"open","ping_status":"closed","template":"","meta":{"jetpack_post_was_ever_published":false,"jetpack_publicize_message":"","jetpack_publicize_feature_enabled":true,"jetpack_social_post_already_shared":true,"jetpack_social_options":{"image_generator_settings":{"template":"highway","enabled":false},"version":2}},"product_cat":[179,174],"product_tag":[],"class_list":{"0":"post-5874","1":"product","2":"type-product","3":"status-publish","4":"has-post-thumbnail","6":"product_cat-leggings-capri-cintura-baja","7":"product_cat-personalizable","9":"first","10":"instock","11":"featured","12":"taxable","13":"shipping-taxable","14":"purchasable","15":"product-type-variable"},"jetpack_publicize_connections":[],"aioseo_notices":[],"jetpack_sharing_enabled":true,"_links":{"self":[{"href":"https:\/\/www.dharanastyle.com\/ca\/wp-json\/wp\/v2\/product\/5874","targetHints":{"allow":["GET"]}}],"collection":[{"href":"https:\/\/www.dharanastyle.com\/ca\/wp-json\/wp\/v2\/product"}],"about":[{"href":"https:\/\/www.dharanastyle.com\/ca\/wp-json\/wp\/v2\/types\/product"}],"replies":[{"embeddable":true,"href":"https:\/\/www.dharanastyle.com\/ca\/wp-json\/wp\/v2\/comments?post=5874"}],"wp:featuredmedia":[{"embeddable":true,"href":"https:\/\/www.dharanastyle.com\/ca\/wp-json\/wp\/v2\/media\/9509"}],"wp:attachment":[{"href":"https:\/\/www.dharanastyle.com\/ca\/wp-json\/wp\/v2\/media?parent=5874"}],"wp:term":[{"taxonomy":"product_cat","embeddable":true,"href":"https:\/\/www.dharanastyle.com\/ca\/wp-json\/wp\/v2\/product_cat?post=5874"},{"taxonomy":"product_tag","embeddable":true,"href":"https:\/\/www.dharanastyle.com\/ca\/wp-json\/wp\/v2\/product_tag?post=5874"}],"curies":[{"name":"wp","href":"https:\/\/api.w.org\/{rel}","templated":true}]}}