{"id":5844,"date":"2024-04-13T10:09:09","date_gmt":"2024-04-13T08:09:09","guid":{"rendered":"https:\/\/dharanastyle.com\/tienda\/sin%20categor\u00eda\/leggings-capri-patron-rombos-vitage-capri-3-4-cintura-baja\/"},"modified":"2024-04-27T23:30:50","modified_gmt":"2024-04-27T21:30:50","slug":"leggings-capri-patron-rombos-vitage-capri-3-4-cintura-baja","status":"publish","type":"product","link":"https:\/\/www.dharanastyle.com\/ca\/tienda\/leggings\/leggings-capri-cintura-baja\/leggings-capri-patron-rombos-vitage-capri-3-4-cintura-baja\/","title":{"rendered":"Leggings capri patr\u00f3 rombes vitage. Capri 3\/4 cintura baixa."},"content":{"rendered":"<p>Viatja al passat amb els nostres pantalons de fons ocre, adornats amb un captivador patr\u00f3 de mosaic de rombes en una paleta de colors inspirada a l&#039;\u00e8poca vintage. Des de tons blaus i grocs foscos fins a verd fosc i negre, aquests pantalons evoquen l&#039;eleg\u00e0ncia i l&#039;encant de d\u00e8cades passades.<\/p>\n<p>Confeccionats amb materials d&#039;alta qualitat, els nostres pantalons ofereixen una comoditat excepcional i un ajustament perfecte que permet moure&#039;t amb llibertat durant les teves activitats di\u00e0ries. La versatilitat d&#039;aquest disseny us permet lluir-los en qualsevol ocasi\u00f3, ja sigui que estiguis treballant, de passeig per la ciutat o gaudint d&#039;un dia relaxat a casa.<\/p>\n<p>Ja sigui que t&#039;agradi l&#039;estil vintage o simplement busques alguna cosa \u00fanica, aquests pantalons s\u00f3n l&#039;elecci\u00f3 perfecta per expressar la teva personalitat i amor per la moda retro. Combina&#039;ls amb una samarreta cl\u00e0ssica o una brusa amb estil per a un look ple d&#039;encant i eleg\u00e0ncia.<\/p>\n<p>Fes una declaraci\u00f3 de moda i nost\u00e0lgia amb els nostres pantalons de fons ocre amb un patr\u00f3 de mosaic de rombes en tons blaus, groc fosc, verd fosc i negre, estil vintage. Fes la teva comanda avui mateix i afegeix un toc retro al teu guarda-roba!<br \/>\nLeggings capri molt c\u00f2modes i suaus.<\/p>\n<p>\u2022 82% poli\u00e8ster, 18% elast\u00e0<br \/>\n\u2022 Pes del teixit: 230 g\/m\u00b2 (6,78 oz\/id\u00b2) (El pes podria variar en un 5%)<br \/>\n\u2022 FPU 38-40<br \/>\n\u2022 El material s&#039;estira a les 4 direccions, \u00e9s a dir, la tela s&#039;estira i es recupera als fils de la trama i de l&#039;ordit<br \/>\n\u2022 Elaborada amb fil de microfibra suau i agradable al tacte<br \/>\n\u2022 Tall de precisi\u00f3 i cosit a m\u00e0 despr\u00e9s del proc\u00e9s d&#039;estampaci\u00f3<\/p>","protected":false},"excerpt":{"rendered":"<p>Viaja al pasado con nuestros pantalones de fondo ocre, adornados con un cautivador patr\u00f3n de mosaico de rombos en una paleta de colores inspirada en la \u00e9poca vintage. Desde tonos&#8230;<\/p>","protected":false},"featured_media":7841,"comment_status":"open","ping_status":"closed","template":"","meta":{"jetpack_post_was_ever_published":false,"jetpack_publicize_message":"","jetpack_publicize_feature_enabled":true,"jetpack_social_post_already_shared":true,"jetpack_social_options":{"image_generator_settings":{"template":"highway","enabled":false},"version":2}},"product_cat":[179],"product_tag":[186],"class_list":{"0":"post-5844","1":"product","2":"type-product","3":"status-publish","4":"has-post-thumbnail","6":"product_cat-leggings-capri-cintura-baja","7":"product_tag-rombos","9":"first","10":"instock","11":"taxable","12":"shipping-taxable","13":"purchasable","14":"product-type-variable"},"jetpack_publicize_connections":[],"aioseo_notices":[],"jetpack_sharing_enabled":true,"_links":{"self":[{"href":"https:\/\/www.dharanastyle.com\/ca\/wp-json\/wp\/v2\/product\/5844","targetHints":{"allow":["GET"]}}],"collection":[{"href":"https:\/\/www.dharanastyle.com\/ca\/wp-json\/wp\/v2\/product"}],"about":[{"href":"https:\/\/www.dharanastyle.com\/ca\/wp-json\/wp\/v2\/types\/product"}],"replies":[{"embeddable":true,"href":"https:\/\/www.dharanastyle.com\/ca\/wp-json\/wp\/v2\/comments?post=5844"}],"wp:featuredmedia":[{"embeddable":true,"href":"https:\/\/www.dharanastyle.com\/ca\/wp-json\/wp\/v2\/media\/7841"}],"wp:attachment":[{"href":"https:\/\/www.dharanastyle.com\/ca\/wp-json\/wp\/v2\/media?parent=5844"}],"wp:term":[{"taxonomy":"product_cat","embeddable":true,"href":"https:\/\/www.dharanastyle.com\/ca\/wp-json\/wp\/v2\/product_cat?post=5844"},{"taxonomy":"product_tag","embeddable":true,"href":"https:\/\/www.dharanastyle.com\/ca\/wp-json\/wp\/v2\/product_tag?post=5844"}],"curies":[{"name":"wp","href":"https:\/\/api.w.org\/{rel}","templated":true}]}}