{"id":5823,"date":"2024-04-13T10:02:26","date_gmt":"2024-04-13T08:02:26","guid":{"rendered":"https:\/\/dharanastyle.com\/tienda\/sin%20categor\u00eda\/leggings-capri-patron-vintage-pants-cintura-baja-3-4\/"},"modified":"2024-04-27T23:28:46","modified_gmt":"2024-04-27T21:28:46","slug":"leggings-capri-patron-vintage-pants-cintura-baja-3-4","status":"publish","type":"product","link":"https:\/\/www.dharanastyle.com\/ca\/tienda\/leggings\/leggings-capri-cintura-baja\/leggings-capri-patron-vintage-pants-cintura-baja-3-4\/","title":{"rendered":"Leggings capri patr\u00f3 vintage. Pants cintura baixa 3\/4"},"content":{"rendered":"<p>Viatja en el temps amb els nostres leggings capri de cintura baixa, que llueixen un encantador patr\u00f3 geom\u00e8tric d&#039;estil vintage en una paleta de colors inspirada a la natura. Des de tons terra i beix fins a verdes oliva i grocs, aquests leggings evoquen la nost\u00e0lgia i l&#039;encant d&#039;\u00e8poques passades.<\/p>\n<p>Confeccionats amb materials d&#039;alta qualitat, els nostres leggings ofereixen una comoditat excepcional i un ajustament perfecte que permet moure&#039;t amb llibertat durant les teves activitats di\u00e0ries. La longitud 3\/4 proporciona un estil vers\u00e0til que s&#039;adapta a qualsevol ocasi\u00f3, ja sigui que estiguis practicant ioga, corrent o relaxant-te a casa.<\/p>\n<p>Ja sigui que t&#039;agradi l&#039;estil vintage o simplement busques alguna cosa \u00fanica, aquests leggings s\u00f3n l&#039;elecci\u00f3 perfecta per expressar la teva personalitat i el teu amor per la moda retro. Combina&#039;ls amb una samarreta folgada o una brusa amb estil per a un look ple d&#039;encant i eleg\u00e0ncia.<\/p>\n<p>Fes una declaraci\u00f3 de moda i nost\u00e0lgia amb els nostres leggings capri de cintura baixa amb un patr\u00f3 geom\u00e8tric tipus vintage en tons terra, beix, verd oliva i groc. Fes la teva comanda avui mateix i afegeix un toc retro al teu guarda-roba!<\/p>\n<p>\u2022 82% poli\u00e8ster, 18% elast\u00e0<br \/>\n\u2022 Pes del teixit: 230 g\/m\u00b2 (6,78 oz\/id\u00b2) (El pes podria variar en un 5%)<br \/>\n\u2022 FPU 38-40<br \/>\n\u2022 El material s&#039;estira a les 4 direccions, \u00e9s a dir, la tela s&#039;estira i es recupera als fils de la trama i de l&#039;ordit<br \/>\n\u2022 Elaborada amb fil de microfibra suau i agradable al tacte<br \/>\n\u2022 Tall de precisi\u00f3 i cosit a m\u00e0 despr\u00e9s del proc\u00e9s d&#039;estampaci\u00f3<\/p>","protected":false},"excerpt":{"rendered":"<p>Viaja en el tiempo con nuestros leggings capri de cintura baja, que lucen un encantador patr\u00f3n geom\u00e9trico de estilo vintage en una paleta de colores inspirada en la naturaleza. Desde&#8230;<\/p>","protected":false},"featured_media":7852,"comment_status":"open","ping_status":"closed","template":"","meta":{"jetpack_post_was_ever_published":false,"jetpack_publicize_message":"","jetpack_publicize_feature_enabled":true,"jetpack_social_post_already_shared":true,"jetpack_social_options":{"image_generator_settings":{"template":"highway","enabled":false},"version":2}},"product_cat":[179],"product_tag":[],"class_list":{"0":"post-5823","1":"product","2":"type-product","3":"status-publish","4":"has-post-thumbnail","6":"product_cat-leggings-capri-cintura-baja","8":"first","9":"instock","10":"taxable","11":"shipping-taxable","12":"purchasable","13":"product-type-variable"},"jetpack_publicize_connections":[],"aioseo_notices":[],"jetpack_sharing_enabled":true,"_links":{"self":[{"href":"https:\/\/www.dharanastyle.com\/ca\/wp-json\/wp\/v2\/product\/5823","targetHints":{"allow":["GET"]}}],"collection":[{"href":"https:\/\/www.dharanastyle.com\/ca\/wp-json\/wp\/v2\/product"}],"about":[{"href":"https:\/\/www.dharanastyle.com\/ca\/wp-json\/wp\/v2\/types\/product"}],"replies":[{"embeddable":true,"href":"https:\/\/www.dharanastyle.com\/ca\/wp-json\/wp\/v2\/comments?post=5823"}],"wp:featuredmedia":[{"embeddable":true,"href":"https:\/\/www.dharanastyle.com\/ca\/wp-json\/wp\/v2\/media\/7852"}],"wp:attachment":[{"href":"https:\/\/www.dharanastyle.com\/ca\/wp-json\/wp\/v2\/media?parent=5823"}],"wp:term":[{"taxonomy":"product_cat","embeddable":true,"href":"https:\/\/www.dharanastyle.com\/ca\/wp-json\/wp\/v2\/product_cat?post=5823"},{"taxonomy":"product_tag","embeddable":true,"href":"https:\/\/www.dharanastyle.com\/ca\/wp-json\/wp\/v2\/product_tag?post=5823"}],"curies":[{"name":"wp","href":"https:\/\/api.w.org\/{rel}","templated":true}]}}