{"id":5804,"date":"2024-04-13T09:56:21","date_gmt":"2024-04-13T07:56:21","guid":{"rendered":"https:\/\/dharanastyle.com\/tienda\/sin%20categor\u00eda\/leggings-capri-zigzag-colores-tierra-pants-cintura-baja\/"},"modified":"2024-04-27T23:32:50","modified_gmt":"2024-04-27T21:32:50","slug":"leggings-capri-zigzag-colores-tierra-pants-cintura-baja","status":"publish","type":"product","link":"https:\/\/www.dharanastyle.com\/ca\/tienda\/leggings\/leggings-capri-cintura-baja\/leggings-capri-zigzag-colores-tierra-pants-cintura-baja\/","title":{"rendered":"Leggings capri ziga-zaga colors terra."},"content":{"rendered":"<p>Embarca&#039;t en una aventura terrenal amb els nostres leggings capri de cintura baixa, decorats amb un encantador patr\u00f3 ziga-zaga en una paleta de colors inspirada en la natura. Des de tons terra i beix fins a verdes oliva i grocs, aquests leggings evoquen la bellesa i la serenitat del paisatge natural.<\/p>\n<p>Confeccionats amb materials d&#039;alta qualitat, els nostres leggings ofereixen una comoditat excepcional i un ajustament perfecte que permet moure&#039;t amb llibertat durant les teves activitats di\u00e0ries. La longitud 3\/4 proporciona un estil vers\u00e0til que s&#039;adapta a qualsevol ocasi\u00f3, ja sigui que estiguis practicant ioga, corrent o relaxant-te a casa.<\/p>\n<p>Ja sigui que t&#039;aventures a l&#039;aire lliure o simplement gaudeixis de la comoditat a casa, aquests leggings s\u00f3n l&#039;elecci\u00f3 perfecta per expressar el teu amor per la natura i el teu estil \u00fanic. Combina&#039;ls amb una samarreta folgada o un top esportiu per a un look casual i fresc.<\/p>\n<p>Fes una declaraci\u00f3 de moda i connexi\u00f3 amb la terra amb els nostres leggings capri de cintura baixa amb un patr\u00f3 ziga-zaga en tons terra, beix, verd oliva i groc. Fes la teva comanda avui mateix i porta amb tu la bellesa de la natura a cada pas que facis!<br \/>\nLeggings capri molt c\u00f2modes i suaus.<\/p>\n<p>\u2022 82% poli\u00e8ster, 18% elast\u00e0<br \/>\n\u2022 Pes del teixit: 230 g\/m\u00b2 (6,78 oz\/id\u00b2) (El pes podria variar en un 5%)<br \/>\n\u2022 FPU 38-40<br \/>\n\u2022 El material s&#039;estira a les 4 direccions, \u00e9s a dir, la tela s&#039;estira i es recupera als fils de la trama i de l&#039;ordit<br \/>\n\u2022 Elaborada amb fil de microfibra suau i agradable al tacte<br \/>\n\u2022 Tall de precisi\u00f3 i cosit a m\u00e0 despr\u00e9s del proc\u00e9s d&#039;estampaci\u00f3<\/p>","protected":false},"excerpt":{"rendered":"<p>Emb\u00e1rcate en una aventura terrenal con nuestros leggings capri de cintura baja, decorados con un encantador patr\u00f3n zigzag en una paleta de colores inspirada en la naturaleza. Desde tonos tierra&#8230;<\/p>","protected":false},"featured_media":7863,"comment_status":"open","ping_status":"closed","template":"","meta":{"jetpack_post_was_ever_published":false,"jetpack_publicize_message":"","jetpack_publicize_feature_enabled":true,"jetpack_social_post_already_shared":true,"jetpack_social_options":{"image_generator_settings":{"template":"highway","enabled":false},"version":2}},"product_cat":[179],"product_tag":[181],"class_list":{"0":"post-5804","1":"product","2":"type-product","3":"status-publish","4":"has-post-thumbnail","6":"product_cat-leggings-capri-cintura-baja","7":"product_tag-zig-zag","9":"first","10":"instock","11":"taxable","12":"shipping-taxable","13":"purchasable","14":"product-type-variable"},"jetpack_publicize_connections":[],"aioseo_notices":[],"jetpack_sharing_enabled":true,"_links":{"self":[{"href":"https:\/\/www.dharanastyle.com\/ca\/wp-json\/wp\/v2\/product\/5804","targetHints":{"allow":["GET"]}}],"collection":[{"href":"https:\/\/www.dharanastyle.com\/ca\/wp-json\/wp\/v2\/product"}],"about":[{"href":"https:\/\/www.dharanastyle.com\/ca\/wp-json\/wp\/v2\/types\/product"}],"replies":[{"embeddable":true,"href":"https:\/\/www.dharanastyle.com\/ca\/wp-json\/wp\/v2\/comments?post=5804"}],"wp:featuredmedia":[{"embeddable":true,"href":"https:\/\/www.dharanastyle.com\/ca\/wp-json\/wp\/v2\/media\/7863"}],"wp:attachment":[{"href":"https:\/\/www.dharanastyle.com\/ca\/wp-json\/wp\/v2\/media?parent=5804"}],"wp:term":[{"taxonomy":"product_cat","embeddable":true,"href":"https:\/\/www.dharanastyle.com\/ca\/wp-json\/wp\/v2\/product_cat?post=5804"},{"taxonomy":"product_tag","embeddable":true,"href":"https:\/\/www.dharanastyle.com\/ca\/wp-json\/wp\/v2\/product_tag?post=5804"}],"curies":[{"name":"wp","href":"https:\/\/api.w.org\/{rel}","templated":true}]}}