{"id":5765,"date":"2024-04-13T09:38:02","date_gmt":"2024-04-13T07:38:02","guid":{"rendered":"https:\/\/dharanastyle.com\/tienda\/sin%20categor\u00eda\/leggings-capri-de-yoga-mandala-azul-celestial-pants-cintura-alta-de-gran-comodidad-y-suavidad\/"},"modified":"2024-04-13T11:08:32","modified_gmt":"2024-04-13T09:08:32","slug":"leggings-capri-de-yoga-mandala-azul-celestial-pants-cintura-alta-de-gran-comodidad-y-suavidad","status":"publish","type":"product","link":"https:\/\/www.dharanastyle.com\/ca\/tienda\/leggings\/leggings-capri\/leggings-capri-de-yoga-mandala-azul-celestial-pants-cintura-alta-de-gran-comodidad-y-suavidad\/","title":{"rendered":"Leggings capri de ioga mandala blau celestial. Pants cintura alta de gran comoditat i suavitat."},"content":{"rendered":"<p>Deixa&#039;t embolicar per l&#039;energia c\u00f2smica amb els nostres pantalons negres, adornats amb un incre\u00efble mandala en tons blaus celestials. Aquest disseny \u00fanic irradia pau, harmonia i una vibrant energia que us acompanyar\u00e0 en cada moviment.<\/p>\n<p>Confeccionats amb materials d&#039;alta qualitat, els nostres pantalons ofereixen una comoditat excepcional i un ajustament perfecte que et permet moure&#039;t amb llibertat durant les activitats di\u00e0ries. La cintura alta proporciona un ajustament afavoridor i una sensaci\u00f3 de seguretat mentre t&#039;estires i et mous.<\/p>\n<p>Ja sigui que estiguis practicant ioga, meditant o simplement relaxant-te a casa, aquests pantalons s\u00f3n l&#039;opci\u00f3 ideal per mantenir-te c\u00f2mode i amb estil. Combina&#039;ls amb el teu top favorit i prepara&#039;t per experimentar una connexi\u00f3 profunda amb l&#039;univers.<\/p>\n<p>Fes una declaraci\u00f3 de moda i espiritualitat amb els nostres pantalons negres amb un incre\u00efble mandala blau celestial. Fes la teva comanda avui mateix i porta amb tu la m\u00e0gia del cosmos a cada moment del teu dia!<br \/>\nAquests leggings capri de ioga amb cintura alta i el\u00e0stica s\u00f3n perfectes per fer ioga, anar al gimn\u00e0s o, simplement, estar c\u00f2moda a casa.<\/p>\n<p>\u2022 82% poli\u00e8ster, 18% elast\u00e0<br \/>\n\u2022 Mitja panxell<br \/>\n\u2022 Tela el\u00e0stica en quatre direccions molt suau<br \/>\n\u2022 Cintura alta c\u00f2moda<br \/>\n\u2022 Costures planes i punt de cobertura<br \/>\n\u2022 Components del producte base als EUA i M\u00e8xic procedents de la Xina<br \/>\n\u2022 Components del producte base a la UE procedents de la Xina i Litu\u00e0nia<\/p>","protected":false},"excerpt":{"rendered":"<p>D\u00e9jate envolver por la energ\u00eda c\u00f3smica con nuestros pantalones negros, adornados con un incre\u00edble mandala en tonos azul celestial. Este dise\u00f1o \u00fanico irradia paz, armon\u00eda y una vibrante energ\u00eda que&#8230;<\/p>","protected":false},"featured_media":5773,"comment_status":"open","ping_status":"closed","template":"","meta":{"jetpack_post_was_ever_published":false,"jetpack_publicize_message":"","jetpack_publicize_feature_enabled":true,"jetpack_social_post_already_shared":true,"jetpack_social_options":{"image_generator_settings":{"template":"highway","enabled":false},"version":2}},"product_cat":[85,175],"product_tag":[114],"class_list":{"0":"post-5765","1":"product","2":"type-product","3":"status-publish","4":"has-post-thumbnail","6":"product_cat-leggings","7":"product_cat-leggings-capri","8":"product_tag-mandala","10":"first","11":"instock","12":"taxable","13":"shipping-taxable","14":"purchasable","15":"product-type-variable"},"jetpack_publicize_connections":[],"aioseo_notices":[],"jetpack_sharing_enabled":true,"_links":{"self":[{"href":"https:\/\/www.dharanastyle.com\/ca\/wp-json\/wp\/v2\/product\/5765","targetHints":{"allow":["GET"]}}],"collection":[{"href":"https:\/\/www.dharanastyle.com\/ca\/wp-json\/wp\/v2\/product"}],"about":[{"href":"https:\/\/www.dharanastyle.com\/ca\/wp-json\/wp\/v2\/types\/product"}],"replies":[{"embeddable":true,"href":"https:\/\/www.dharanastyle.com\/ca\/wp-json\/wp\/v2\/comments?post=5765"}],"wp:featuredmedia":[{"embeddable":true,"href":"https:\/\/www.dharanastyle.com\/ca\/wp-json\/wp\/v2\/media\/5773"}],"wp:attachment":[{"href":"https:\/\/www.dharanastyle.com\/ca\/wp-json\/wp\/v2\/media?parent=5765"}],"wp:term":[{"taxonomy":"product_cat","embeddable":true,"href":"https:\/\/www.dharanastyle.com\/ca\/wp-json\/wp\/v2\/product_cat?post=5765"},{"taxonomy":"product_tag","embeddable":true,"href":"https:\/\/www.dharanastyle.com\/ca\/wp-json\/wp\/v2\/product_tag?post=5765"}],"curies":[{"name":"wp","href":"https:\/\/api.w.org\/{rel}","templated":true}]}}