{"id":5728,"date":"2024-04-13T09:28:50","date_gmt":"2024-04-13T07:28:50","guid":{"rendered":"https:\/\/dharanastyle.com\/tienda\/sin%20categor\u00eda\/pantalones-cortos-negros-lobo-leggings-cortos-capri-cintura-baja-des-de-la-xs-a-3xl\/"},"modified":"2024-06-15T14:45:21","modified_gmt":"2024-06-15T12:45:21","slug":"pantalones-cortos-negros-lobo-leggings-cortos-capri-cintura-baja-des-de-la-xs-a-3xl","status":"publish","type":"product","link":"https:\/\/www.dharanastyle.com\/ca\/tienda\/leggings\/leggings-cortos-cintura-baja\/pantalones-cortos-negros-lobo-leggings-cortos-capri-cintura-baja-des-de-la-xs-a-3xl\/","title":{"rendered":"Pantalons curts negres llop. Leggings curts cintura baixa."},"content":{"rendered":"<p>Destaca als teus entrenaments amb els nostres leggings capri de cintura baixa en un elegant color negre. A la cama esquerra, un cridaner dibuix de la cara d&#039;un llop afegeix un toc d&#039;estil i misteri al teu vestuari esportiu.<\/p>\n<p>Confeccionats amb materials d&#039;alta qualitat, els nostres leggings ofereixen una comoditat excepcional i un ajustament perfecte que permet moure&#039;t amb llibertat durant les teves activitats di\u00e0ries. La cintura baixa proporciona un ajustament afavoridor i c\u00f2mode, mentre que la longitud capri et mant\u00e9 fresca i c\u00f2moda en qualsevol situaci\u00f3.<\/p>\n<p>Ja sigui que estiguis corrent, practicant ioga o simplement relaxant-te a casa, aquests leggings s\u00f3n l&#039;opci\u00f3 perfecta per mantenir-te c\u00f2moda i amb estil. Combina&#039;ls amb una samarreta esportiva o una dessuadora per a un look esportiu chic.<\/p>\n<p>Feu una declaraci\u00f3 de moda i personalitat amb els nostres leggings capri de cintura baixa amb el dibuix de la cara d&#039;un llop. Fes la teva comanda avui mateix i porta amb tu l&#039;esperit indomable a cada moviment!<br \/>\n\u2022 82% poli\u00e8ster, 18% elast\u00e0<br \/>\n\u2022 Tela el\u00e0stica en 4 adreces que s&#039;estira i es recupera als fils de la trama i de l&#039;ordit<br \/>\n\u2022 Elaborat amb fil de microfibra suau i agradable al tacte<br \/>\n\u2022 Amb sobrefilat i punt de cobertura<br \/>\n\u2022 Cintura el\u00e0stica c\u00f2moda<\/p>","protected":false},"excerpt":{"rendered":"<p>Destaca en tus entrenamientos con nuestros leggings capri de cintura baja en un elegante color negro. En la pierna izquierda, un llamativo dibujo de la cara de un lobo agrega&#8230;<\/p>","protected":false},"featured_media":9435,"comment_status":"open","ping_status":"closed","template":"","meta":{"jetpack_post_was_ever_published":false,"jetpack_publicize_message":"","jetpack_publicize_feature_enabled":true,"jetpack_social_post_already_shared":true,"jetpack_social_options":{"image_generator_settings":{"template":"highway","enabled":false},"version":2}},"product_cat":[180,85],"product_tag":[164],"class_list":{"0":"post-5728","1":"product","2":"type-product","3":"status-publish","4":"has-post-thumbnail","6":"product_cat-leggings-cortos-cintura-baja","7":"product_cat-leggings","8":"product_tag-ilustracion","10":"first","11":"instock","12":"taxable","13":"shipping-taxable","14":"purchasable","15":"product-type-variable"},"jetpack_publicize_connections":[],"aioseo_notices":[],"jetpack_sharing_enabled":true,"_links":{"self":[{"href":"https:\/\/www.dharanastyle.com\/ca\/wp-json\/wp\/v2\/product\/5728","targetHints":{"allow":["GET"]}}],"collection":[{"href":"https:\/\/www.dharanastyle.com\/ca\/wp-json\/wp\/v2\/product"}],"about":[{"href":"https:\/\/www.dharanastyle.com\/ca\/wp-json\/wp\/v2\/types\/product"}],"replies":[{"embeddable":true,"href":"https:\/\/www.dharanastyle.com\/ca\/wp-json\/wp\/v2\/comments?post=5728"}],"wp:featuredmedia":[{"embeddable":true,"href":"https:\/\/www.dharanastyle.com\/ca\/wp-json\/wp\/v2\/media\/9435"}],"wp:attachment":[{"href":"https:\/\/www.dharanastyle.com\/ca\/wp-json\/wp\/v2\/media?parent=5728"}],"wp:term":[{"taxonomy":"product_cat","embeddable":true,"href":"https:\/\/www.dharanastyle.com\/ca\/wp-json\/wp\/v2\/product_cat?post=5728"},{"taxonomy":"product_tag","embeddable":true,"href":"https:\/\/www.dharanastyle.com\/ca\/wp-json\/wp\/v2\/product_tag?post=5728"}],"curies":[{"name":"wp","href":"https:\/\/api.w.org\/{rel}","templated":true}]}}