{"id":5710,"date":"2024-04-13T09:15:41","date_gmt":"2024-04-13T07:15:41","guid":{"rendered":"https:\/\/dharanastyle.com\/tienda\/sin%20categor\u00eda\/leggings-de-yoga-mandala-cintura-alta\/"},"modified":"2024-12-17T10:31:17","modified_gmt":"2024-12-17T09:31:17","slug":"leggings-de-yoga-mandala-cintura-alta","status":"publish","type":"product","link":"https:\/\/www.dharanastyle.com\/ca\/tienda\/leggings\/leggings-yoga-cintura-alta\/leggings-de-yoga-mandala-cintura-alta\/","title":{"rendered":"Leggings de ioga mandala. Cintura alta"},"content":{"rendered":"<p>Submergeix-te en la serenitat de la teva pr\u00e0ctica de ioga amb els nostres pantalons llargs de ioga en un elegant color fosc.<\/p>\n<p>Confeccionats amb materials d&#039;alta qualitat, els nostres pantalons ofereixen una comoditat excepcional i un ajustament perfecte que et permet concentrar-te a la teva pr\u00e0ctica sense distraccions. El disseny de cintura alta proporciona suport addicional i una sensaci\u00f3 de seguretat mentre t&#039;estires i et mous.<\/p>\n<p>Ja sigui que practiquis ioga a l&#039;estudi oa casa, aquests pantalons s\u00f3n l&#039;elecci\u00f3 perfecta per expressar el teu estil \u00fanic i la teva connexi\u00f3 amb el teu jo interior. Combina&#039;ls amb el teu top favorit i prepara&#039;t per gaudir d&#039;una experi\u00e8ncia de ioga completament nova.<\/p>\n<p>Fes una declaraci\u00f3 d&#039;estil i serenitat amb els nostres pantalons llargs de ioga en color fosc amb un preci\u00f3s mandala en tons liles. Fes la teva comanda avui mateix i porta amb tu la calma i l&#039;eleg\u00e0ncia a cada postura de ioga!<\/p>\n<p>Leggings de ioga molt suaus, el\u00e0stics i c\u00f2modes. Demana&#039;ls i gaudeix de la teva propera sessi\u00f3 de ioga c\u00f2modament!<\/p>\n<p>\u2022 82% poil\u00e9ster, 18% elast\u00e0<br \/>\n\u2022 El material s&#039;estira a les 4 direccions, \u00e9s a dir, la tela s&#039;estira i es recupera als fils de la trama i de l&#039;ordit<br \/>\n\u2022 Elaborats amb fil de microfibra suau i agradable al tacte<br \/>\n\u2022 Cintura alta<br \/>\n\u2022 Tall de precisi\u00f3 i cosit a m\u00e0 despr\u00e9s del proc\u00e9s d&#039;estampaci\u00f3<\/p>","protected":false},"excerpt":{"rendered":"<p>Sum\u00e9rgete en la serenidad de tu pr\u00e1ctica de yoga con nuestros pantalones largos de yoga en un elegante color oscuro. En la parte superior, un hermoso mandala en tonos lilas&#8230;<\/p>","protected":false},"featured_media":9245,"comment_status":"open","ping_status":"closed","template":"","meta":{"jetpack_post_was_ever_published":false,"jetpack_publicize_message":"","jetpack_publicize_feature_enabled":true,"jetpack_social_post_already_shared":true,"jetpack_social_options":{"image_generator_settings":{"template":"highway","enabled":false},"version":2}},"product_cat":[85,177],"product_tag":[114],"class_list":{"0":"post-5710","1":"product","2":"type-product","3":"status-publish","4":"has-post-thumbnail","6":"product_cat-leggings","7":"product_cat-leggings-yoga-cintura-alta","8":"product_tag-mandala","10":"first","11":"instock","12":"featured","13":"taxable","14":"shipping-taxable","15":"purchasable","16":"product-type-variable"},"jetpack_publicize_connections":[],"aioseo_notices":[],"jetpack_sharing_enabled":true,"_links":{"self":[{"href":"https:\/\/www.dharanastyle.com\/ca\/wp-json\/wp\/v2\/product\/5710","targetHints":{"allow":["GET"]}}],"collection":[{"href":"https:\/\/www.dharanastyle.com\/ca\/wp-json\/wp\/v2\/product"}],"about":[{"href":"https:\/\/www.dharanastyle.com\/ca\/wp-json\/wp\/v2\/types\/product"}],"replies":[{"embeddable":true,"href":"https:\/\/www.dharanastyle.com\/ca\/wp-json\/wp\/v2\/comments?post=5710"}],"wp:featuredmedia":[{"embeddable":true,"href":"https:\/\/www.dharanastyle.com\/ca\/wp-json\/wp\/v2\/media\/9245"}],"wp:attachment":[{"href":"https:\/\/www.dharanastyle.com\/ca\/wp-json\/wp\/v2\/media?parent=5710"}],"wp:term":[{"taxonomy":"product_cat","embeddable":true,"href":"https:\/\/www.dharanastyle.com\/ca\/wp-json\/wp\/v2\/product_cat?post=5710"},{"taxonomy":"product_tag","embeddable":true,"href":"https:\/\/www.dharanastyle.com\/ca\/wp-json\/wp\/v2\/product_tag?post=5710"}],"curies":[{"name":"wp","href":"https:\/\/api.w.org\/{rel}","templated":true}]}}