{"id":5691,"date":"2024-04-13T09:10:57","date_gmt":"2024-04-13T07:10:57","guid":{"rendered":"https:\/\/dharanastyle.com\/tienda\/sin%20categor\u00eda\/leggings-capri-cintura-baja-hexagonos-legging-gran-comodidad-y-suavidad\/"},"modified":"2024-04-13T11:12:15","modified_gmt":"2024-04-13T09:12:15","slug":"leggings-capri-cintura-baja-hexagonos-legging-gran-comodidad-y-suavidad","status":"publish","type":"product","link":"https:\/\/www.dharanastyle.com\/ca\/tienda\/leggings\/leggings-capri-cintura-baja\/leggings-capri-cintura-baja-hexagonos-legging-gran-comodidad-y-suavidad\/","title":{"rendered":"Leggings capri cintura baixa hex\u00e0gons. Legging gran comoditat i suavitat."},"content":{"rendered":"<p>Experimenta la fusi\u00f3 perfecta de comoditat i estil amb els nostres leggings capri 3\/4 de cintura baixa. Amb un vibrant estampat geom\u00e8tric d&#039;hex\u00e0gons negres, cada l\u00ednia est\u00e0 adornada amb un degradat de tots els colors de l&#039;arc de Sant Mart\u00ed, creant un disseny cridaner que destaca a qualsevol lloc.<\/p>\n<p>Confeccionats amb materials d&#039;alta qualitat, els nostres leggings ofereixen una comoditat excepcional i un ajustament perfecte que permet moure&#039;t amb llibertat durant les teves activitats di\u00e0ries. La cintura baixa proporciona un ajustament afavoridor i c\u00f2mode, mentre que la longitud capri et mant\u00e9 fresca i c\u00f2moda en qualsevol situaci\u00f3.<\/p>\n<p>Ja sigui que estiguis practicant ioga, fent exercici al gimn\u00e0s o simplement relaxant-te a casa, aquests leggings s\u00f3n l&#039;opci\u00f3 ideal per mantenir-te c\u00f2moda i amb estil. Combina&#039;ls amb una samarreta esportiva o una dessuadora per a un look esportiu chic.<\/p>\n<p>Fes una declaraci\u00f3 de moda i comoditat amb els nostres leggings capri 3\/4 de cintura baixa amb un estampat geom\u00e8tric d&#039;hex\u00e0gons negres i un degradat de colors de l&#039;arc de Sant Mart\u00ed. Fes la teva comanda avui mateix i porta amb tu l&#039;energia positiva a cada moviment!<br \/>\nLeggings capri molt c\u00f2modes i suaus. <\/p>\n<p>\u2022 82% poli\u00e8ster, 18% elast\u00e0<br \/>\n\u2022 Pes del teixit: 230 g\/m\u00b2 (6,78 oz\/id\u00b2) (El pes podria variar en un 5%)<br \/>\n\u2022 FPU 38-40<br \/>\n\u2022 El material s&#039;estira a les 4 direccions, \u00e9s a dir, la tela s&#039;estira i es recupera als fils de la trama i de l&#039;ordit<br \/>\n\u2022 Elaborada amb fil de microfibra suau i agradable al tacte<br \/>\n\u2022 Tall de precisi\u00f3 i cosit a m\u00e0 despr\u00e9s del proc\u00e9s d&#039;estampaci\u00f3<br \/>\n\u2022 Components del producte base emmagatzemat als EUA procedents de la Xina<br \/>\n\u2022 Components del producte base emmagatzemat a la UE procedents de la Xina i Litu\u00e0nia<\/p>","protected":false},"excerpt":{"rendered":"<p>Experimenta la fusi\u00f3n perfecta de comodidad y estilo con nuestros leggings capri 3\/4 de cintura baja. Con un vibrante estampado geom\u00e9trico de hex\u00e1gonos negros, cada l\u00ednea est\u00e1 adornada con un&#8230;<\/p>","protected":false},"featured_media":5699,"comment_status":"open","ping_status":"closed","template":"","meta":{"jetpack_post_was_ever_published":false,"jetpack_publicize_message":"","jetpack_publicize_feature_enabled":true,"jetpack_social_post_already_shared":true,"jetpack_social_options":{"image_generator_settings":{"template":"highway","enabled":false},"version":2}},"product_cat":[85,179],"product_tag":[184],"class_list":{"0":"post-5691","1":"product","2":"type-product","3":"status-publish","4":"has-post-thumbnail","6":"product_cat-leggings","7":"product_cat-leggings-capri-cintura-baja","8":"product_tag-geometria","10":"first","11":"instock","12":"taxable","13":"shipping-taxable","14":"purchasable","15":"product-type-variable"},"jetpack_publicize_connections":[],"aioseo_notices":[],"jetpack_sharing_enabled":true,"_links":{"self":[{"href":"https:\/\/www.dharanastyle.com\/ca\/wp-json\/wp\/v2\/product\/5691","targetHints":{"allow":["GET"]}}],"collection":[{"href":"https:\/\/www.dharanastyle.com\/ca\/wp-json\/wp\/v2\/product"}],"about":[{"href":"https:\/\/www.dharanastyle.com\/ca\/wp-json\/wp\/v2\/types\/product"}],"replies":[{"embeddable":true,"href":"https:\/\/www.dharanastyle.com\/ca\/wp-json\/wp\/v2\/comments?post=5691"}],"wp:featuredmedia":[{"embeddable":true,"href":"https:\/\/www.dharanastyle.com\/ca\/wp-json\/wp\/v2\/media\/5699"}],"wp:attachment":[{"href":"https:\/\/www.dharanastyle.com\/ca\/wp-json\/wp\/v2\/media?parent=5691"}],"wp:term":[{"taxonomy":"product_cat","embeddable":true,"href":"https:\/\/www.dharanastyle.com\/ca\/wp-json\/wp\/v2\/product_cat?post=5691"},{"taxonomy":"product_tag","embeddable":true,"href":"https:\/\/www.dharanastyle.com\/ca\/wp-json\/wp\/v2\/product_tag?post=5691"}],"curies":[{"name":"wp","href":"https:\/\/api.w.org\/{rel}","templated":true}]}}