{"id":5672,"date":"2024-04-13T09:07:03","date_gmt":"2024-04-13T07:07:03","guid":{"rendered":"https:\/\/dharanastyle.com\/tienda\/sin%20categor\u00eda\/leggings-de-yoga-patron-hexagonos-pants-de-cintura-alta-de-gran-suavidad-y-comodidad\/"},"modified":"2024-04-13T11:12:56","modified_gmt":"2024-04-13T09:12:56","slug":"leggings-de-yoga-patron-hexagonos-pants-de-cintura-alta-de-gran-suavidad-y-comodidad","status":"publish","type":"product","link":"https:\/\/www.dharanastyle.com\/ca\/tienda\/leggings\/leggings-yoga-cintura-alta\/leggings-de-yoga-patron-hexagonos-pants-de-cintura-alta-de-gran-suavidad-y-comodidad\/","title":{"rendered":"Leggings de ioga patr\u00f3 hex\u00e0gons."},"content":{"rendered":"<p>Sum\u00e9rgete en la energ\u00eda de la geometr\u00eda sagrada con nuestros leggings largos de yoga de cintura alta. Con un llamativo patr\u00f3n geom\u00e9trico de hex\u00e1gonos negros, cada l\u00ednea est\u00e1 adornada con un degradado de todos los colores del arco\u00edris, creando un dise\u00f1o vibrante y lleno de vida.<\/p>\n<p>Confeccionats amb materials d&#039;alta qualitat, els nostres leggings ofereixen una comoditat excepcional i un ajustament perfecte que et permet concentrar-te a la teva pr\u00e0ctica sense distraccions. La cintura alta proporciona suport addicional i una sensaci\u00f3 de seguretat mentre t&#039;estires i et mous.<\/p>\n<p>Ya sea que practiques yoga en el estudio o en casa, estos leggings son la elecci\u00f3n perfecta para expresar tu creatividad y tu amor por la geometr\u00eda sagrada. Comb\u00ednalos con tu top favorito y prep\u00e1rate para brillar en la esterilla con estilo y elegancia.<\/p>\n<p>Haz una declaraci\u00f3n de moda y espiritualidad con nuestros leggings largos de yoga de cintura alta con un patr\u00f3n geom\u00e9trico de hex\u00e1gonos negros y un degradado de colores del arco\u00edris. \u00a1Haz tu pedido hoy mismo y lleva contigo la energ\u00eda positiva en cada postura de yoga!<\/p>\n<p>Leggings de ioga molt suaus, el\u00e0stics i c\u00f2modes. Demana&#039;ls i gaudeix de la teva propera sessi\u00f3 de ioga c\u00f2modament!<\/p>\n<p>\u2022 82% poil\u00e9ster, 18% elast\u00e0<br \/>\n\u2022 El material s&#039;estira a les 4 direccions, \u00e9s a dir, la tela s&#039;estira i es recupera als fils de la trama i de l&#039;ordit<br \/>\n\u2022 Elaborats amb fil de microfibra suau i agradable al tacte<br \/>\n\u2022 Cintura alta<br \/>\n\u2022 Tall de precisi\u00f3 i cosit a m\u00e0 despr\u00e9s del proc\u00e9s d&#039;estampaci\u00f3<\/p>","protected":false},"excerpt":{"rendered":"<p>Sum\u00e9rgete en la energ\u00eda de la geometr\u00eda sagrada con nuestros leggings largos de yoga de cintura alta. Con un llamativo patr\u00f3n geom\u00e9trico de hex\u00e1gonos negros, cada l\u00ednea est\u00e1 adornada con&#8230;<\/p>","protected":false},"featured_media":5680,"comment_status":"open","ping_status":"closed","template":"","meta":{"jetpack_post_was_ever_published":false,"jetpack_publicize_message":"","jetpack_publicize_feature_enabled":true,"jetpack_social_post_already_shared":true,"jetpack_social_options":{"image_generator_settings":{"template":"highway","enabled":false},"version":2}},"product_cat":[85,177],"product_tag":[184],"class_list":{"0":"post-5672","1":"product","2":"type-product","3":"status-publish","4":"has-post-thumbnail","6":"product_cat-leggings","7":"product_cat-leggings-yoga-cintura-alta","8":"product_tag-geometria","10":"first","11":"instock","12":"taxable","13":"shipping-taxable","14":"purchasable","15":"product-type-variable"},"jetpack_publicize_connections":[],"aioseo_notices":[],"jetpack_sharing_enabled":true,"_links":{"self":[{"href":"https:\/\/www.dharanastyle.com\/ca\/wp-json\/wp\/v2\/product\/5672","targetHints":{"allow":["GET"]}}],"collection":[{"href":"https:\/\/www.dharanastyle.com\/ca\/wp-json\/wp\/v2\/product"}],"about":[{"href":"https:\/\/www.dharanastyle.com\/ca\/wp-json\/wp\/v2\/types\/product"}],"replies":[{"embeddable":true,"href":"https:\/\/www.dharanastyle.com\/ca\/wp-json\/wp\/v2\/comments?post=5672"}],"wp:featuredmedia":[{"embeddable":true,"href":"https:\/\/www.dharanastyle.com\/ca\/wp-json\/wp\/v2\/media\/5680"}],"wp:attachment":[{"href":"https:\/\/www.dharanastyle.com\/ca\/wp-json\/wp\/v2\/media?parent=5672"}],"wp:term":[{"taxonomy":"product_cat","embeddable":true,"href":"https:\/\/www.dharanastyle.com\/ca\/wp-json\/wp\/v2\/product_cat?post=5672"},{"taxonomy":"product_tag","embeddable":true,"href":"https:\/\/www.dharanastyle.com\/ca\/wp-json\/wp\/v2\/product_tag?post=5672"}],"curies":[{"name":"wp","href":"https:\/\/api.w.org\/{rel}","templated":true}]}}