{"id":5604,"date":"2024-04-12T23:04:44","date_gmt":"2024-04-12T21:04:44","guid":{"rendered":"https:\/\/dharanastyle.com\/tienda\/sin%20categor\u00eda\/leggings-capri-de-yoga-arboles-de-la-vida-lilas-y-azules-gran-comodidad-y-suavidad\/"},"modified":"2024-04-13T11:15:04","modified_gmt":"2024-04-13T09:15:04","slug":"leggings-capri-de-yoga-arboles-de-la-vida-lilas-y-azules-gran-comodidad-y-suavidad","status":"publish","type":"product","link":"https:\/\/www.dharanastyle.com\/ca\/tienda\/leggings\/leggings-capri\/leggings-capri-de-yoga-arboles-de-la-vida-lilas-y-azules-gran-comodidad-y-suavidad\/","title":{"rendered":"Leggings capri de ioga arbres de la vida liles i blaves. Gran comoditat i suavitat."},"content":{"rendered":"<p>Connecta&#039;t amb la natura i l&#039;espiritualitat a cada moviment amb els nostres leggings capri de cintura alta. En tons liles i blaus suaus, aquests leggings presenten un preci\u00f3s arbre de la vida als laterals, simbolitzant creixement, for\u00e7a i connexi\u00f3 amb l&#039;univers.<\/p>\n<p>Confeccionats amb materials d&#039;alta qualitat, els nostres leggings ofereixen una comoditat excepcional i un ajustament perfecte que et permet concentrar-te a la teva pr\u00e0ctica sense distraccions. La cintura alta proporciona suport addicional i una sensaci\u00f3 de seguretat mentre t&#039;estires i et mous.<\/p>\n<p>Ja sigui que practiquis ioga a l&#039;estudi oa casa, aquests leggings s\u00f3n l&#039;elecci\u00f3 perfecta per expressar el teu amor per la natura i l&#039;espiritualitat. Combina&#039;ls amb el teu top favorit i prepara&#039;t per brillar a la m\u00e0rfega amb estil i eleg\u00e0ncia.<\/p>\n<p>Fes una declaraci\u00f3 d&#039;estil i connexi\u00f3 amb els nostres leggings capri de ioga de cintura alta amb un bell arbre de la vida als laterals en tons liles i blaves. Fes la teva comanda avui mateix i porta amb tu l&#039;energia i la serenitat a cada postura de ioga!<br \/>\nAquests leggings capri de ioga amb cintura alta i el\u00e0stica s\u00f3n perfectes per fer ioga, anar al gimn\u00e0s o, simplement, estar c\u00f2moda a casa.<\/p>\n<p>\u2022 82% poli\u00e8ster, 18% elast\u00e0<br \/>\n\u2022 Mitja panxell<br \/>\n\u2022 Tela el\u00e0stica en quatre direccions molt suau<br \/>\n\u2022 Cintura alta c\u00f2moda<br \/>\n\u2022 Costures planes i punt de cobertura<br \/>\n\u2022 Components del producte base als EUA i M\u00e8xic procedents de la Xina<br \/>\n\u2022 Components del producte base a la UE procedents de la Xina i Litu\u00e0nia<\/p>","protected":false},"excerpt":{"rendered":"<p>Con\u00e9ctate con la naturaleza y la espiritualidad en cada movimiento con nuestros leggings capri de cintura alta. En tonos lilas y azules suaves, estos leggings presentan un precioso \u00e1rbol de&#8230;<\/p>","protected":false},"featured_media":5612,"comment_status":"open","ping_status":"closed","template":"","meta":{"jetpack_post_was_ever_published":false,"jetpack_publicize_message":"","jetpack_publicize_feature_enabled":true,"jetpack_social_post_already_shared":true,"jetpack_social_options":{"image_generator_settings":{"template":"highway","enabled":false},"version":2}},"product_cat":[85,175],"product_tag":[164],"class_list":{"0":"post-5604","1":"product","2":"type-product","3":"status-publish","4":"has-post-thumbnail","6":"product_cat-leggings","7":"product_cat-leggings-capri","8":"product_tag-ilustracion","10":"first","11":"instock","12":"taxable","13":"shipping-taxable","14":"purchasable","15":"product-type-variable"},"jetpack_publicize_connections":[],"aioseo_notices":[],"jetpack_sharing_enabled":true,"_links":{"self":[{"href":"https:\/\/www.dharanastyle.com\/ca\/wp-json\/wp\/v2\/product\/5604","targetHints":{"allow":["GET"]}}],"collection":[{"href":"https:\/\/www.dharanastyle.com\/ca\/wp-json\/wp\/v2\/product"}],"about":[{"href":"https:\/\/www.dharanastyle.com\/ca\/wp-json\/wp\/v2\/types\/product"}],"replies":[{"embeddable":true,"href":"https:\/\/www.dharanastyle.com\/ca\/wp-json\/wp\/v2\/comments?post=5604"}],"wp:featuredmedia":[{"embeddable":true,"href":"https:\/\/www.dharanastyle.com\/ca\/wp-json\/wp\/v2\/media\/5612"}],"wp:attachment":[{"href":"https:\/\/www.dharanastyle.com\/ca\/wp-json\/wp\/v2\/media?parent=5604"}],"wp:term":[{"taxonomy":"product_cat","embeddable":true,"href":"https:\/\/www.dharanastyle.com\/ca\/wp-json\/wp\/v2\/product_cat?post=5604"},{"taxonomy":"product_tag","embeddable":true,"href":"https:\/\/www.dharanastyle.com\/ca\/wp-json\/wp\/v2\/product_tag?post=5604"}],"curies":[{"name":"wp","href":"https:\/\/api.w.org\/{rel}","templated":true}]}}