{"id":5584,"date":"2024-04-12T22:59:33","date_gmt":"2024-04-12T20:59:33","guid":{"rendered":"https:\/\/dharanastyle.com\/tienda\/sin%20categor\u00eda\/leggings-capri-de-yoga-notas-musicales-blanco-y-negro-gran-comodidad-y-suavidad\/"},"modified":"2024-04-13T11:22:37","modified_gmt":"2024-04-13T09:22:37","slug":"leggings-capri-de-yoga-notas-musicales-blanco-y-negro-gran-comodidad-y-suavidad","status":"publish","type":"product","link":"https:\/\/www.dharanastyle.com\/ca\/tienda\/leggings\/leggings-capri\/leggings-capri-de-yoga-notas-musicales-blanco-y-negro-gran-comodidad-y-suavidad\/","title":{"rendered":"Leggings capri de ioga notes musicals blanc i negre. Gran comoditat i suavitat."},"content":{"rendered":"<p>Deixa que la m\u00fasica et gui\u00ef a cada moviment amb els nostres leggings capri de cintura alta. En un color negre elegant, aquests leggings estan adornats amb notes musicals blanques, creant un disseny cridaner i expressiu que inspirar\u00e0 la teva pr\u00e0ctica de ioga.<\/p>\n<p>Confeccionats amb materials d&#039;alta qualitat, els nostres leggings ofereixen una comoditat excepcional i un ajustament perfecte que et permet concentrar-te a la teva pr\u00e0ctica sense distraccions. La cintura alta proporciona suport addicional i una sensaci\u00f3 de seguretat mentre t&#039;estires i et mous.<\/p>\n<p>Ja sigui que practiquis ioga a l&#039;estudi oa casa, aquests leggings s\u00f3n l&#039;elecci\u00f3 perfecta per expressar el teu amor per la m\u00fasica i el moviment. Combina&#039;ls amb el teu top favorit i prepara&#039;t per brillar a la m\u00e0rfega amb estil i eleg\u00e0ncia.<\/p>\n<p>Feu una declaraci\u00f3 d&#039;estil i passi\u00f3 amb els nostres leggings capri de ioga de cintura alta amb notes musicals blanques sobre un fons negre. Fes la teva comanda avui mateix i porta amb tu la melodia i el ritme a cada postura de ioga!<\/p>\n<p>Aquests leggings capri de ioga amb cintura alta i el\u00e0stica s\u00f3n perfectes per fer ioga, anar al gimn\u00e0s o, simplement, estar c\u00f2moda a casa.<\/p>\n<p>\u2022 82% poli\u00e8ster, 18% elast\u00e0<br \/>\n\u2022 Mitja panxell<br \/>\n\u2022 Tela el\u00e0stica en quatre direccions molt suau<br \/>\n\u2022 Cintura alta c\u00f2moda<br \/>\n\u2022 Costures planes i punt de cobertura<br \/>\n\u2022 Components del producte base als EUA i M\u00e8xic procedents de la Xina<br \/>\n\u2022 Components del producte base a la UE procedents de la Xina i Litu\u00e0nia<\/p>","protected":false},"excerpt":{"rendered":"<p>Deja que la m\u00fasica te gu\u00ede en cada movimiento con nuestros leggings capri de cintura alta. En un elegante color negro, estos leggings est\u00e1n adornados con notas musicales blancas, creando&#8230;<\/p>","protected":false},"featured_media":5592,"comment_status":"open","ping_status":"closed","template":"","meta":{"jetpack_post_was_ever_published":false,"jetpack_publicize_message":"","jetpack_publicize_feature_enabled":true,"jetpack_social_post_already_shared":true,"jetpack_social_options":{"image_generator_settings":{"template":"highway","enabled":false},"version":2}},"product_cat":[85,175],"product_tag":[183],"class_list":{"0":"post-5584","1":"product","2":"type-product","3":"status-publish","4":"has-post-thumbnail","6":"product_cat-leggings","7":"product_cat-leggings-capri","8":"product_tag-musicales","10":"first","11":"instock","12":"taxable","13":"shipping-taxable","14":"purchasable","15":"product-type-variable"},"jetpack_publicize_connections":[],"aioseo_notices":[],"jetpack_sharing_enabled":true,"_links":{"self":[{"href":"https:\/\/www.dharanastyle.com\/ca\/wp-json\/wp\/v2\/product\/5584","targetHints":{"allow":["GET"]}}],"collection":[{"href":"https:\/\/www.dharanastyle.com\/ca\/wp-json\/wp\/v2\/product"}],"about":[{"href":"https:\/\/www.dharanastyle.com\/ca\/wp-json\/wp\/v2\/types\/product"}],"replies":[{"embeddable":true,"href":"https:\/\/www.dharanastyle.com\/ca\/wp-json\/wp\/v2\/comments?post=5584"}],"wp:featuredmedia":[{"embeddable":true,"href":"https:\/\/www.dharanastyle.com\/ca\/wp-json\/wp\/v2\/media\/5592"}],"wp:attachment":[{"href":"https:\/\/www.dharanastyle.com\/ca\/wp-json\/wp\/v2\/media?parent=5584"}],"wp:term":[{"taxonomy":"product_cat","embeddable":true,"href":"https:\/\/www.dharanastyle.com\/ca\/wp-json\/wp\/v2\/product_cat?post=5584"},{"taxonomy":"product_tag","embeddable":true,"href":"https:\/\/www.dharanastyle.com\/ca\/wp-json\/wp\/v2\/product_tag?post=5584"}],"curies":[{"name":"wp","href":"https:\/\/api.w.org\/{rel}","templated":true}]}}