{"id":5564,"date":"2024-04-12T22:55:04","date_gmt":"2024-04-12T20:55:04","guid":{"rendered":"https:\/\/dharanastyle.com\/tienda\/sin%20categor\u00eda\/leggings-capri-de-yoga-geometria-leggings-muy-comodos-y-suaves\/"},"modified":"2024-12-17T10:31:28","modified_gmt":"2024-12-17T09:31:28","slug":"leggings-capri-de-yoga-geometria-leggings-muy-comodos-y-suaves","status":"publish","type":"product","link":"https:\/\/www.dharanastyle.com\/ca\/tienda\/leggings\/leggings-capri\/leggings-capri-de-yoga-geometria-leggings-muy-comodos-y-suaves\/","title":{"rendered":"Leggings capri de ioga geometria. Leggings molt c\u00f2modes i suaus."},"content":{"rendered":"<p>Eleva tu pr\u00e1ctica de yoga a un nivel superior con nuestros leggings capri de cintura alta, dise\u00f1ados con una geometr\u00eda sagrada llamativa sobre un fondo negro elegante. Este dise\u00f1o \u00fanico te inspirar\u00e1 a conectar con tu espiritualidad mientras te mueves con gracia y fuerza en cada postura.<\/p>\n<p>Confeccionats amb materials d&#039;alta qualitat, els nostres leggings ofereixen una comoditat excepcional i un ajustament perfecte que et permet concentrar-te a la teva pr\u00e0ctica sense distraccions. La cintura alta proporciona suport addicional i una sensaci\u00f3 de seguretat mentre t&#039;estires i et mous.<\/p>\n<p>Ya sea que practiques yoga en el estudio o en casa, estos leggings son la elecci\u00f3n perfecta para expresar tu conexi\u00f3n con lo divino y lo espiritual. Comb\u00ednalos con tu top favorito y prep\u00e1rate para brillar en la esterilla con estilo y elegancia.<\/p>\n<p>Haz una declaraci\u00f3n de estilo y espiritualidad con nuestros leggings capri de yoga de cintura alta con geometr\u00eda sagrada llamativa sobre un fondo negro. \u00a1Haz tu pedido hoy mismo y lleva contigo la armon\u00eda y el equilibrio en cada postura de yoga!<br \/>\nAquests leggings capri de ioga amb cintura alta i el\u00e0stica s\u00f3n perfectes per fer ioga, anar al gimn\u00e0s o, simplement, estar c\u00f2moda a casa.<\/p>\n<p>\u2022 82% poli\u00e8ster, 18% elast\u00e0<br \/>\n\u2022 Mitja panxell<br \/>\n\u2022 Tela el\u00e0stica en quatre direccions molt suau<br \/>\n\u2022 Cintura alta c\u00f2moda<br \/>\n\u2022 Costures planes i punt de cobertura<br \/>\n\u2022 Components del producte base als EUA i M\u00e8xic procedents de la Xina<br \/>\n\u2022 Components del producte base a la UE procedents de la Xina i Litu\u00e0nia<\/p>","protected":false},"excerpt":{"rendered":"<p>Eleva tu pr\u00e1ctica de yoga a un nivel superior con nuestros leggings capri de cintura alta, dise\u00f1ados con una geometr\u00eda sagrada llamativa sobre un fondo negro elegante. Este dise\u00f1o \u00fanico&#8230;<\/p>","protected":false},"featured_media":9553,"comment_status":"open","ping_status":"closed","template":"","meta":{"jetpack_post_was_ever_published":false,"jetpack_publicize_message":"","jetpack_publicize_feature_enabled":true,"jetpack_social_post_already_shared":true,"jetpack_social_options":{"image_generator_settings":{"template":"highway","enabled":false},"version":2}},"product_cat":[85,175],"product_tag":[183],"class_list":{"0":"post-5564","1":"product","2":"type-product","3":"status-publish","4":"has-post-thumbnail","6":"product_cat-leggings","7":"product_cat-leggings-capri","8":"product_tag-musicales","10":"first","11":"instock","12":"featured","13":"taxable","14":"shipping-taxable","15":"purchasable","16":"product-type-variable"},"jetpack_publicize_connections":[],"aioseo_notices":[],"jetpack_sharing_enabled":true,"_links":{"self":[{"href":"https:\/\/www.dharanastyle.com\/ca\/wp-json\/wp\/v2\/product\/5564","targetHints":{"allow":["GET"]}}],"collection":[{"href":"https:\/\/www.dharanastyle.com\/ca\/wp-json\/wp\/v2\/product"}],"about":[{"href":"https:\/\/www.dharanastyle.com\/ca\/wp-json\/wp\/v2\/types\/product"}],"replies":[{"embeddable":true,"href":"https:\/\/www.dharanastyle.com\/ca\/wp-json\/wp\/v2\/comments?post=5564"}],"wp:featuredmedia":[{"embeddable":true,"href":"https:\/\/www.dharanastyle.com\/ca\/wp-json\/wp\/v2\/media\/9553"}],"wp:attachment":[{"href":"https:\/\/www.dharanastyle.com\/ca\/wp-json\/wp\/v2\/media?parent=5564"}],"wp:term":[{"taxonomy":"product_cat","embeddable":true,"href":"https:\/\/www.dharanastyle.com\/ca\/wp-json\/wp\/v2\/product_cat?post=5564"},{"taxonomy":"product_tag","embeddable":true,"href":"https:\/\/www.dharanastyle.com\/ca\/wp-json\/wp\/v2\/product_tag?post=5564"}],"curies":[{"name":"wp","href":"https:\/\/api.w.org\/{rel}","templated":true}]}}