{"id":5507,"date":"2024-04-12T20:59:47","date_gmt":"2024-04-12T18:59:47","guid":{"rendered":"https:\/\/dharanastyle.com\/tienda\/sin%20categor\u00eda\/pantalones-cortos-camufalje-verde-y-azul-leggings-cortos-capri-cintura-baja-des-de-la-xs-a-3xl\/"},"modified":"2024-05-01T18:16:55","modified_gmt":"2024-05-01T16:16:55","slug":"pantalones-cortos-camufalje-verde-y-azul-leggings-cortos-capri-cintura-baja-des-de-la-xs-a-3xl","status":"publish","type":"product","link":"https:\/\/www.dharanastyle.com\/ca\/tienda\/leggings\/leggings-cortos-cintura-baja\/pantalones-cortos-camufalje-verde-y-azul-leggings-cortos-capri-cintura-baja-des-de-la-xs-a-3xl\/","title":{"rendered":"Pantalons curts camuflatge verd i blau."},"content":{"rendered":"<p>Destaca amb estil als teus entrenaments amb els nostres leggings capri de cintura baixa en un vibrant disseny de camuflatge en tons verd i blau. Aquest patr\u00f3 din\u00e0mic et permet lluir a la moda mentre et mous amb comoditat durant les activitats esportives o casuals.<\/p>\n<p>Confeccionats amb materials d\u00b4alta qualitat, els nostres leggings ofereixen una comoditat excepcional i una sensaci\u00f3 de suavitat al contacte amb la pell. La cintura baixa proporciona un ajustament afavoridor i c\u00f2mode, mentre que la longitud capri et brinda llibertat de moviment a cada pas.<\/p>\n<p>Combina aquests leggings amb una samarreta esportiva per a la propera sessi\u00f3 d&#039;exercicis o amb una brusa casual per a un look de cap de setmana. Ja sigui al gimn\u00e0s o al carrer, aquests leggings et mantindran a la moda en tot moment.<\/p>\n<p>Fes una declaraci\u00f3 d&#039;estil amb els nostres leggings capri de cintura baixa en disseny de camuflatge verd i blau. Fes la teva comanda avui mateix i afegeix un toc d&#039;energia al teu guarda-roba esportiu!<\/p>\n<p>\u2022 82% poli\u00e8ster, 18% elast\u00e0<br \/>\n\u2022 Tela el\u00e0stica en 4 adreces que s&#039;estira i es recupera als fils de la trama i de l&#039;ordit<br \/>\n\u2022 Elaborat amb fil de microfibra suau i agradable al tacte<br \/>\n\u2022 Amb sobrefilat i punt de cobertura<br \/>\n\u2022 Cintura el\u00e0stica c\u00f2moda<\/p>","protected":false},"excerpt":{"rendered":"<p>Destaca con estilo en tus entrenamientos con nuestros leggings capri de cintura baja en un vibrante dise\u00f1o de camuflaje en tonos verde y azul. Este patr\u00f3n din\u00e1mico te permite lucir&#8230;<\/p>","protected":false},"featured_media":7874,"comment_status":"open","ping_status":"closed","template":"","meta":{"jetpack_post_was_ever_published":false,"jetpack_publicize_message":"","jetpack_publicize_feature_enabled":true,"jetpack_social_post_already_shared":true,"jetpack_social_options":{"image_generator_settings":{"template":"highway","enabled":false},"version":2}},"product_cat":[180,85],"product_tag":[169],"class_list":{"0":"post-5507","1":"product","2":"type-product","3":"status-publish","4":"has-post-thumbnail","6":"product_cat-leggings-cortos-cintura-baja","7":"product_cat-leggings","8":"product_tag-camuflaje","10":"first","11":"instock","12":"taxable","13":"shipping-taxable","14":"purchasable","15":"product-type-variable"},"jetpack_publicize_connections":[],"aioseo_notices":[],"jetpack_sharing_enabled":true,"_links":{"self":[{"href":"https:\/\/www.dharanastyle.com\/ca\/wp-json\/wp\/v2\/product\/5507","targetHints":{"allow":["GET"]}}],"collection":[{"href":"https:\/\/www.dharanastyle.com\/ca\/wp-json\/wp\/v2\/product"}],"about":[{"href":"https:\/\/www.dharanastyle.com\/ca\/wp-json\/wp\/v2\/types\/product"}],"replies":[{"embeddable":true,"href":"https:\/\/www.dharanastyle.com\/ca\/wp-json\/wp\/v2\/comments?post=5507"}],"wp:featuredmedia":[{"embeddable":true,"href":"https:\/\/www.dharanastyle.com\/ca\/wp-json\/wp\/v2\/media\/7874"}],"wp:attachment":[{"href":"https:\/\/www.dharanastyle.com\/ca\/wp-json\/wp\/v2\/media?parent=5507"}],"wp:term":[{"taxonomy":"product_cat","embeddable":true,"href":"https:\/\/www.dharanastyle.com\/ca\/wp-json\/wp\/v2\/product_cat?post=5507"},{"taxonomy":"product_tag","embeddable":true,"href":"https:\/\/www.dharanastyle.com\/ca\/wp-json\/wp\/v2\/product_tag?post=5507"}],"curies":[{"name":"wp","href":"https:\/\/api.w.org\/{rel}","templated":true}]}}