{"id":5376,"date":"2024-04-12T19:09:57","date_gmt":"2024-04-12T17:09:57","guid":{"rendered":"https:\/\/dharanastyle.com\/tienda\/sin%20categor\u00eda\/pantalones-cortos-patron-ondulaciones-leggings-cortos-capri-cintura-baja-des-de-la-xs-a-3xl\/"},"modified":"2024-05-01T18:59:26","modified_gmt":"2024-05-01T16:59:26","slug":"pantalones-cortos-patron-ondulaciones-leggings-cortos-cintura-baja-des-de-la-xs-a-3xl","status":"publish","type":"product","link":"https:\/\/www.dharanastyle.com\/ca\/tienda\/leggings\/leggings-cortos-cintura-baja\/pantalones-cortos-patron-ondulaciones-leggings-cortos-cintura-baja-des-de-la-xs-a-3xl\/","title":{"rendered":"Pantalons curts patr\u00f3 ondulacions. Leggings curts cintura baixa. Des de la XS fins a 3XL."},"content":{"rendered":"<p>Llisca&#039;t amb estil i eleg\u00e0ncia amb els nostres leggings capri de cintura baixa en un captivador disseny d&#039;ondulacions, corbes i circumfer\u00e8ncies sobre un fons blau profund. Aquest patr\u00f3 din\u00e0mic afegeix un toc de sofisticaci\u00f3 al teu vestit esportiu o casual.<\/p>\n<p>Confeccionats amb materials d\u00b4alta qualitat, els nostres leggings ofereixen una comoditat excepcional i una sensaci\u00f3 de suavitat al contacte amb la pell. La cintura baixa proporciona un ajustament afavoridor i c\u00f2mode, mentre que la longitud capri et permet moure&#039;t amb total llibertat durant les teves activitats di\u00e0ries.<\/p>\n<p>Ja sigui que els combinis amb una samarreta esportiva per a una sessi\u00f3 de ioga o amb una brusa de moda per a una sortida casual, aquests leggings s\u00f3n vers\u00e0tils i elegants en qualsevol situaci\u00f3.<\/p>\n<p>Fes una declaraci\u00f3 de moda \u00fanica amb els nostres leggings capri de cintura baixa en un disseny encantador d&#039;ondulacions, corbes i circumfer\u00e8ncies sobre un fons blau profund. Fes la teva comanda avui mateix i porta amb tu l&#039;estil i la comoditat a cada pas que facis!<\/p>\n<p>Aquests pantalons curts s\u00f3n una aposta segura, ideals per a totes les ocasions. I si les coses no van com vols, l&#039;estampat vibrant et donar\u00e0 l&#039;empenta d&#039;energia que necessites.<\/p>\n<p>\u2022 82% poli\u00e8ster, 18% elast\u00e0<br \/>\n\u2022 Tela el\u00e0stica en 4 adreces que s&#039;estira i es recupera als fils de la trama i de l&#039;ordit<br \/>\n\u2022 Elaborat amb fil de microfibra suau i agradable al tacte<br \/>\n\u2022 Amb sobrefilat i punt de cobertura<br \/>\n\u2022 Cintura el\u00e0stica c\u00f2moda<\/p>","protected":false},"excerpt":{"rendered":"<p>Desl\u00edzate con estilo y elegancia con nuestros leggings capri de cintura baja en un cautivador dise\u00f1o de ondulaciones, curvas y circunferencias sobre un fondo azul profundo. Este patr\u00f3n din\u00e1mico agrega&#8230;<\/p>","protected":false},"featured_media":7926,"comment_status":"open","ping_status":"closed","template":"","meta":{"jetpack_post_was_ever_published":false,"jetpack_publicize_message":"","jetpack_publicize_feature_enabled":true,"jetpack_social_post_already_shared":true,"jetpack_social_options":{"image_generator_settings":{"template":"highway","enabled":false},"version":2}},"product_cat":[180,85],"product_tag":[184],"class_list":{"0":"post-5376","1":"product","2":"type-product","3":"status-publish","4":"has-post-thumbnail","6":"product_cat-leggings-cortos-cintura-baja","7":"product_cat-leggings","8":"product_tag-geometria","10":"first","11":"instock","12":"taxable","13":"shipping-taxable","14":"purchasable","15":"product-type-variable"},"jetpack_publicize_connections":[],"aioseo_notices":[],"jetpack_sharing_enabled":true,"_links":{"self":[{"href":"https:\/\/www.dharanastyle.com\/ca\/wp-json\/wp\/v2\/product\/5376","targetHints":{"allow":["GET"]}}],"collection":[{"href":"https:\/\/www.dharanastyle.com\/ca\/wp-json\/wp\/v2\/product"}],"about":[{"href":"https:\/\/www.dharanastyle.com\/ca\/wp-json\/wp\/v2\/types\/product"}],"replies":[{"embeddable":true,"href":"https:\/\/www.dharanastyle.com\/ca\/wp-json\/wp\/v2\/comments?post=5376"}],"wp:featuredmedia":[{"embeddable":true,"href":"https:\/\/www.dharanastyle.com\/ca\/wp-json\/wp\/v2\/media\/7926"}],"wp:attachment":[{"href":"https:\/\/www.dharanastyle.com\/ca\/wp-json\/wp\/v2\/media?parent=5376"}],"wp:term":[{"taxonomy":"product_cat","embeddable":true,"href":"https:\/\/www.dharanastyle.com\/ca\/wp-json\/wp\/v2\/product_cat?post=5376"},{"taxonomy":"product_tag","embeddable":true,"href":"https:\/\/www.dharanastyle.com\/ca\/wp-json\/wp\/v2\/product_tag?post=5376"}],"curies":[{"name":"wp","href":"https:\/\/api.w.org\/{rel}","templated":true}]}}