{"id":5311,"date":"2024-04-12T18:45:32","date_gmt":"2024-04-12T16:45:32","guid":{"rendered":"https:\/\/dharanastyle.com\/tienda\/sin%20categor\u00eda\/pantalones-cortos-fluido-azul-leggings-cortos-capri-cintura-baja-des-de-la-xs-a-la-3xl\/"},"modified":"2024-05-01T19:58:23","modified_gmt":"2024-05-01T17:58:23","slug":"pantalones-cortos-fluido-azul-leggings-cortos-cintura-baja-des-de-la-xs-a-la-3xl","status":"publish","type":"product","link":"https:\/\/www.dharanastyle.com\/ca\/tienda\/leggings\/leggings-cortos-cintura-baja\/pantalones-cortos-fluido-azul-leggings-cortos-cintura-baja-des-de-la-xs-a-la-3xl\/","title":{"rendered":"Pantalons curts fluid blau. Leggings curts cintura baixa. Des de la XS a la 3XL."},"content":{"rendered":"<p>Deixa&#039;t embolicar per la flu\u00efdesa i l&#039;estil amb els nostres leggings capri de cintura baixa en un captivador color blau. Amb un patr\u00f3 intrigant de formes ondulades que evoca la sensaci\u00f3 d&#039;un fluid en moviment, aquests leggings s\u00f3n l&#039;elecci\u00f3 perfecta per destacar la teva eleg\u00e0ncia i sofisticaci\u00f3 en qualsevol ocasi\u00f3.<\/p>\n<p>Confeccionats amb materials d\u00b4alta qualitat, els nostres leggings ofereixen una comoditat excepcional i una sensaci\u00f3 de suavitat al contacte amb la pell. La cintura baixa proporciona un ajustament afavoridor i c\u00f2mode, mentre que la longitud capri et permet moure&#039;t amb total llibertat durant les teves activitats di\u00e0ries.<\/p>\n<p>Ja sigui que els combinis amb una samarreta esportiva per a la teva sessi\u00f3 dexercici o amb una brusa elegant per a una sortida casual, aquests leggings s\u00f3n vers\u00e0tils i elegants en qualsevol situaci\u00f3.<\/p>\n<p>Fes una declaraci\u00f3 destil \u00fanic amb els nostres leggings capri de cintura baixa en un vibrant color blau amb un patr\u00f3 de formes ondulades. Fes la teva comanda avui mateix i porta amb tu l&#039;eleg\u00e0ncia i la flu\u00efdesa a cada pas que facis!<\/p>\n<p>\u2022 82% poli\u00e8ster, 18% elast\u00e0<br \/>\n\u2022 Tela el\u00e0stica en 4 adreces que s&#039;estira i es recupera als fils de la trama i de l&#039;ordit<br \/>\n\u2022 Elaborat amb fil de microfibra suau i agradable al tacte<br \/>\n\u2022 Amb sobrefilat i punt de cobertura<br \/>\n\u2022 Cintura el\u00e0stica c\u00f2moda<\/p>","protected":false},"excerpt":{"rendered":"<p>D\u00e9jate envolver por la fluidez y el estilo con nuestros leggings capri de cintura baja en un cautivador color azul. Con un intrigante patr\u00f3n de formas onduladas que evoca la&#8230;<\/p>","protected":false},"featured_media":7962,"comment_status":"open","ping_status":"closed","template":"","meta":{"jetpack_post_was_ever_published":false,"jetpack_publicize_message":"","jetpack_publicize_feature_enabled":true,"jetpack_social_post_already_shared":true,"jetpack_social_options":{"image_generator_settings":{"template":"highway","enabled":false},"version":2}},"product_cat":[180,85],"product_tag":[],"class_list":{"0":"post-5311","1":"product","2":"type-product","3":"status-publish","4":"has-post-thumbnail","6":"product_cat-leggings-cortos-cintura-baja","7":"product_cat-leggings","9":"first","10":"instock","11":"taxable","12":"shipping-taxable","13":"purchasable","14":"product-type-variable"},"jetpack_publicize_connections":[],"aioseo_notices":[],"jetpack_sharing_enabled":true,"_links":{"self":[{"href":"https:\/\/www.dharanastyle.com\/ca\/wp-json\/wp\/v2\/product\/5311","targetHints":{"allow":["GET"]}}],"collection":[{"href":"https:\/\/www.dharanastyle.com\/ca\/wp-json\/wp\/v2\/product"}],"about":[{"href":"https:\/\/www.dharanastyle.com\/ca\/wp-json\/wp\/v2\/types\/product"}],"replies":[{"embeddable":true,"href":"https:\/\/www.dharanastyle.com\/ca\/wp-json\/wp\/v2\/comments?post=5311"}],"wp:featuredmedia":[{"embeddable":true,"href":"https:\/\/www.dharanastyle.com\/ca\/wp-json\/wp\/v2\/media\/7962"}],"wp:attachment":[{"href":"https:\/\/www.dharanastyle.com\/ca\/wp-json\/wp\/v2\/media?parent=5311"}],"wp:term":[{"taxonomy":"product_cat","embeddable":true,"href":"https:\/\/www.dharanastyle.com\/ca\/wp-json\/wp\/v2\/product_cat?post=5311"},{"taxonomy":"product_tag","embeddable":true,"href":"https:\/\/www.dharanastyle.com\/ca\/wp-json\/wp\/v2\/product_tag?post=5311"}],"curies":[{"name":"wp","href":"https:\/\/api.w.org\/{rel}","templated":true}]}}