{"id":5289,"date":"2024-04-12T18:38:30","date_gmt":"2024-04-12T16:38:30","guid":{"rendered":"https:\/\/dharanastyle.com\/tienda\/sin%20categor\u00eda\/pantalones-cortos-constelaciones-leggings-cortos-capri-cintura-baja-des-de-la-xs-a-3xl\/"},"modified":"2024-05-01T20:00:28","modified_gmt":"2024-05-01T18:00:28","slug":"pantalones-cortos-constelaciones-leggings-cortos-cintura-baja-des-de-la-xs-a-3xl","status":"publish","type":"product","link":"https:\/\/www.dharanastyle.com\/ca\/tienda\/leggings\/leggings-cortos-cintura-baja\/pantalones-cortos-constelaciones-leggings-cortos-cintura-baja-des-de-la-xs-a-3xl\/","title":{"rendered":"Pantalons curts constel\u00b7lacions. Leggings curts cintura baixa. Des de la XS fins a 3XL."},"content":{"rendered":"<p>Sum\u00e9rgete en el universo de la moda con nuestros leggings capri de cintura baja inspirados en constelaciones. Con un cautivador patr\u00f3n de geometr\u00eda triangular que evoca la belleza del cosmos sobre un fondo oscuro, estos leggings son la elecci\u00f3n perfecta para destacar en cualquier ocasi\u00f3n.<\/p>\n<p>Confeccionats amb materials d\u00b4alta qualitat, els nostres leggings ofereixen una comoditat excepcional i una sensaci\u00f3 de suavitat al contacte amb la pell. La cintura baixa proporciona un ajustament afavoridor i c\u00f2mode, mentre que la longitud capri et permet moure&#039;t amb total llibertat durant les teves activitats di\u00e0ries.<\/p>\n<p>Ya sea que los combines con una camiseta deportiva para tu sesi\u00f3n de entrenamiento o con una camisa elegante para una salida casual, estos leggings son vers\u00e1tiles y elegantes en cualquier situaci\u00f3n.<\/p>\n<p>Haz una declaraci\u00f3n de estilo inspirada en el universo con nuestros leggings capri de cintura baja con un patr\u00f3n de constelaciones. \u00a1Haz tu pedido hoy mismo y lleva contigo la belleza del cosmos en cada paso que des!<\/p>\n<p>\u2022 82% poli\u00e8ster, 18% elast\u00e0<br \/>\n\u2022 Tela el\u00e0stica en 4 adreces que s&#039;estira i es recupera als fils de la trama i de l&#039;ordit<br \/>\n\u2022 Elaborat amb fil de microfibra suau i agradable al tacte<br \/>\n\u2022 Amb sobrefilat i punt de cobertura<br \/>\n\u2022 Cintura el\u00e0stica c\u00f2moda<\/p>","protected":false},"excerpt":{"rendered":"<p>Sum\u00e9rgete en el universo de la moda con nuestros leggings capri de cintura baja inspirados en constelaciones. Con un cautivador patr\u00f3n de geometr\u00eda triangular que evoca la belleza del cosmos&#8230;<\/p>","protected":false},"featured_media":7970,"comment_status":"open","ping_status":"closed","template":"","meta":{"jetpack_post_was_ever_published":false,"jetpack_publicize_message":"","jetpack_publicize_feature_enabled":true,"jetpack_social_post_already_shared":true,"jetpack_social_options":{"image_generator_settings":{"template":"highway","enabled":false},"version":2}},"product_cat":[180,85],"product_tag":[124],"class_list":{"0":"post-5289","1":"product","2":"type-product","3":"status-publish","4":"has-post-thumbnail","6":"product_cat-leggings-cortos-cintura-baja","7":"product_cat-leggings","8":"product_tag-geometrico","10":"first","11":"instock","12":"taxable","13":"shipping-taxable","14":"purchasable","15":"product-type-variable"},"jetpack_publicize_connections":[],"aioseo_notices":[],"jetpack_sharing_enabled":true,"_links":{"self":[{"href":"https:\/\/www.dharanastyle.com\/ca\/wp-json\/wp\/v2\/product\/5289","targetHints":{"allow":["GET"]}}],"collection":[{"href":"https:\/\/www.dharanastyle.com\/ca\/wp-json\/wp\/v2\/product"}],"about":[{"href":"https:\/\/www.dharanastyle.com\/ca\/wp-json\/wp\/v2\/types\/product"}],"replies":[{"embeddable":true,"href":"https:\/\/www.dharanastyle.com\/ca\/wp-json\/wp\/v2\/comments?post=5289"}],"wp:featuredmedia":[{"embeddable":true,"href":"https:\/\/www.dharanastyle.com\/ca\/wp-json\/wp\/v2\/media\/7970"}],"wp:attachment":[{"href":"https:\/\/www.dharanastyle.com\/ca\/wp-json\/wp\/v2\/media?parent=5289"}],"wp:term":[{"taxonomy":"product_cat","embeddable":true,"href":"https:\/\/www.dharanastyle.com\/ca\/wp-json\/wp\/v2\/product_cat?post=5289"},{"taxonomy":"product_tag","embeddable":true,"href":"https:\/\/www.dharanastyle.com\/ca\/wp-json\/wp\/v2\/product_tag?post=5289"}],"curies":[{"name":"wp","href":"https:\/\/api.w.org\/{rel}","templated":true}]}}