{"id":5268,"date":"2024-04-12T18:31:53","date_gmt":"2024-04-12T16:31:53","guid":{"rendered":"https:\/\/dharanastyle.com\/tienda\/sin%20categor\u00eda\/pantalones-cortos-patron-hexagonos-leggings-cortos-capri-cintura-baja-des-de-la-xs-a-3xl\/"},"modified":"2024-05-01T20:06:57","modified_gmt":"2024-05-01T18:06:57","slug":"pantalones-cortos-patron-hexagonos-leggings-cortos-cintura-baja-des-de-la-xs-a-3xl","status":"publish","type":"product","link":"https:\/\/www.dharanastyle.com\/ca\/tienda\/leggings\/leggings-cortos-cintura-baja\/pantalones-cortos-patron-hexagonos-leggings-cortos-cintura-baja-des-de-la-xs-a-3xl\/","title":{"rendered":"Pantalons curts patr\u00f3 hex\u00e0gons. Leggings curts cintura baixa. Des de la XS fins a 3XL"},"content":{"rendered":"<p>Explora la combinaci\u00f3 perfecta d\u02bbestil i comoditat amb els nostres leggings capri de cintura baixa. Amb un disseny d\u02bbhex\u00e0gons negres sobre un fons verd militar, aquests leggings s\u00f3n l\u02bbexpressi\u00f3 definitiva d\u02bbeleg\u00e0ncia urbana i moderna.<\/p>\n<p>Confeccionats amb materials d\u00b4alta qualitat, els nostres leggings ofereixen una comoditat excepcional i una sensaci\u00f3 de suavitat al contacte amb la pell. La cintura baixa proporciona un ajustament afavoridor i c\u00f2mode, mentre que la longitud capri et permet moure&#039;t amb total llibertat durant les teves activitats di\u00e0ries.<\/p>\n<p>Ja sigui que els combinis amb una samarreta esportiva per a la teva rutina d&#039;exercicis o amb una samarreta oversize per a un look casual, aquests leggings s\u00f3n una opci\u00f3 vers\u00e0til i amb estil per a qualsevol ocasi\u00f3.<\/p>\n<p>Fes una declaraci\u00f3 auda\u00e7 de moda amb els nostres leggings capri de cintura baixa amb un patr\u00f3 d&#039;hex\u00e0gons negres sobre un fons verd militar. Fes la teva comanda avui mateix i porta amb tu l&#039;estil i la comoditat a cada pas que facis!<\/p>\n<p>\u2022 82% poli\u00e8ster, 18% elast\u00e0<br \/>\n\u2022 Tela el\u00e0stica en 4 adreces que s&#039;estira i es recupera als fils de la trama i de l&#039;ordit<br \/>\n\u2022 Elaborat amb fil de microfibra suau i agradable al tacte<br \/>\n\u2022 Amb sobrefilat i punt de cobertura<br \/>\n\u2022 Cintura el\u00e0stica c\u00f2moda<\/p>","protected":false},"excerpt":{"rendered":"<p>Explora la combinaci\u00f3n perfecta de estilo y comodidad con nuestros leggings capri de cintura baja. Con un dise\u00f1o de hex\u00e1gonos negros sobre un fondo verde militar, estos leggings son la&#8230;<\/p>","protected":false},"featured_media":8089,"comment_status":"open","ping_status":"closed","template":"","meta":{"jetpack_post_was_ever_published":false,"jetpack_publicize_message":"","jetpack_publicize_feature_enabled":true,"jetpack_social_post_already_shared":true,"jetpack_social_options":{"image_generator_settings":{"template":"highway","enabled":false},"version":2}},"product_cat":[180,85],"product_tag":[184,124],"class_list":{"0":"post-5268","1":"product","2":"type-product","3":"status-publish","4":"has-post-thumbnail","6":"product_cat-leggings-cortos-cintura-baja","7":"product_cat-leggings","8":"product_tag-geometria","9":"product_tag-geometrico","11":"first","12":"instock","13":"taxable","14":"shipping-taxable","15":"purchasable","16":"product-type-variable"},"jetpack_publicize_connections":[],"aioseo_notices":[],"jetpack_sharing_enabled":true,"_links":{"self":[{"href":"https:\/\/www.dharanastyle.com\/ca\/wp-json\/wp\/v2\/product\/5268","targetHints":{"allow":["GET"]}}],"collection":[{"href":"https:\/\/www.dharanastyle.com\/ca\/wp-json\/wp\/v2\/product"}],"about":[{"href":"https:\/\/www.dharanastyle.com\/ca\/wp-json\/wp\/v2\/types\/product"}],"replies":[{"embeddable":true,"href":"https:\/\/www.dharanastyle.com\/ca\/wp-json\/wp\/v2\/comments?post=5268"}],"wp:featuredmedia":[{"embeddable":true,"href":"https:\/\/www.dharanastyle.com\/ca\/wp-json\/wp\/v2\/media\/8089"}],"wp:attachment":[{"href":"https:\/\/www.dharanastyle.com\/ca\/wp-json\/wp\/v2\/media?parent=5268"}],"wp:term":[{"taxonomy":"product_cat","embeddable":true,"href":"https:\/\/www.dharanastyle.com\/ca\/wp-json\/wp\/v2\/product_cat?post=5268"},{"taxonomy":"product_tag","embeddable":true,"href":"https:\/\/www.dharanastyle.com\/ca\/wp-json\/wp\/v2\/product_tag?post=5268"}],"curies":[{"name":"wp","href":"https:\/\/api.w.org\/{rel}","templated":true}]}}