{"id":5247,"date":"2024-04-12T18:13:44","date_gmt":"2024-04-12T16:13:44","guid":{"rendered":"https:\/\/dharanastyle.com\/tienda\/sin%20categor\u00eda\/pantalones-cortos-corazones-azul-leggings-cortos-capri-cintura-baja-de-la-xs-a-3xl\/"},"modified":"2024-05-01T20:09:18","modified_gmt":"2024-05-01T18:09:18","slug":"pantalones-cortos-corazones-azul-leggings-cortos-cintura-baja-de-la-xs-a-3xl","status":"publish","type":"product","link":"https:\/\/www.dharanastyle.com\/ca\/tienda\/leggings\/pantalones-cortos-corazones-azul-leggings-cortos-cintura-baja-de-la-xs-a-3xl\/","title":{"rendered":"Pantalons curts cors blau. Leggings curts cintura baixa. De la XS a 3XL"},"content":{"rendered":"<p>Confeccionats amb materials d\u00b4alta qualitat, els nostres leggings ofereixen una comoditat excepcional i una sensaci\u00f3 de suavitat al contacte amb la pell. La cintura baixa proporciona un ajustament afavoridor i c\u00f2mode, mentre que la longitud capri et permet moure&#039;t amb total llibertat durant les teves activitats di\u00e0ries.<\/p>\n<p>Ja sigui que els combinis amb una samarreta esportiva per a la sessi\u00f3 d&#039;exercici o amb una dessuadora per a una sortida casual, aquests leggings s\u00f3n vers\u00e0tils i elegants en qualsevol situaci\u00f3.<\/p>\n<p>Feu una declaraci\u00f3 d&#039;estil amb els nostres leggings capri de cintura baixa amb un patr\u00f3 de cors blaus. Fes la teva comanda avui mateix i porta amb tu l&#039;amor i l&#039;estil a cada moviment que facis!<br \/>\n\u2022 82% poli\u00e8ster, 18% elast\u00e0<br \/>\n\u2022 Tela el\u00e0stica en 4 adreces que s&#039;estira i es recupera als fils de la trama i de l&#039;ordit<br \/>\n\u2022 Elaborat amb fil de microfibra suau i agradable al tacte<br \/>\n\u2022 Amb sobrefilat i punt de cobertura<br \/>\n\u2022 Cintura el\u00e0stica c\u00f2moda<\/p>","protected":false},"excerpt":{"rendered":"<p>Confeccionados con materiales de alta calidad, nuestros leggings ofrecen una comodidad excepcional y una sensaci\u00f3n de suavidad al contacto con la piel. La cintura baja proporciona un ajuste favorecedor y&#8230;<\/p>","protected":false},"featured_media":7979,"comment_status":"open","ping_status":"closed","template":"","meta":{"jetpack_post_was_ever_published":false,"jetpack_publicize_message":"","jetpack_publicize_feature_enabled":true,"jetpack_social_post_already_shared":true,"jetpack_social_options":{"image_generator_settings":{"template":"highway","enabled":false},"version":2}},"product_cat":[85],"product_tag":[123,116,117],"class_list":{"0":"post-5247","1":"product","2":"type-product","3":"status-publish","4":"has-post-thumbnail","6":"product_cat-leggings","7":"product_tag-corazones","8":"product_tag-retro","9":"product_tag-vintage","11":"first","12":"instock","13":"taxable","14":"shipping-taxable","15":"purchasable","16":"product-type-variable"},"jetpack_publicize_connections":[],"aioseo_notices":[],"jetpack_sharing_enabled":true,"_links":{"self":[{"href":"https:\/\/www.dharanastyle.com\/ca\/wp-json\/wp\/v2\/product\/5247","targetHints":{"allow":["GET"]}}],"collection":[{"href":"https:\/\/www.dharanastyle.com\/ca\/wp-json\/wp\/v2\/product"}],"about":[{"href":"https:\/\/www.dharanastyle.com\/ca\/wp-json\/wp\/v2\/types\/product"}],"replies":[{"embeddable":true,"href":"https:\/\/www.dharanastyle.com\/ca\/wp-json\/wp\/v2\/comments?post=5247"}],"wp:featuredmedia":[{"embeddable":true,"href":"https:\/\/www.dharanastyle.com\/ca\/wp-json\/wp\/v2\/media\/7979"}],"wp:attachment":[{"href":"https:\/\/www.dharanastyle.com\/ca\/wp-json\/wp\/v2\/media?parent=5247"}],"wp:term":[{"taxonomy":"product_cat","embeddable":true,"href":"https:\/\/www.dharanastyle.com\/ca\/wp-json\/wp\/v2\/product_cat?post=5247"},{"taxonomy":"product_tag","embeddable":true,"href":"https:\/\/www.dharanastyle.com\/ca\/wp-json\/wp\/v2\/product_tag?post=5247"}],"curies":[{"name":"wp","href":"https:\/\/api.w.org\/{rel}","templated":true}]}}