{"id":5225,"date":"2024-04-12T18:01:08","date_gmt":"2024-04-12T16:01:08","guid":{"rendered":"https:\/\/dharanastyle.com\/tienda\/sin%20categor\u00eda\/pantalones-cortos-nubulosa-leggings-cortos-capri-cintura-baja\/"},"modified":"2024-07-28T12:28:15","modified_gmt":"2024-07-28T10:28:15","slug":"pantalones-cortos-nubulosa-leggings-cortos-cintura-baja","status":"publish","type":"product","link":"https:\/\/www.dharanastyle.com\/ca\/tienda\/leggings\/leggings-cortos-cintura-baja\/pantalones-cortos-nubulosa-leggings-cortos-cintura-baja\/","title":{"rendered":"Pantalons curts nubulosa. Leggings curts cintura baixa"},"content":{"rendered":"<p>Descobriu la bellesa celestial amb els nostres leggings capri de cintura baixa, inspirats en les meravelles de l&#039;univers. Amb un enlluernador disseny que imita una nubulosa en tons blaus foscos, clars, taronja i groc, aquests leggings s\u00f3n una obra d&#039;art que portar\u00e0s amb tu all\u00e0 on vagis.<\/p>\n<p>Confeccionats amb materials de primera qualitat, els nostres leggings ofereixen una comoditat excepcional i una sensaci\u00f3 de suavitat al contacte amb la pell. La cintura baixa proporciona un ajustament afavoridor i c\u00f2mode, mentre que la longitud capri et permet moure&#039;t amb total llibertat durant les teves activitats di\u00e0ries.<\/p>\n<p>Ja sigui que els combinis amb una samarreta esportiva per a la teva rutina d&#039;exercicis o amb una brusa elegant per a una sortida casual, aquests leggings s\u00f3n una opci\u00f3 vers\u00e0til i elegant per a qualsevol ocasi\u00f3.<\/p>\n<p>Feu una declaraci\u00f3 d&#039;estil inspirada en el cosmos amb els nostres leggings capri de cintura baixa en colors de nubulosa. Fes la teva comanda avui mateix i porta amb tu la bellesa de l&#039;univers a cada pas que facis!<\/p>\n<p>\u2022 82% poli\u00e8ster, 18% elast\u00e0<br \/>\n\u2022 Tela el\u00e0stica en 4 adreces que s&#039;estira i es recupera als fils de la trama i de l&#039;ordit<br \/>\n\u2022 Elaborat amb fil de microfibra suau i agradable al tacte<br \/>\n\u2022 Amb sobrefilat i punt de cobertura<br \/>\n\u2022 Cintura el\u00e0stica c\u00f2moda<\/p>","protected":false},"excerpt":{"rendered":"<p>Descubre la belleza celestial con nuestros leggings capri de cintura baja, inspirados en las maravillas del universo. Con un deslumbrante dise\u00f1o que imita una nubulosa en tonos azul oscuro, claro,&#8230;<\/p>","protected":false},"featured_media":7987,"comment_status":"open","ping_status":"closed","template":"","meta":{"jetpack_post_was_ever_published":false,"jetpack_publicize_message":"","jetpack_publicize_feature_enabled":true,"jetpack_social_post_already_shared":true,"jetpack_social_options":{"image_generator_settings":{"template":"highway","enabled":false},"version":2}},"product_cat":[180,15,85],"product_tag":[113,163],"class_list":{"0":"post-5225","1":"product","2":"type-product","3":"status-publish","4":"has-post-thumbnail","6":"product_cat-leggings-cortos-cintura-baja","7":"product_cat-conjuntos","8":"product_cat-leggings","9":"product_tag-acuarela","10":"product_tag-celestial","12":"first","13":"instock","14":"taxable","15":"shipping-taxable","16":"purchasable","17":"product-type-variable"},"jetpack_publicize_connections":[],"aioseo_notices":[],"jetpack_sharing_enabled":true,"_links":{"self":[{"href":"https:\/\/www.dharanastyle.com\/ca\/wp-json\/wp\/v2\/product\/5225","targetHints":{"allow":["GET"]}}],"collection":[{"href":"https:\/\/www.dharanastyle.com\/ca\/wp-json\/wp\/v2\/product"}],"about":[{"href":"https:\/\/www.dharanastyle.com\/ca\/wp-json\/wp\/v2\/types\/product"}],"replies":[{"embeddable":true,"href":"https:\/\/www.dharanastyle.com\/ca\/wp-json\/wp\/v2\/comments?post=5225"}],"wp:featuredmedia":[{"embeddable":true,"href":"https:\/\/www.dharanastyle.com\/ca\/wp-json\/wp\/v2\/media\/7987"}],"wp:attachment":[{"href":"https:\/\/www.dharanastyle.com\/ca\/wp-json\/wp\/v2\/media?parent=5225"}],"wp:term":[{"taxonomy":"product_cat","embeddable":true,"href":"https:\/\/www.dharanastyle.com\/ca\/wp-json\/wp\/v2\/product_cat?post=5225"},{"taxonomy":"product_tag","embeddable":true,"href":"https:\/\/www.dharanastyle.com\/ca\/wp-json\/wp\/v2\/product_tag?post=5225"}],"curies":[{"name":"wp","href":"https:\/\/api.w.org\/{rel}","templated":true}]}}