{"id":5204,"date":"2024-04-12T17:56:37","date_gmt":"2024-04-12T15:56:37","guid":{"rendered":"https:\/\/dharanastyle.com\/tienda\/sin%20categor\u00eda\/pantalones-cortos-geometria-sagrada-leggings-capri-cortos-cintura-baja\/"},"modified":"2024-07-28T12:15:36","modified_gmt":"2024-07-28T10:15:36","slug":"pantalones-cortos-geometria-sagrada-leggings-cortos-cintura-baja","status":"publish","type":"product","link":"https:\/\/www.dharanastyle.com\/ca\/tienda\/leggings\/leggings-cortos-cintura-baja\/pantalones-cortos-geometria-sagrada-leggings-cortos-cintura-baja\/","title":{"rendered":"Pantalons curts geometria sagrada. Leggings curts cintura baixa"},"content":{"rendered":"<p>Experimenta la fusi\u00f3 perfecta entre estil i comoditat amb els nostres leggings capri de cintura baixa. Dissenyats amb un patr\u00f3 de geometria mandala en un captivador to blau univers, aquests leggings curts s\u00f3n una declaraci\u00f3 de moda que no passar\u00e0 desapercebuda.<\/p>\n<p>Confeccionats amb materials d\u00b4alta qualitat, els nostres leggings ofereixen una comoditat excepcional i una sensaci\u00f3 de suavitat al contacte amb la pell. La cintura baixa proporciona un ajustament afavoridor i c\u00f2mode, mentre que la longitud capri et permet moure&#039;t amb total llibertat durant els teus entrenaments o activitats di\u00e0ries.<\/p>\n<p>Ja sigui que els combinis amb una samarreta esportiva per a una sessi\u00f3 de ioga o amb una brusa lleugera per a un look casual de cap de setmana, aquests leggings s\u00f3n vers\u00e0tils i elegants en qualsevol situaci\u00f3.<\/p>\n<p>Fes una declaraci\u00f3 auda\u00e7 destil amb els nostres leggings capri de cintura baixa en blau univers. Fes la teva comanda avui mateix i experimenta la comoditat i l&#039;estil que nom\u00e9s els nostres leggings poden oferir-te!<\/p>\n<p>\u2022 82% poli\u00e8ster, 18% elast\u00e0<br \/>\n\u2022 Tela el\u00e0stica en 4 adreces que s&#039;estira i es recupera als fils de la trama i de l&#039;ordit<br \/>\n\u2022 Elaborat amb fil de microfibra suau i agradable al tacte<br \/>\n\u2022 Amb sobrefilat i punt de cobertura<br \/>\n\u2022 Cintura el\u00e0stica c\u00f2moda<\/p>","protected":false},"excerpt":{"rendered":"<p>Experimenta la fusi\u00f3n perfecta entre estilo y comodidad con nuestros leggings capri de cintura baja. Dise\u00f1ados con un patr\u00f3n de geometr\u00eda mandala en un cautivador tono azul universo, estos leggings&#8230;<\/p>","protected":false},"featured_media":5214,"comment_status":"open","ping_status":"closed","template":"","meta":{"jetpack_post_was_ever_published":false,"jetpack_publicize_message":"","jetpack_publicize_feature_enabled":true,"jetpack_social_post_already_shared":true,"jetpack_social_options":{"image_generator_settings":{"template":"highway","enabled":false},"version":2}},"product_cat":[180,85],"product_tag":[184,124],"class_list":{"0":"post-5204","1":"product","2":"type-product","3":"status-publish","4":"has-post-thumbnail","6":"product_cat-leggings-cortos-cintura-baja","7":"product_cat-leggings","8":"product_tag-geometria","9":"product_tag-geometrico","11":"first","12":"instock","13":"taxable","14":"shipping-taxable","15":"purchasable","16":"product-type-variable"},"jetpack_publicize_connections":[],"aioseo_notices":[],"jetpack_sharing_enabled":true,"_links":{"self":[{"href":"https:\/\/www.dharanastyle.com\/ca\/wp-json\/wp\/v2\/product\/5204","targetHints":{"allow":["GET"]}}],"collection":[{"href":"https:\/\/www.dharanastyle.com\/ca\/wp-json\/wp\/v2\/product"}],"about":[{"href":"https:\/\/www.dharanastyle.com\/ca\/wp-json\/wp\/v2\/types\/product"}],"replies":[{"embeddable":true,"href":"https:\/\/www.dharanastyle.com\/ca\/wp-json\/wp\/v2\/comments?post=5204"}],"wp:featuredmedia":[{"embeddable":true,"href":"https:\/\/www.dharanastyle.com\/ca\/wp-json\/wp\/v2\/media\/5214"}],"wp:attachment":[{"href":"https:\/\/www.dharanastyle.com\/ca\/wp-json\/wp\/v2\/media?parent=5204"}],"wp:term":[{"taxonomy":"product_cat","embeddable":true,"href":"https:\/\/www.dharanastyle.com\/ca\/wp-json\/wp\/v2\/product_cat?post=5204"},{"taxonomy":"product_tag","embeddable":true,"href":"https:\/\/www.dharanastyle.com\/ca\/wp-json\/wp\/v2\/product_tag?post=5204"}],"curies":[{"name":"wp","href":"https:\/\/api.w.org\/{rel}","templated":true}]}}