{"id":5101,"date":"2024-04-05T21:03:39","date_gmt":"2024-04-05T19:03:39","guid":{"rendered":"https:\/\/dharanastyle.com\/tienda\/sin%20categor\u00eda\/bolsa-de-tela-regalo-dia-de-la-madre-mama-te-quiero-tote-bag-patron-hojas-beige\/"},"modified":"2024-04-13T11:35:03","modified_gmt":"2024-04-13T09:35:03","slug":"bolsa-de-tela-regalo-dia-de-la-madre-mama-te-quiero-tote-bag-patron-hojas-beige","status":"publish","type":"product","link":"https:\/\/www.dharanastyle.com\/ca\/tienda\/lifestyle\/bolsas\/bolsa-de-tela-regalo-dia-de-la-madre-mama-te-quiero-tote-bag-patron-hojas-beige\/","title":{"rendered":"Bossa de roba regal dia de la mare. Mama, t&#039;estimo. Tot bag patr\u00f3 fulles beix."},"content":{"rendered":"<p>Celebra l\u00b4amor incondicional d\u00b4una mare amb la nostra Tote Bag Especial Dia de la Mare. Aquesta bossa resistent i elegant \u00e9s el regal perfecte per expressar el teu afecte aquest dia tan especial.<\/p>\n<p>Amb un encantador estampat de fulles en tons beix, aquesta tote bag afegeix un toc de sofisticaci\u00f3 natural a qualsevol conjunt. A un costat de la bossa, les paraules \u00abMama\u00bb en rosa li donen un toc personalitzat i emotiu, mentre que a l&#039;altra banda, l&#039;expressi\u00f3 \u00abT&#039;estimo\u00bb en rosa clar reflecteix l&#039;amor i la gratitud que sents cap a ella.<\/p>\n<p>Fabricada amb materials d&#039;alta qualitat, aquesta tote bag \u00e9s prou resistent per acompanyar la mare a les seves activitats di\u00e0ries amb estil i eleg\u00e0ncia. Ja sigui per portar les seves coses durant el dia o com a accessori per a una sortida especial, aquesta borsa ser\u00e0 la seva companya preferida.<\/p>\n<p>Fes que el Dia de la Mare sigui inoblidable amb la nostra Tote Bag Especial, un regal que la mare atresorar\u00e0 per sempre. Fes la teva comanda avui mateix i demostra quant l&#039;estimes amb aquest detall \u00fanic i significatiu!<br \/>\nBossa de nanses moderna i espaiosa ideal per portar tot el que necessites.<\/p>\n<p>\u2022 100% poli\u00e8ster filat<br \/>\n\u2022 Dimensions: 38,1 x 38,1 cm (15\u2033 x 15\u2033)<br \/>\n\u2022 Capacitat: 10 L (2,6 US gal)<br \/>\n\u2022 L\u00edmit m\u00e0xim de pes: 20 kg (44 lbs)<br \/>\n\u2022 Nansa doble de 100% cot\u00f3 natural bull denim<br \/>\n\u2022 Llarg de la nansa: 30 cm (11,8\u2033), ample 2,5cm (1\u2033)<br \/>\n\u2022 Les nanses poden variar lleugerament segons el centre on es processin<br \/>\n\u2022 Producte base procedent de la Xina<\/p>","protected":false},"excerpt":{"rendered":"<p>Celebra el amor incondicional de una madre con nuestra Tote Bag Especial D\u00eda de la Madre. Esta bolsa resistente y elegante es el regalo perfecto para expresar tu cari\u00f1o en&#8230;<\/p>","protected":false},"featured_media":5105,"comment_status":"open","ping_status":"closed","template":"","meta":{"jetpack_post_was_ever_published":false,"jetpack_publicize_message":"","jetpack_publicize_feature_enabled":true,"jetpack_social_post_already_shared":true,"jetpack_social_options":{"image_generator_settings":{"template":"highway","enabled":false},"version":2}},"product_cat":[54,56,174],"product_tag":[119,121],"class_list":{"0":"post-5101","1":"product","2":"type-product","3":"status-publish","4":"has-post-thumbnail","6":"product_cat-lifestyle","7":"product_cat-bolsas","8":"product_cat-personalizable","9":"product_tag-floral","10":"product_tag-hojas","12":"first","13":"instock","14":"featured","15":"taxable","16":"shipping-taxable","17":"purchasable","18":"product-type-variable"},"jetpack_publicize_connections":[],"aioseo_notices":[],"jetpack_sharing_enabled":true,"_links":{"self":[{"href":"https:\/\/www.dharanastyle.com\/ca\/wp-json\/wp\/v2\/product\/5101","targetHints":{"allow":["GET"]}}],"collection":[{"href":"https:\/\/www.dharanastyle.com\/ca\/wp-json\/wp\/v2\/product"}],"about":[{"href":"https:\/\/www.dharanastyle.com\/ca\/wp-json\/wp\/v2\/types\/product"}],"replies":[{"embeddable":true,"href":"https:\/\/www.dharanastyle.com\/ca\/wp-json\/wp\/v2\/comments?post=5101"}],"wp:featuredmedia":[{"embeddable":true,"href":"https:\/\/www.dharanastyle.com\/ca\/wp-json\/wp\/v2\/media\/5105"}],"wp:attachment":[{"href":"https:\/\/www.dharanastyle.com\/ca\/wp-json\/wp\/v2\/media?parent=5101"}],"wp:term":[{"taxonomy":"product_cat","embeddable":true,"href":"https:\/\/www.dharanastyle.com\/ca\/wp-json\/wp\/v2\/product_cat?post=5101"},{"taxonomy":"product_tag","embeddable":true,"href":"https:\/\/www.dharanastyle.com\/ca\/wp-json\/wp\/v2\/product_tag?post=5101"}],"curies":[{"name":"wp","href":"https:\/\/api.w.org\/{rel}","templated":true}]}}