{"id":5017,"date":"2024-04-04T14:31:47","date_gmt":"2024-04-04T12:31:47","guid":{"rendered":"https:\/\/dharanastyle.com\/tienda\/sin%20categor\u00eda\/leggings-capri-cintura-baja-con-patron-hexagonal-legging-color-verde-militar\/"},"modified":"2024-05-06T08:55:29","modified_gmt":"2024-05-06T06:55:29","slug":"leggings-capri-cintura-baja-con-patron-hexagonal-legging-color-verde-militar","status":"publish","type":"product","link":"https:\/\/www.dharanastyle.com\/ca\/tienda\/leggings\/leggings-capri-cintura-baja\/leggings-capri-cintura-baja-con-patron-hexagonal-legging-color-verde-militar\/","title":{"rendered":"Leggings capri cintura baixa amb patr\u00f3 hexagonal. Legging color verd militar."},"content":{"rendered":"<p>Descobreix la combinaci\u00f3 perfecta de comoditat i estil amb els nostres leggings de cintura baixa i longitud 3\/4. Confeccionats amb un teixit suau i el\u00e0stic, aquests leggings s\u00f3n ideals tant per a les teves pr\u00e0ctiques esportives com per complementar la roba di\u00e0ria.<\/p>\n<p>El color verd militar afegeix un toc de tend\u00e8ncia a la teva roba, mentre que el patr\u00f3 d&#039;hex\u00e0gons negres li atorga un aspecte modern i din\u00e0mic. Ja sigui que estiguis al gimn\u00e0s, corrent a l&#039;aire lliure o simplement relaxant-te a casa, aquests leggings et brinden la llibertat de moviment que necessites sense comprometre l&#039;estil.<\/p>\n<p>Combina&#039;ls amb una samarreta esportiva per a una sessi\u00f3 d&#039;entrenament energ\u00e8tic o amb una samarreta folgada i sabatilles esportives per a un look casual i urb\u00e0. Amb els nostres leggings, estar\u00e0s a punt per enfrontar qualsevol desafiament amb confian\u00e7a i estil.<\/p>\n<p>Fes-te amb un parell dels nostres leggings de cintura baixa i longitud 3\/4 en verd militar avui mateix i eleva el teu joc de moda activa al seg\u00fcent nivell!<br \/>\nLeggings capri molt c\u00f2modes i suaus.<\/p>\n<p>\u2022 82% poli\u00e8ster, 18% elast\u00e0<br \/>\n\u2022 Pes del teixit: 230 g\/m\u00b2 (6,78 oz\/id\u00b2) (El pes podria variar en un 5%)<br \/>\n\u2022 FPU 38-40<br \/>\n\u2022 El material s&#039;estira a les 4 direccions, \u00e9s a dir, la tela s&#039;estira i es recupera als fils de la trama i de l&#039;ordit<br \/>\n\u2022 Elaborada amb fil de microfibra suau i agradable al tacte<br \/>\n\u2022 Tall de precisi\u00f3 i cosit a m\u00e0 despr\u00e9s del proc\u00e9s d&#039;estampaci\u00f3<\/p>","protected":false},"excerpt":{"rendered":"<p>Descubre la combinaci\u00f3n perfecta de comodidad y estilo con nuestros leggings de cintura baja y longitud 3\/4. Confeccionados con un tejido suave y el\u00e1stico, estos leggings son ideales tanto para&#8230;<\/p>","protected":false},"featured_media":7995,"comment_status":"open","ping_status":"closed","template":"","meta":{"jetpack_post_was_ever_published":false,"jetpack_publicize_message":"","jetpack_publicize_feature_enabled":true,"jetpack_social_post_already_shared":true,"jetpack_social_options":{"image_generator_settings":{"template":"highway","enabled":false},"version":2}},"product_cat":[85,179],"product_tag":[124],"class_list":{"0":"post-5017","1":"product","2":"type-product","3":"status-publish","4":"has-post-thumbnail","6":"product_cat-leggings","7":"product_cat-leggings-capri-cintura-baja","8":"product_tag-geometrico","10":"first","11":"instock","12":"taxable","13":"shipping-taxable","14":"purchasable","15":"product-type-variable"},"jetpack_publicize_connections":[],"aioseo_notices":[],"jetpack_sharing_enabled":true,"_links":{"self":[{"href":"https:\/\/www.dharanastyle.com\/ca\/wp-json\/wp\/v2\/product\/5017","targetHints":{"allow":["GET"]}}],"collection":[{"href":"https:\/\/www.dharanastyle.com\/ca\/wp-json\/wp\/v2\/product"}],"about":[{"href":"https:\/\/www.dharanastyle.com\/ca\/wp-json\/wp\/v2\/types\/product"}],"replies":[{"embeddable":true,"href":"https:\/\/www.dharanastyle.com\/ca\/wp-json\/wp\/v2\/comments?post=5017"}],"wp:featuredmedia":[{"embeddable":true,"href":"https:\/\/www.dharanastyle.com\/ca\/wp-json\/wp\/v2\/media\/7995"}],"wp:attachment":[{"href":"https:\/\/www.dharanastyle.com\/ca\/wp-json\/wp\/v2\/media?parent=5017"}],"wp:term":[{"taxonomy":"product_cat","embeddable":true,"href":"https:\/\/www.dharanastyle.com\/ca\/wp-json\/wp\/v2\/product_cat?post=5017"},{"taxonomy":"product_tag","embeddable":true,"href":"https:\/\/www.dharanastyle.com\/ca\/wp-json\/wp\/v2\/product_tag?post=5017"}],"curies":[{"name":"wp","href":"https:\/\/api.w.org\/{rel}","templated":true}]}}