{"id":4916,"date":"2024-04-01T20:59:25","date_gmt":"2024-04-01T18:59:25","guid":{"rendered":"https:\/\/dharanastyle.com\/tienda\/sin%20categor\u00eda\/bolsa-de-tela-rrgalo-dia-de-la-madre-diseno-flores-blancas-y-negras-tote-bag-regalo-pefecto-mum-i-love-you\/"},"modified":"2024-04-03T10:35:42","modified_gmt":"2024-04-03T08:35:42","slug":"bolsa-de-tela-rrgalo-dia-de-la-madre-diseno-flores-blancas-y-negras-tote-bag-regalo-pefecto-mum-i-love-you","status":"publish","type":"product","link":"https:\/\/www.dharanastyle.com\/ca\/tienda\/lifestyle\/bolsas\/bolsa-de-tela-rrgalo-dia-de-la-madre-diseno-flores-blancas-y-negras-tote-bag-regalo-pefecto-mum-i-love-you\/","title":{"rendered":"Bossa de tela rgano dia de la mare. Disseny flors blanques i negres. Tot bag regal perfecte. Mum, I love you."},"content":{"rendered":"<p>Celebra l&#039;amor maternal amb la nostra encantadora Tote Bag Especial Dia de la Mare. Amb un disseny de flors blanques i negres que emanen eleg\u00e0ncia i estil atemporal, aquesta bossa de tela resistent \u00e9s el regal perfecte per expressar el teu amor i gratitud cap a la mare al seu dia especial.<\/p>\n<p>En una de les cares de la bossa, trobar\u00e0s la paraula Mum en lletres elegants, mentre que a l&#039;altra cara, les paraules I Love You et recorden l&#039;afecte incondicional que sents per ella. Aquests detalls personalitzats en lletres de color rosa clar afegeixen un toc de tendresa i afecte, convertint aquesta bossa en un regal amb un significat emocional profund.<\/p>\n<p>Fabricada amb materials d&#039;alta qualitat, aquesta tote bag combina estil i funcionalitat, sent el company perfecte per a la mare en les activitats di\u00e0ries. Ja sigui per anar de compres, fer enc\u00e0rrecs o simplement portar les seves coses amb estil, aquesta borsa ser\u00e0 la seva preferida.<\/p>\n<p>Fes que el Dia de la Mare sigui inoblidable amb la nostra Tote Bag Especial, un regal que la mare atresorar\u00e0 per sempre. Fes la teva comanda avui mateix i demostra quant l&#039;estimes amb aquest detall \u00fanic i significatiu!<br \/>\nBossa de nanses moderna i espaiosa ideal per portar tot el que necessites.<\/p>\n<p>\u2022 100% poli\u00e8ster filat<br \/>\n\u2022 Dimensions: 38,1 x 38,1 cm (15\u2033 x 15\u2033)<br \/>\n\u2022 Capacitat: 10 L (2,6 US gal)<br \/>\n\u2022 L\u00edmit m\u00e0xim de pes: 20 kg (44 lbs)<br \/>\n\u2022 Nansa doble de 100% cot\u00f3 natural bull denim<br \/>\n\u2022 Llarg de la nansa: 30 cm (11,8\u2033), ample 2,5cm (1\u2033)<br \/>\n\u2022 Les nanses poden variar lleugerament segons el centre on es processin<br \/>\n\u2022 Producte base procedent de la Xina<\/p>","protected":false},"excerpt":{"rendered":"<p>Celebra el amor maternal con nuestra encantadora Tote Bag Especial D\u00eda de la Madre. Con un dise\u00f1o de flores blancas y negras que emanan elegancia y estilo atemporal, esta bolsa&#8230;<\/p>","protected":false},"featured_media":4920,"comment_status":"open","ping_status":"closed","template":"","meta":{"jetpack_post_was_ever_published":false,"jetpack_publicize_message":"","jetpack_publicize_feature_enabled":true,"jetpack_social_post_already_shared":true,"jetpack_social_options":{"image_generator_settings":{"template":"highway","enabled":false},"version":2}},"product_cat":[54,56],"product_tag":[],"class_list":{"0":"post-4916","1":"product","2":"type-product","3":"status-publish","4":"has-post-thumbnail","6":"product_cat-lifestyle","7":"product_cat-bolsas","9":"first","10":"instock","11":"featured","12":"taxable","13":"shipping-taxable","14":"purchasable","15":"product-type-variable"},"jetpack_publicize_connections":[],"aioseo_notices":[],"jetpack_sharing_enabled":true,"_links":{"self":[{"href":"https:\/\/www.dharanastyle.com\/ca\/wp-json\/wp\/v2\/product\/4916","targetHints":{"allow":["GET"]}}],"collection":[{"href":"https:\/\/www.dharanastyle.com\/ca\/wp-json\/wp\/v2\/product"}],"about":[{"href":"https:\/\/www.dharanastyle.com\/ca\/wp-json\/wp\/v2\/types\/product"}],"replies":[{"embeddable":true,"href":"https:\/\/www.dharanastyle.com\/ca\/wp-json\/wp\/v2\/comments?post=4916"}],"wp:featuredmedia":[{"embeddable":true,"href":"https:\/\/www.dharanastyle.com\/ca\/wp-json\/wp\/v2\/media\/4920"}],"wp:attachment":[{"href":"https:\/\/www.dharanastyle.com\/ca\/wp-json\/wp\/v2\/media?parent=4916"}],"wp:term":[{"taxonomy":"product_cat","embeddable":true,"href":"https:\/\/www.dharanastyle.com\/ca\/wp-json\/wp\/v2\/product_cat?post=4916"},{"taxonomy":"product_tag","embeddable":true,"href":"https:\/\/www.dharanastyle.com\/ca\/wp-json\/wp\/v2\/product_tag?post=4916"}],"curies":[{"name":"wp","href":"https:\/\/api.w.org\/{rel}","templated":true}]}}