{"id":4795,"date":"2024-04-01T11:59:16","date_gmt":"2024-04-01T09:59:16","guid":{"rendered":"https:\/\/dharanastyle.com\/tienda\/sin%20categor\u00eda\/bolsa-de-tela-mosaico-zig-zag-negro-elegante-tote-bag-de-tela-resistente\/"},"modified":"2024-04-01T12:01:00","modified_gmt":"2024-04-01T10:01:00","slug":"bolsa-de-tela-mosaico-zig-zag-negro-elegante-tote-bag-de-tela-resistente","status":"publish","type":"product","link":"https:\/\/www.dharanastyle.com\/ca\/tienda\/lifestyle\/bolsas\/bolsa-de-tela-mosaico-zig-zag-negro-elegante-tote-bag-de-tela-resistente\/","title":{"rendered":"Bossa de tela mosaic ziga zaga negre elegant. Tot bag de tela resistent."},"content":{"rendered":"<p>Afegeix un toc d&#039;eleg\u00e0ncia i estil al teu conjunt amb la nostra Bossa Tote de Tela Resistent, amb un Patr\u00f3 de Zigzag en Negre i Gris! Aquesta bossa \u00e9s l&#039;elecci\u00f3 perfecta per als que cerquen un disseny modern i sofisticat que complementi el seu estil \u00fanic.<\/p>\n<p>Fabricada amb tela resistent d&#039;alta qualitat, la nostra Bossa Tote t&#039;ofereix la durabilitat i funcionalitat que necessites al teu dia a dia. El patr\u00f3 de ziga-zaga en negre i gris crea un contrast subtil i elegant, afegint un toc de dinamisme i sofisticaci\u00f3 al teu look.<\/p>\n<p>Amb un ampli espai interior i butxaques addicionals per a m\u00e9s organitzaci\u00f3, aquesta bossa \u00e9s ideal per portar els teus articles essencials de forma c\u00f2moda i segura. A m\u00e9s, les nanses resistents et permeten portar-la amb facilitat i comoditat en totes les teves aventures.<\/p>\n<p>Fes una declaraci\u00f3 de moda refinada amb la nostra Borsa Tote de Patr\u00f3 de Zigzag en Negre i Gris, i porta amb tu l&#039;estil i l&#039;eleg\u00e0ncia all\u00e0 on vagis. No us perdeu aquesta oportunitat de destacar amb un disseny \u00fanic i sofisticat!<\/p>\n<p>Bossa de nanses moderna i espaiosa ideal per portar tot el que necessites.<\/p>\n<p>\u2022 100% poli\u00e8ster filat<br \/>\n\u2022 Dimensions: 38,1 x 38,1 cm (15\u2033 x 15\u2033)<br \/>\n\u2022 Capacitat: 10 L (2,6 US gal)<br \/>\n\u2022 L\u00edmit m\u00e0xim de pes: 20 kg (44 lbs)<br \/>\n\u2022 Nansa doble de 100% cot\u00f3 natural bull denim<br \/>\n\u2022 Llarg de la nansa: 30 cm (11,8\u2033), ample 2,5cm (1\u2033)<br \/>\n\u2022 Les nanses poden variar lleugerament segons el centre on es processin<br \/>\n\u2022 Producte base procedent de la Xina<\/p>","protected":false},"excerpt":{"rendered":"<p>\u00a1A\u00f1ade un toque de elegancia y estilo a tu conjunto con nuestra Bolsa Tote de Tela Resistente, con un Patr\u00f3n de Zigzag en Negro y Gris! Esta bolsa es la&#8230;<\/p>","protected":false},"featured_media":4799,"comment_status":"open","ping_status":"closed","template":"","meta":{"jetpack_post_was_ever_published":false,"jetpack_publicize_message":"","jetpack_publicize_feature_enabled":true,"jetpack_social_post_already_shared":true,"jetpack_social_options":{"image_generator_settings":{"template":"highway","enabled":false},"version":2}},"product_cat":[54,56],"product_tag":[],"class_list":{"0":"post-4795","1":"product","2":"type-product","3":"status-publish","4":"has-post-thumbnail","6":"product_cat-lifestyle","7":"product_cat-bolsas","9":"first","10":"instock","11":"taxable","12":"shipping-taxable","13":"purchasable","14":"product-type-variable"},"jetpack_publicize_connections":[],"aioseo_notices":[],"jetpack_sharing_enabled":true,"_links":{"self":[{"href":"https:\/\/www.dharanastyle.com\/ca\/wp-json\/wp\/v2\/product\/4795","targetHints":{"allow":["GET"]}}],"collection":[{"href":"https:\/\/www.dharanastyle.com\/ca\/wp-json\/wp\/v2\/product"}],"about":[{"href":"https:\/\/www.dharanastyle.com\/ca\/wp-json\/wp\/v2\/types\/product"}],"replies":[{"embeddable":true,"href":"https:\/\/www.dharanastyle.com\/ca\/wp-json\/wp\/v2\/comments?post=4795"}],"wp:featuredmedia":[{"embeddable":true,"href":"https:\/\/www.dharanastyle.com\/ca\/wp-json\/wp\/v2\/media\/4799"}],"wp:attachment":[{"href":"https:\/\/www.dharanastyle.com\/ca\/wp-json\/wp\/v2\/media?parent=4795"}],"wp:term":[{"taxonomy":"product_cat","embeddable":true,"href":"https:\/\/www.dharanastyle.com\/ca\/wp-json\/wp\/v2\/product_cat?post=4795"},{"taxonomy":"product_tag","embeddable":true,"href":"https:\/\/www.dharanastyle.com\/ca\/wp-json\/wp\/v2\/product_tag?post=4795"}],"curies":[{"name":"wp","href":"https:\/\/api.w.org\/{rel}","templated":true}]}}