{"id":4761,"date":"2024-04-01T11:46:53","date_gmt":"2024-04-01T09:46:53","guid":{"rendered":"https:\/\/dharanastyle.com\/tienda\/sin%20categor\u00eda\/bolsa-de-tela-mosaico-hexagono-verde-tote-bag-de-tela-resistente\/"},"modified":"2024-04-01T11:48:31","modified_gmt":"2024-04-01T09:48:31","slug":"bolsa-de-tela-mosaico-hexagono-verde-tote-bag-de-tela-resistente","status":"publish","type":"product","link":"https:\/\/www.dharanastyle.com\/ca\/tienda\/lifestyle\/bolsas\/bolsa-de-tela-mosaico-hexagono-verde-tote-bag-de-tela-resistente\/","title":{"rendered":"Bossa de tela mosaic hex\u00e0gon verd. Tot bag de tela resistent"},"content":{"rendered":"<p>Enlluerna amb estil i originalitat amb la nostra Bossa Tote de Tela Resistent, amb un Patr\u00f3 d&#039;Hex\u00e0gons Negres sobre un Fons Taronja! Aquesta bossa \u00e9s l&#039;elecci\u00f3 perfecta per als que busquen un disseny modern i vist\u00f3s que complementi el seu estil \u00fanic.<\/p>\n<p>Fabricada amb tela resistent d&#039;alta qualitat, la nostra Bossa Tote t&#039;ofereix la durabilitat i funcionalitat que necessites al teu dia a dia. El patr\u00f3 d&#039;hex\u00e0gons negres sobre un fons taronja crea un contrast vibrant i visualment impactant, afegint-hi un toc de dinamisme i energia al teu look.<\/p>\n<p>Amb un ampli espai interior i butxaques addicionals per a m\u00e9s organitzaci\u00f3, aquesta bossa \u00e9s ideal per portar els teus articles essencials de forma c\u00f2moda i segura. A m\u00e9s, les nanses resistents et permeten portar-la amb facilitat i comoditat en totes les teves aventures.<\/p>\n<p>Fes una declaraci\u00f3 de moda auda\u00e7 amb la nostra Borsa Tote de Patr\u00f3 d&#039;Hex\u00e0gons Negres sobre Fons Taronja, i porta amb tu l&#039;estil i l&#039;originalitat all\u00e0 on vagis. No us perdeu aquesta oportunitat de destacar amb un disseny \u00fanic i cridaner!<br \/>\nBossa de nanses moderna i espaiosa ideal per portar tot el que necessites.<\/p>\n<p>\u2022 100% poli\u00e8ster filat<br \/>\n\u2022 Dimensions: 38,1 x 38,1 cm (15\u2033 x 15\u2033)<br \/>\n\u2022 Capacitat: 10 L (2,6 US gal)<br \/>\n\u2022 L\u00edmit m\u00e0xim de pes: 20 kg (44 lbs)<br \/>\n\u2022 Nansa doble de 100% cot\u00f3 natural bull denim<br \/>\n\u2022 Llarg de la nansa: 30 cm (11,8\u2033), ample 2,5cm (1\u2033)<br \/>\n\u2022 Les nanses poden variar lleugerament segons el centre on es processin<br \/>\n\u2022 Producte base procedent de la Xina<\/p>","protected":false},"excerpt":{"rendered":"<p>\u00a1Deslumbra con estilo y originalidad con nuestra Bolsa Tote de Tela Resistente, con un Patr\u00f3n de Hex\u00e1gonos Negros sobre un Fondo Naranja! Esta bolsa es la elecci\u00f3n perfecta para quienes&#8230;<\/p>","protected":false},"featured_media":4765,"comment_status":"open","ping_status":"closed","template":"","meta":{"jetpack_post_was_ever_published":false,"jetpack_publicize_message":"","jetpack_publicize_feature_enabled":true,"jetpack_social_post_already_shared":true,"jetpack_social_options":{"image_generator_settings":{"template":"highway","enabled":false},"version":2}},"product_cat":[54,56],"product_tag":[],"class_list":{"0":"post-4761","1":"product","2":"type-product","3":"status-publish","4":"has-post-thumbnail","6":"product_cat-lifestyle","7":"product_cat-bolsas","9":"first","10":"instock","11":"taxable","12":"shipping-taxable","13":"purchasable","14":"product-type-variable"},"jetpack_publicize_connections":[],"aioseo_notices":[],"jetpack_sharing_enabled":true,"_links":{"self":[{"href":"https:\/\/www.dharanastyle.com\/ca\/wp-json\/wp\/v2\/product\/4761","targetHints":{"allow":["GET"]}}],"collection":[{"href":"https:\/\/www.dharanastyle.com\/ca\/wp-json\/wp\/v2\/product"}],"about":[{"href":"https:\/\/www.dharanastyle.com\/ca\/wp-json\/wp\/v2\/types\/product"}],"replies":[{"embeddable":true,"href":"https:\/\/www.dharanastyle.com\/ca\/wp-json\/wp\/v2\/comments?post=4761"}],"wp:featuredmedia":[{"embeddable":true,"href":"https:\/\/www.dharanastyle.com\/ca\/wp-json\/wp\/v2\/media\/4765"}],"wp:attachment":[{"href":"https:\/\/www.dharanastyle.com\/ca\/wp-json\/wp\/v2\/media?parent=4761"}],"wp:term":[{"taxonomy":"product_cat","embeddable":true,"href":"https:\/\/www.dharanastyle.com\/ca\/wp-json\/wp\/v2\/product_cat?post=4761"},{"taxonomy":"product_tag","embeddable":true,"href":"https:\/\/www.dharanastyle.com\/ca\/wp-json\/wp\/v2\/product_tag?post=4761"}],"curies":[{"name":"wp","href":"https:\/\/api.w.org\/{rel}","templated":true}]}}